   {"id":696,"date":"2025-01-27T12:56:09","date_gmt":"2025-01-27T12:56:09","guid":{"rendered":"https:\/\/www.aironebiancoresidencevillage.com\/territorio\/ravenna\/"},"modified":"2025-03-14T08:40:02","modified_gmt":"2025-03-14T08:40:02","slug":"ravenne","status":"publish","type":"page","link":"https:\/\/www.aironebiancoresidencevillage.com\/fr\/territoire\/ravenne\/","title":{"rendered":"Ravenne"},"content":{"rendered":"<p><strong>Ravenne<\/strong> est une ville historique situ\u00e9e dans la r\u00e9gion de l\u2019\u00c9milie-Romagne, c\u00e9l\u00e8bre pour son extraordinaire patrimoine artistique et culturel, qui en fait l\u2019une des destinations les plus fascinantes d\u2019Italie. La ville est connue principalement pour ses mosa\u00efques byzantines, patrimoine mondial de l\u2019UNESCO, mais aussi pour son histoire ancienne et son r\u00f4le de capitale dans diverses p\u00e9riodes historiques, dont le royaume ostrogoth et l\u2019empire byzantin.<\/p>\n<p>Ravenne est aussi un important centre \u00e9conomique, gr\u00e2ce \u00e0 son port commercial et sa position strat\u00e9gique. La ville conserve des traditions artisanales telles que la production de mosa\u00efques, qui sont encore r\u00e9alis\u00e9es avec les techniques traditionnelles. La gastronomie ravennate, bas\u00e9e sur des plats de poisson, fruits de mer et produits typiques du territoire, est un autre aspect qui rend la ville encore plus int\u00e9ressante.<\/p>\n","protected":false},"excerpt":{"rendered":"<p>Ravenne est une ville historique situ\u00e9e dans la r\u00e9gion de l\u2019\u00c9milie-Romagne, c\u00e9l\u00e8bre pour son extraordinaire patrimoine artistique et culturel, qui en fait l\u2019une des destinations les plus fascinantes d\u2019Italie. La ville est connue principalement pour ses mosa\u00efques byzantines, patrimoine mondial de l\u2019UNESCO, mais aussi pour son histoire ancienne et son r\u00f4le de capitale dans diverses [&hellip;]<\/p>\n","protected":false},"author":13,"featured_media":0,"parent":694,"menu_order":10,"comment_status":"closed","ping_status":"closed","template":"template-territory-single.php","meta":{"footnotes":""},"class_list":["post-696","page","type-page","status-publish","hentry"],"yoast_head":"<!-- This site is optimized with the Yoast SEO plugin v27.3 - https:\/\/yoast.com\/product\/yoast-seo-wordpress\/ -->\n<title>Ravenne - Airone Bianco Residence Village -<\/title>\n<meta name=\"description\" content=\"Ravenne est une ville historique situ\u00e9e dans la r\u00e9gion de l\u2019\u00c9milie-Romagne, c\u00e9l\u00e8bre pour son extraordinaire patrimoine artistique et culturel, qui en fait l\u2019une des destinations les plus fascinantes d\u2019Italie. La ville est connue principalement pour ses mosa\u00efques byzantines, patrimoine mondial de l\u2019UNESCO, mais aussi pour son histoire ancienne et son r\u00f4le de capitale dans diverses p\u00e9riodes historiques, dont le royaume ostrogoth et l\u2019empire byzantin.  Ravenne est aussi un important centre \u00e9conomique, gr\u00e2ce \u00e0 son port commercial et sa position strat\u00e9gique\" \/>\n<meta name=\"robots\" content=\"index, follow, max-snippet:-1, max-image-preview:large, max-video-preview:-1\" \/>\n<link rel=\"canonical\" href=\"https:\/\/www.aironebiancoresidencevillage.com\/fr\/territoire\/ravenne\/\" \/>\n<meta property=\"og:locale\" content=\"fr_FR\" \/>\n<meta property=\"og:type\" content=\"article\" \/>\n<meta property=\"og:title\" content=\"Ravenne - Airone Bianco Residence Village -\" \/>\n<meta property=\"og:description\" content=\"Ravenne est une ville historique situ\u00e9e dans la r\u00e9gion de l\u2019\u00c9milie-Romagne, c\u00e9l\u00e8bre pour son extraordinaire patrimoine artistique et culturel, qui en fait l\u2019une des destinations les plus fascinantes d\u2019Italie. La ville est connue principalement pour ses mosa\u00efques byzantines, patrimoine mondial de l\u2019UNESCO, mais aussi pour son histoire ancienne et son r\u00f4le de capitale dans diverses p\u00e9riodes historiques, dont le royaume ostrogoth et l\u2019empire byzantin.  Ravenne est aussi un important centre \u00e9conomique, gr\u00e2ce \u00e0 son port commercial et sa position strat\u00e9gique\" \/>\n<meta property=\"og:url\" content=\"https:\/\/www.aironebiancoresidencevillage.com\/fr\/territoire\/ravenne\/\" \/>\n<meta property=\"og:site_name\" content=\"Airone Bianco Residence Village\" \/>\n<meta property=\"article:publisher\" content=\"https:\/\/www.facebook.com\/tomasitourism\/\" \/>\n<meta property=\"article:modified_time\" content=\"2025-03-14T08:40:02+00:00\" \/>\n<meta property=\"og:image\" content=\"https:\/\/www.aironebiancoresidencevillage.com\/wp-content\/uploads\/sites\/201\/2025\/01\/airone_bianco_home_slide_01.jpg\" \/>\n\t<meta property=\"og:image:width\" content=\"2200\" \/>\n\t<meta property=\"og:image:height\" content=\"1200\" \/>\n\t<meta property=\"og:image:type\" content=\"image\/jpeg\" \/>\n<meta name=\"twitter:card\" content=\"summary_large_image\" \/>\n<meta name=\"twitter:label1\" content=\"Dur\u00e9e de lecture estim\u00e9e\" \/>\n\t<meta name=\"twitter:data1\" content=\"1 minute\" \/>\n<script type=\"application\/ld+json\" class=\"yoast-schema-graph\">{\"@context\":\"https:\\\/\\\/schema.org\",\"@graph\":[{\"@type\":\"WebPage\",\"@id\":\"https:\\\/\\\/www.aironebiancoresidencevillage.com\\\/fr\\\/territoire\\\/ravenne\\\/\",\"url\":\"https:\\\/\\\/www.aironebiancoresidencevillage.com\\\/fr\\\/territoire\\\/ravenne\\\/\",\"name\":\"Ravenne - Airone Bianco Residence Village -\",\"isPartOf\":{\"@id\":\"https:\\\/\\\/www.aironebiancoresidencevillage.com\\\/fr\\\/#website\"},\"datePublished\":\"2025-01-27T12:56:09+00:00\",\"dateModified\":\"2025-03-14T08:40:02+00:00\",\"description\":\"Ravenne est une ville historique situ\u00e9e dans la r\u00e9gion de l\u2019\u00c9milie-Romagne, c\u00e9l\u00e8bre pour son extraordinaire patrimoine artistique et culturel, qui en fait l\u2019une des destinations les plus fascinantes d\u2019Italie. La ville est connue principalement pour ses mosa\u00efques byzantines, patrimoine mondial de l\u2019UNESCO, mais aussi pour son histoire ancienne et son r\u00f4le de capitale dans diverses p\u00e9riodes historiques, dont le royaume ostrogoth et l\u2019empire byzantin. Ravenne est aussi un important centre \u00e9conomique, gr\u00e2ce \u00e0 son port commercial et sa position strat\u00e9gique\",\"breadcrumb\":{\"@id\":\"https:\\\/\\\/www.aironebiancoresidencevillage.com\\\/fr\\\/territoire\\\/ravenne\\\/#breadcrumb\"},\"inLanguage\":\"fr-FR\",\"potentialAction\":[{\"@type\":\"ReadAction\",\"target\":[\"https:\\\/\\\/www.aironebiancoresidencevillage.com\\\/fr\\\/territoire\\\/ravenne\\\/\"]}]},{\"@type\":\"BreadcrumbList\",\"@id\":\"https:\\\/\\\/www.aironebiancoresidencevillage.com\\\/fr\\\/territoire\\\/ravenne\\\/#breadcrumb\",\"itemListElement\":[{\"@type\":\"ListItem\",\"position\":1,\"name\":\"Home\",\"item\":\"https:\\\/\\\/www.aironebiancoresidencevillage.com\\\/fr\\\/airone-bianco-residence-village\\\/\"},{\"@type\":\"ListItem\",\"position\":2,\"name\":\"Territoire\",\"item\":\"https:\\\/\\\/www.aironebiancoresidencevillage.com\\\/fr\\\/territorio\\\/\"},{\"@type\":\"ListItem\",\"position\":3,\"name\":\"Ravenne\"}]},{\"@type\":\"WebSite\",\"@id\":\"https:\\\/\\\/www.aironebiancoresidencevillage.com\\\/fr\\\/#website\",\"url\":\"https:\\\/\\\/www.aironebiancoresidencevillage.com\\\/fr\\\/\",\"name\":\"Airone Bianco Residence Village\",\"description\":\"\",\"potentialAction\":[{\"@type\":\"SearchAction\",\"target\":{\"@type\":\"EntryPoint\",\"urlTemplate\":\"https:\\\/\\\/www.aironebiancoresidencevillage.com\\\/fr\\\/?s={search_term_string}\"},\"query-input\":{\"@type\":\"PropertyValueSpecification\",\"valueRequired\":true,\"valueName\":\"search_term_string\"}}],\"inLanguage\":\"fr-FR\"}]}<\/script>\n<!-- \/ Yoast SEO plugin. -->","yoast_head_json":{"title":"Ravenne - Airone Bianco Residence Village -","description":"Ravenne est une ville historique situ\u00e9e dans la r\u00e9gion de l\u2019\u00c9milie-Romagne, c\u00e9l\u00e8bre pour son extraordinaire patrimoine artistique et culturel, qui en fait l\u2019une des destinations les plus fascinantes d\u2019Italie. La ville est connue principalement pour ses mosa\u00efques byzantines, patrimoine mondial de l\u2019UNESCO, mais aussi pour son histoire ancienne et son r\u00f4le de capitale dans diverses p\u00e9riodes historiques, dont le royaume ostrogoth et l\u2019empire byzantin.  Ravenne est aussi un important centre \u00e9conomique, gr\u00e2ce \u00e0 son port commercial et sa position strat\u00e9gique","robots":{"index":"index","follow":"follow","max-snippet":"max-snippet:-1","max-image-preview":"max-image-preview:large","max-video-preview":"max-video-preview:-1"},"canonical":"https:\/\/www.aironebiancoresidencevillage.com\/fr\/territoire\/ravenne\/","og_locale":"fr_FR","og_type":"article","og_title":"Ravenne - Airone Bianco Residence Village -","og_description":"Ravenne est une ville historique situ\u00e9e dans la r\u00e9gion de l\u2019\u00c9milie-Romagne, c\u00e9l\u00e8bre pour son extraordinaire patrimoine artistique et culturel, qui en fait l\u2019une des destinations les plus fascinantes d\u2019Italie. La ville est connue principalement pour ses mosa\u00efques byzantines, patrimoine mondial de l\u2019UNESCO, mais aussi pour son histoire ancienne et son r\u00f4le de capitale dans diverses p\u00e9riodes historiques, dont le royaume ostrogoth et l\u2019empire byzantin.  Ravenne est aussi un important centre \u00e9conomique, gr\u00e2ce \u00e0 son port commercial et sa position strat\u00e9gique","og_url":"https:\/\/www.aironebiancoresidencevillage.com\/fr\/territoire\/ravenne\/","og_site_name":"Airone Bianco Residence Village","article_publisher":"https:\/\/www.facebook.com\/tomasitourism\/","article_modified_time":"2025-03-14T08:40:02+00:00","og_image":[{"width":2200,"height":1200,"url":"https:\/\/www.aironebiancoresidencevillage.com\/wp-content\/uploads\/sites\/201\/2025\/01\/airone_bianco_home_slide_01.jpg","type":"image\/jpeg"}],"twitter_card":"summary_large_image","twitter_misc":{"Dur\u00e9e de lecture estim\u00e9e":"1 minute"},"schema":{"@context":"https:\/\/schema.org","@graph":[{"@type":"WebPage","@id":"https:\/\/www.aironebiancoresidencevillage.com\/fr\/territoire\/ravenne\/","url":"https:\/\/www.aironebiancoresidencevillage.com\/fr\/territoire\/ravenne\/","name":"Ravenne - Airone Bianco Residence Village -","isPartOf":{"@id":"https:\/\/www.aironebiancoresidencevillage.com\/fr\/#website"},"datePublished":"2025-01-27T12:56:09+00:00","dateModified":"2025-03-14T08:40:02+00:00","description":"Ravenne est une ville historique situ\u00e9e dans la r\u00e9gion de l\u2019\u00c9milie-Romagne, c\u00e9l\u00e8bre pour son extraordinaire patrimoine artistique et culturel, qui en fait l\u2019une des destinations les plus fascinantes d\u2019Italie. La ville est connue principalement pour ses mosa\u00efques byzantines, patrimoine mondial de l\u2019UNESCO, mais aussi pour son histoire ancienne et son r\u00f4le de capitale dans diverses p\u00e9riodes historiques, dont le royaume ostrogoth et l\u2019empire byzantin. Ravenne est aussi un important centre \u00e9conomique, gr\u00e2ce \u00e0 son port commercial et sa position strat\u00e9gique","breadcrumb":{"@id":"https:\/\/www.aironebiancoresidencevillage.com\/fr\/territoire\/ravenne\/#breadcrumb"},"inLanguage":"fr-FR","potentialAction":[{"@type":"ReadAction","target":["https:\/\/www.aironebiancoresidencevillage.com\/fr\/territoire\/ravenne\/"]}]},{"@type":"BreadcrumbList","@id":"https:\/\/www.aironebiancoresidencevillage.com\/fr\/territoire\/ravenne\/#breadcrumb","itemListElement":[{"@type":"ListItem","position":1,"name":"Home","item":"https:\/\/www.aironebiancoresidencevillage.com\/fr\/airone-bianco-residence-village\/"},{"@type":"ListItem","position":2,"name":"Territoire","item":"https:\/\/www.aironebiancoresidencevillage.com\/fr\/territorio\/"},{"@type":"ListItem","position":3,"name":"Ravenne"}]},{"@type":"WebSite","@id":"https:\/\/www.aironebiancoresidencevillage.com\/fr\/#website","url":"https:\/\/www.aironebiancoresidencevillage.com\/fr\/","name":"Airone Bianco Residence Village","description":"","potentialAction":[{"@type":"SearchAction","target":{"@type":"EntryPoint","urlTemplate":"https:\/\/www.aironebiancoresidencevillage.com\/fr\/?s={search_term_string}"},"query-input":{"@type":"PropertyValueSpecification","valueRequired":true,"valueName":"search_term_string"}}],"inLanguage":"fr-FR"}]}},"acf":[],"_links":{"self":[{"href":"https:\/\/www.aironebiancoresidencevillage.com\/fr\/wp-json\/wp\/v2\/pages\/696","targetHints":{"allow":["GET"]}}],"collection":[{"href":"https:\/\/www.aironebiancoresidencevillage.com\/fr\/wp-json\/wp\/v2\/pages"}],"about":[{"href":"https:\/\/www.aironebiancoresidencevillage.com\/fr\/wp-json\/wp\/v2\/types\/page"}],"author":[{"embeddable":true,"href":"https:\/\/www.aironebiancoresidencevillage.com\/fr\/wp-json\/wp\/v2\/users\/13"}],"replies":[{"embeddable":true,"href":"https:\/\/www.aironebiancoresidencevillage.com\/fr\/wp-json\/wp\/v2\/comments?post=696"}],"version-history":[{"count":0,"href":"https:\/\/www.aironebiancoresidencevillage.com\/fr\/wp-json\/wp\/v2\/pages\/696\/revisions"}],"up":[{"embeddable":true,"href":"https:\/\/www.aironebiancoresidencevillage.com\/fr\/wp-json\/wp\/v2\/pages\/694"}],"wp:attachment":[{"href":"https:\/\/www.aironebiancoresidencevillage.com\/fr\/wp-json\/wp\/v2\/media?parent=696"}],"curies":[{"name":"wp","href":"https:\/\/api.w.org\/{rel}","templated":true}]}}