   {"id":689,"date":"2025-01-23T16:12:51","date_gmt":"2025-01-23T16:12:51","guid":{"rendered":"https:\/\/www.aironebiancoresidencevillage.com\/servizi\/piscine\/"},"modified":"2025-03-13T16:42:40","modified_gmt":"2025-03-13T16:42:40","slug":"piscines","status":"publish","type":"page","link":"https:\/\/www.aironebiancoresidencevillage.com\/fr\/services\/piscines\/","title":{"rendered":"Piscines"},"content":{"rendered":"<p>Les piscines de l&rsquo;Airone Bianco Residence Village au Lido delle Nazioni sont l&rsquo;une des principales installations du village, con\u00e7ues pour offrir plaisir et d\u00e9tente \u00e0 tous ses h\u00f4tes, adultes et enfants : il y a une piscine d&rsquo;eau peu profonde pour les enfants et une piscine de bien-\u00eatre con\u00e7ue pour les adultes.<\/p>\n<p>Un solarium entoure la piscine, avec des chaises longues et des parasols \u00e0 disposition des clients, ainsi qu&rsquo;un service de bar pr\u00eat \u00e0 vous r\u00e9galer avec des snacks et des cocktails savoureux.<\/p>\n<p>L&rsquo;\u00e9quipe d&rsquo;animation organise \u00e9galement des activit\u00e9s telles que l&rsquo;aquagym et des jeux d&rsquo;eau pour le plaisir de toute la famille.<br \/>\nLes piscines de l&rsquo;Airone Bianco Residence Village sont un lieu id\u00e9al pour passer des heures de d\u00e9tente, d&rsquo;amusement et de bien-\u00eatre, gr\u00e2ce \u00e0 la qualit\u00e9 des espaces et \u00e0 la beaut\u00e9 de l&rsquo;environnement.<\/p>\n","protected":false},"excerpt":{"rendered":"<p>Les piscines de l&rsquo;Airone Bianco Residence Village au Lido delle Nazioni sont l&rsquo;une des principales installations du village, con\u00e7ues pour offrir plaisir et d\u00e9tente \u00e0 tous ses h\u00f4tes, adultes et enfants : il y a une piscine d&rsquo;eau peu profonde pour les enfants et une piscine de bien-\u00eatre con\u00e7ue pour les adultes. Un solarium entoure [&hellip;]<\/p>\n","protected":false},"author":13,"featured_media":0,"parent":688,"menu_order":5,"comment_status":"closed","ping_status":"closed","template":"","meta":{"footnotes":""},"yoast_head":"<!-- This site is optimized with the Yoast SEO plugin v22.3 - https:\/\/yoast.com\/wordpress\/plugins\/seo\/ -->\n<title>Piscines - Airone Bianco Residence Village -<\/title>\n<meta name=\"description\" content=\"Les piscines de l&#039;Airone Bianco Residence Village au Lido delle Nazioni sont l&#039;une des principales installations du village, con\u00e7ues pour offrir plaisir et d\u00e9tente \u00e0 tous ses h\u00f4tes, adultes et enfants : il y a une piscine d&#039;eau peu profonde pour les enfants et une piscine de bien-\u00eatre con\u00e7ue pour les adultes.  Un solarium entoure la piscine, avec des chaises longues et des parasols \u00e0 disposition des clients, ainsi qu&#039;un service de bar pr\u00eat \u00e0 vous r\u00e9galer avec des snacks et des cocktails savoureux.  L&#039;\u00e9quipe d&#039;animation organise \u00e9galement des activit\u00e9s telles que l&#039;aquagym et des jeux d&#039;eau pour le plaisir de toute la famille. Les piscines de l&#039;Airone Bianco Residence Village sont un lieu id\u00e9al pour passer des heures de d\u00e9tente, d&#039;amusement et de bien-\u00eatre, gr\u00e2ce \u00e0 la qualit\u00e9 des espaces et \u00e0 la beaut\u00e9 de l&#039;environnement..\" \/>\n<meta name=\"robots\" content=\"index, follow, max-snippet:-1, max-image-preview:large, max-video-preview:-1\" \/>\n<link rel=\"canonical\" href=\"https:\/\/www.aironebiancoresidencevillage.com\/fr\/services\/piscines\/\" \/>\n<meta property=\"og:locale\" content=\"fr_FR\" \/>\n<meta property=\"og:type\" content=\"article\" \/>\n<meta property=\"og:title\" content=\"Piscines - Airone Bianco Residence Village -\" \/>\n<meta property=\"og:description\" content=\"Les piscines de l&#039;Airone Bianco Residence Village au Lido delle Nazioni sont l&#039;une des principales installations du village, con\u00e7ues pour offrir plaisir et d\u00e9tente \u00e0 tous ses h\u00f4tes, adultes et enfants : il y a une piscine d&#039;eau peu profonde pour les enfants et une piscine de bien-\u00eatre con\u00e7ue pour les adultes.  Un solarium entoure la piscine, avec des chaises longues et des parasols \u00e0 disposition des clients, ainsi qu&#039;un service de bar pr\u00eat \u00e0 vous r\u00e9galer avec des snacks et des cocktails savoureux.  L&#039;\u00e9quipe d&#039;animation organise \u00e9galement des activit\u00e9s telles que l&#039;aquagym et des jeux d&#039;eau pour le plaisir de toute la famille. Les piscines de l&#039;Airone Bianco Residence Village sont un lieu id\u00e9al pour passer des heures de d\u00e9tente, d&#039;amusement et de bien-\u00eatre, gr\u00e2ce \u00e0 la qualit\u00e9 des espaces et \u00e0 la beaut\u00e9 de l&#039;environnement..\" \/>\n<meta property=\"og:url\" content=\"https:\/\/www.aironebiancoresidencevillage.com\/fr\/services\/piscines\/\" \/>\n<meta property=\"og:site_name\" content=\"Airone Bianco Residence Village\" \/>\n<meta property=\"article:publisher\" content=\"https:\/\/www.facebook.com\/tomasitourism\/\" \/>\n<meta property=\"article:modified_time\" content=\"2025-03-13T16:42:40+00:00\" \/>\n<meta property=\"og:image\" content=\"https:\/\/www.aironebiancoresidencevillage.com\/wp-content\/uploads\/sites\/201\/2025\/01\/airone_bianco_home_slide_01.jpg\" \/>\n\t<meta property=\"og:image:width\" content=\"2200\" \/>\n\t<meta property=\"og:image:height\" content=\"1200\" \/>\n\t<meta property=\"og:image:type\" content=\"image\/jpeg\" \/>\n<meta name=\"twitter:card\" content=\"summary_large_image\" \/>\n<meta name=\"twitter:label1\" content=\"Dur\u00e9e de lecture estim\u00e9e\" \/>\n\t<meta name=\"twitter:data1\" content=\"1 minute\" \/>\n<script type=\"application\/ld+json\" class=\"yoast-schema-graph\">{\"@context\":\"https:\/\/schema.org\",\"@graph\":[{\"@type\":\"WebPage\",\"@id\":\"https:\/\/www.aironebiancoresidencevillage.com\/fr\/services\/piscines\/\",\"url\":\"https:\/\/www.aironebiancoresidencevillage.com\/fr\/services\/piscines\/\",\"name\":\"Piscines - Airone Bianco Residence Village -\",\"isPartOf\":{\"@id\":\"https:\/\/www.aironebiancoresidencevillage.com\/fr\/#website\"},\"datePublished\":\"2025-01-23T16:12:51+00:00\",\"dateModified\":\"2025-03-13T16:42:40+00:00\",\"description\":\"Les piscines de l'Airone Bianco Residence Village au Lido delle Nazioni sont l'une des principales installations du village, con\u00e7ues pour offrir plaisir et d\u00e9tente \u00e0 tous ses h\u00f4tes, adultes et enfants : il y a une piscine d'eau peu profonde pour les enfants et une piscine de bien-\u00eatre con\u00e7ue pour les adultes. Un solarium entoure la piscine, avec des chaises longues et des parasols \u00e0 disposition des clients, ainsi qu'un service de bar pr\u00eat \u00e0 vous r\u00e9galer avec des snacks et des cocktails savoureux. L'\u00e9quipe d'animation organise \u00e9galement des activit\u00e9s telles que l'aquagym et des jeux d'eau pour le plaisir de toute la famille. Les piscines de l'Airone Bianco Residence Village sont un lieu id\u00e9al pour passer des heures de d\u00e9tente, d'amusement et de bien-\u00eatre, gr\u00e2ce \u00e0 la qualit\u00e9 des espaces et \u00e0 la beaut\u00e9 de l'environnement..\",\"breadcrumb\":{\"@id\":\"https:\/\/www.aironebiancoresidencevillage.com\/fr\/services\/piscines\/#breadcrumb\"},\"inLanguage\":\"fr-FR\",\"potentialAction\":[{\"@type\":\"ReadAction\",\"target\":[\"https:\/\/www.aironebiancoresidencevillage.com\/fr\/services\/piscines\/\"]}]},{\"@type\":\"BreadcrumbList\",\"@id\":\"https:\/\/www.aironebiancoresidencevillage.com\/fr\/services\/piscines\/#breadcrumb\",\"itemListElement\":[{\"@type\":\"ListItem\",\"position\":1,\"name\":\"Home\",\"item\":\"https:\/\/www.aironebiancoresidencevillage.com\/fr\/airone-bianco-residence-village\/\"},{\"@type\":\"ListItem\",\"position\":2,\"name\":\"Services\",\"item\":\"https:\/\/www.aironebiancoresidencevillage.com\/fr\/services\/\"},{\"@type\":\"ListItem\",\"position\":3,\"name\":\"Piscines\"}]},{\"@type\":\"WebSite\",\"@id\":\"https:\/\/www.aironebiancoresidencevillage.com\/fr\/#website\",\"url\":\"https:\/\/www.aironebiancoresidencevillage.com\/fr\/\",\"name\":\"Airone Bianco Residence Village\",\"description\":\"\",\"potentialAction\":[{\"@type\":\"SearchAction\",\"target\":{\"@type\":\"EntryPoint\",\"urlTemplate\":\"https:\/\/www.aironebiancoresidencevillage.com\/fr\/?s={search_term_string}\"},\"query-input\":\"required name=search_term_string\"}],\"inLanguage\":\"fr-FR\"}]}<\/script>\n<!-- \/ Yoast SEO plugin. -->","yoast_head_json":{"title":"Piscines - Airone Bianco Residence Village -","description":"Les piscines de l'Airone Bianco Residence Village au Lido delle Nazioni sont l'une des principales installations du village, con\u00e7ues pour offrir plaisir et d\u00e9tente \u00e0 tous ses h\u00f4tes, adultes et enfants : il y a une piscine d'eau peu profonde pour les enfants et une piscine de bien-\u00eatre con\u00e7ue pour les adultes.  Un solarium entoure la piscine, avec des chaises longues et des parasols \u00e0 disposition des clients, ainsi qu'un service de bar pr\u00eat \u00e0 vous r\u00e9galer avec des snacks et des cocktails savoureux.  L'\u00e9quipe d'animation organise \u00e9galement des activit\u00e9s telles que l'aquagym et des jeux d'eau pour le plaisir de toute la famille. Les piscines de l'Airone Bianco Residence Village sont un lieu id\u00e9al pour passer des heures de d\u00e9tente, d'amusement et de bien-\u00eatre, gr\u00e2ce \u00e0 la qualit\u00e9 des espaces et \u00e0 la beaut\u00e9 de l'environnement..","robots":{"index":"index","follow":"follow","max-snippet":"max-snippet:-1","max-image-preview":"max-image-preview:large","max-video-preview":"max-video-preview:-1"},"canonical":"https:\/\/www.aironebiancoresidencevillage.com\/fr\/services\/piscines\/","og_locale":"fr_FR","og_type":"article","og_title":"Piscines - Airone Bianco Residence Village -","og_description":"Les piscines de l'Airone Bianco Residence Village au Lido delle Nazioni sont l'une des principales installations du village, con\u00e7ues pour offrir plaisir et d\u00e9tente \u00e0 tous ses h\u00f4tes, adultes et enfants : il y a une piscine d'eau peu profonde pour les enfants et une piscine de bien-\u00eatre con\u00e7ue pour les adultes.  Un solarium entoure la piscine, avec des chaises longues et des parasols \u00e0 disposition des clients, ainsi qu'un service de bar pr\u00eat \u00e0 vous r\u00e9galer avec des snacks et des cocktails savoureux.  L'\u00e9quipe d'animation organise \u00e9galement des activit\u00e9s telles que l'aquagym et des jeux d'eau pour le plaisir de toute la famille. Les piscines de l'Airone Bianco Residence Village sont un lieu id\u00e9al pour passer des heures de d\u00e9tente, d'amusement et de bien-\u00eatre, gr\u00e2ce \u00e0 la qualit\u00e9 des espaces et \u00e0 la beaut\u00e9 de l'environnement..","og_url":"https:\/\/www.aironebiancoresidencevillage.com\/fr\/services\/piscines\/","og_site_name":"Airone Bianco Residence Village","article_publisher":"https:\/\/www.facebook.com\/tomasitourism\/","article_modified_time":"2025-03-13T16:42:40+00:00","og_image":[{"width":2200,"height":1200,"url":"https:\/\/www.aironebiancoresidencevillage.com\/wp-content\/uploads\/sites\/201\/2025\/01\/airone_bianco_home_slide_01.jpg","type":"image\/jpeg"}],"twitter_card":"summary_large_image","twitter_misc":{"Dur\u00e9e de lecture estim\u00e9e":"1 minute"},"schema":{"@context":"https:\/\/schema.org","@graph":[{"@type":"WebPage","@id":"https:\/\/www.aironebiancoresidencevillage.com\/fr\/services\/piscines\/","url":"https:\/\/www.aironebiancoresidencevillage.com\/fr\/services\/piscines\/","name":"Piscines - Airone Bianco Residence Village -","isPartOf":{"@id":"https:\/\/www.aironebiancoresidencevillage.com\/fr\/#website"},"datePublished":"2025-01-23T16:12:51+00:00","dateModified":"2025-03-13T16:42:40+00:00","description":"Les piscines de l'Airone Bianco Residence Village au Lido delle Nazioni sont l'une des principales installations du village, con\u00e7ues pour offrir plaisir et d\u00e9tente \u00e0 tous ses h\u00f4tes, adultes et enfants : il y a une piscine d'eau peu profonde pour les enfants et une piscine de bien-\u00eatre con\u00e7ue pour les adultes. Un solarium entoure la piscine, avec des chaises longues et des parasols \u00e0 disposition des clients, ainsi qu'un service de bar pr\u00eat \u00e0 vous r\u00e9galer avec des snacks et des cocktails savoureux. L'\u00e9quipe d'animation organise \u00e9galement des activit\u00e9s telles que l'aquagym et des jeux d'eau pour le plaisir de toute la famille. Les piscines de l'Airone Bianco Residence Village sont un lieu id\u00e9al pour passer des heures de d\u00e9tente, d'amusement et de bien-\u00eatre, gr\u00e2ce \u00e0 la qualit\u00e9 des espaces et \u00e0 la beaut\u00e9 de l'environnement..","breadcrumb":{"@id":"https:\/\/www.aironebiancoresidencevillage.com\/fr\/services\/piscines\/#breadcrumb"},"inLanguage":"fr-FR","potentialAction":[{"@type":"ReadAction","target":["https:\/\/www.aironebiancoresidencevillage.com\/fr\/services\/piscines\/"]}]},{"@type":"BreadcrumbList","@id":"https:\/\/www.aironebiancoresidencevillage.com\/fr\/services\/piscines\/#breadcrumb","itemListElement":[{"@type":"ListItem","position":1,"name":"Home","item":"https:\/\/www.aironebiancoresidencevillage.com\/fr\/airone-bianco-residence-village\/"},{"@type":"ListItem","position":2,"name":"Services","item":"https:\/\/www.aironebiancoresidencevillage.com\/fr\/services\/"},{"@type":"ListItem","position":3,"name":"Piscines"}]},{"@type":"WebSite","@id":"https:\/\/www.aironebiancoresidencevillage.com\/fr\/#website","url":"https:\/\/www.aironebiancoresidencevillage.com\/fr\/","name":"Airone Bianco Residence Village","description":"","potentialAction":[{"@type":"SearchAction","target":{"@type":"EntryPoint","urlTemplate":"https:\/\/www.aironebiancoresidencevillage.com\/fr\/?s={search_term_string}"},"query-input":"required name=search_term_string"}],"inLanguage":"fr-FR"}]}},"acf":[],"_links":{"self":[{"href":"https:\/\/www.aironebiancoresidencevillage.com\/fr\/wp-json\/wp\/v2\/pages\/689"}],"collection":[{"href":"https:\/\/www.aironebiancoresidencevillage.com\/fr\/wp-json\/wp\/v2\/pages"}],"about":[{"href":"https:\/\/www.aironebiancoresidencevillage.com\/fr\/wp-json\/wp\/v2\/types\/page"}],"author":[{"embeddable":true,"href":"https:\/\/www.aironebiancoresidencevillage.com\/fr\/wp-json\/wp\/v2\/users\/13"}],"replies":[{"embeddable":true,"href":"https:\/\/www.aironebiancoresidencevillage.com\/fr\/wp-json\/wp\/v2\/comments?post=689"}],"version-history":[{"count":0,"href":"https:\/\/www.aironebiancoresidencevillage.com\/fr\/wp-json\/wp\/v2\/pages\/689\/revisions"}],"up":[{"embeddable":true,"href":"https:\/\/www.aironebiancoresidencevillage.com\/fr\/wp-json\/wp\/v2\/pages\/688"}],"wp:attachment":[{"href":"https:\/\/www.aironebiancoresidencevillage.com\/fr\/wp-json\/wp\/v2\/media?parent=689"}],"curies":[{"name":"wp","href":"https:\/\/api.w.org\/{rel}","templated":true}]}}