   {"id":685,"date":"2025-01-24T16:19:00","date_gmt":"2025-01-24T16:19:00","guid":{"rendered":"https:\/\/www.aironebiancoresidencevillage.com\/la-tua-vacanza\/vacanza-all-inclusive\/"},"modified":"2025-03-13T15:27:52","modified_gmt":"2025-03-13T15:27:52","slug":"vacances-tout-compris","status":"publish","type":"page","link":"https:\/\/www.aironebiancoresidencevillage.com\/fr\/vos-vacances\/vacances-tout-compris\/","title":{"rendered":"Vacances tout compris"},"content":{"rendered":"<p>D\u00e9tendez-vous et profitez de chaque instant avec nos vacances tout compris, con\u00e7ues pour offrir un maximum de confort et de commodit\u00e9.<\/p>\n<p>Profitez au maximum de chaque jour avec pension compl\u00e8te, linge de lit et de bain, m\u00e9nage quotidien, divertissement, parking, acc\u00e8s aux piscines, service de plage et navette, sans vous soucier des frais suppl\u00e9mentaires. Parfait pour ceux qui recherchent une exp\u00e9rience compl\u00e8te, o\u00f9 chaque d\u00e9sir est satisfait et chaque d\u00e9tail est pris en charge.<\/p>\n","protected":false},"excerpt":{"rendered":"<p>D\u00e9tendez-vous et profitez de chaque instant avec nos vacances tout compris, con\u00e7ues pour offrir un maximum de confort et de commodit\u00e9. Profitez au maximum de chaque jour avec pension compl\u00e8te, linge de lit et de bain, m\u00e9nage quotidien, divertissement, parking, acc\u00e8s aux piscines, service de plage et navette, sans vous soucier des frais suppl\u00e9mentaires. Parfait [&hellip;]<\/p>\n","protected":false},"author":13,"featured_media":0,"parent":680,"menu_order":30,"comment_status":"closed","ping_status":"closed","template":"template-your-holiday.php","meta":{"footnotes":""},"yoast_head":"<!-- This site is optimized with the Yoast SEO plugin v22.3 - https:\/\/yoast.com\/wordpress\/plugins\/seo\/ -->\n<title>Vacances tout compris - Airone Bianco Residence Village -<\/title>\n<meta name=\"description\" content=\"D\u00e9tendez-vous et profitez de chaque instant avec nos vacances tout compris, con\u00e7ues pour offrir un maximum de confort et de commodit\u00e9.  Profitez au maximum de chaque jour avec pension compl\u00e8te, linge de lit et de bain, m\u00e9nage quotidien, divertissement, parking, acc\u00e8s aux piscines, service de plage et navette, sans vous soucier des frais suppl\u00e9mentaires. Parfait pour ceux qui recherchent une exp\u00e9rience compl\u00e8te, o\u00f9 chaque d\u00e9sir est satisfait et chaque d\u00e9tail est pris en charge.\" \/>\n<meta name=\"robots\" content=\"index, follow, max-snippet:-1, max-image-preview:large, max-video-preview:-1\" \/>\n<link rel=\"canonical\" href=\"https:\/\/www.aironebiancoresidencevillage.com\/fr\/vos-vacances\/vacances-tout-compris\/\" \/>\n<meta property=\"og:locale\" content=\"fr_FR\" \/>\n<meta property=\"og:type\" content=\"article\" \/>\n<meta property=\"og:title\" content=\"Vacances tout compris - Airone Bianco Residence Village -\" \/>\n<meta property=\"og:description\" content=\"D\u00e9tendez-vous et profitez de chaque instant avec nos vacances tout compris, con\u00e7ues pour offrir un maximum de confort et de commodit\u00e9.  Profitez au maximum de chaque jour avec pension compl\u00e8te, linge de lit et de bain, m\u00e9nage quotidien, divertissement, parking, acc\u00e8s aux piscines, service de plage et navette, sans vous soucier des frais suppl\u00e9mentaires. Parfait pour ceux qui recherchent une exp\u00e9rience compl\u00e8te, o\u00f9 chaque d\u00e9sir est satisfait et chaque d\u00e9tail est pris en charge.\" \/>\n<meta property=\"og:url\" content=\"https:\/\/www.aironebiancoresidencevillage.com\/fr\/vos-vacances\/vacances-tout-compris\/\" \/>\n<meta property=\"og:site_name\" content=\"Airone Bianco Residence Village\" \/>\n<meta property=\"article:publisher\" content=\"https:\/\/www.facebook.com\/tomasitourism\/\" \/>\n<meta property=\"article:modified_time\" content=\"2025-03-13T15:27:52+00:00\" \/>\n<meta property=\"og:image\" content=\"https:\/\/www.aironebiancoresidencevillage.com\/wp-content\/uploads\/sites\/201\/2025\/01\/airone_bianco_home_slide_01.jpg\" \/>\n\t<meta property=\"og:image:width\" content=\"2200\" \/>\n\t<meta property=\"og:image:height\" content=\"1200\" \/>\n\t<meta property=\"og:image:type\" content=\"image\/jpeg\" \/>\n<meta name=\"twitter:card\" content=\"summary_large_image\" \/>\n<meta name=\"twitter:label1\" content=\"Dur\u00e9e de lecture estim\u00e9e\" \/>\n\t<meta name=\"twitter:data1\" content=\"1 minute\" \/>\n<script type=\"application\/ld+json\" class=\"yoast-schema-graph\">{\"@context\":\"https:\/\/schema.org\",\"@graph\":[{\"@type\":\"WebPage\",\"@id\":\"https:\/\/www.aironebiancoresidencevillage.com\/fr\/vos-vacances\/vacances-tout-compris\/\",\"url\":\"https:\/\/www.aironebiancoresidencevillage.com\/fr\/vos-vacances\/vacances-tout-compris\/\",\"name\":\"Vacances tout compris - Airone Bianco Residence Village -\",\"isPartOf\":{\"@id\":\"https:\/\/www.aironebiancoresidencevillage.com\/fr\/#website\"},\"datePublished\":\"2025-01-24T16:19:00+00:00\",\"dateModified\":\"2025-03-13T15:27:52+00:00\",\"description\":\"D\u00e9tendez-vous et profitez de chaque instant avec nos vacances tout compris, con\u00e7ues pour offrir un maximum de confort et de commodit\u00e9. Profitez au maximum de chaque jour avec pension compl\u00e8te, linge de lit et de bain, m\u00e9nage quotidien, divertissement, parking, acc\u00e8s aux piscines, service de plage et navette, sans vous soucier des frais suppl\u00e9mentaires. Parfait pour ceux qui recherchent une exp\u00e9rience compl\u00e8te, o\u00f9 chaque d\u00e9sir est satisfait et chaque d\u00e9tail est pris en charge.\",\"breadcrumb\":{\"@id\":\"https:\/\/www.aironebiancoresidencevillage.com\/fr\/vos-vacances\/vacances-tout-compris\/#breadcrumb\"},\"inLanguage\":\"fr-FR\",\"potentialAction\":[{\"@type\":\"ReadAction\",\"target\":[\"https:\/\/www.aironebiancoresidencevillage.com\/fr\/vos-vacances\/vacances-tout-compris\/\"]}]},{\"@type\":\"BreadcrumbList\",\"@id\":\"https:\/\/www.aironebiancoresidencevillage.com\/fr\/vos-vacances\/vacances-tout-compris\/#breadcrumb\",\"itemListElement\":[{\"@type\":\"ListItem\",\"position\":1,\"name\":\"Home\",\"item\":\"https:\/\/www.aironebiancoresidencevillage.com\/fr\/airone-bianco-residence-village\/\"},{\"@type\":\"ListItem\",\"position\":2,\"name\":\"Vos vacances\",\"item\":\"https:\/\/www.aironebiancoresidencevillage.com\/fr\/vos-vacances\/\"},{\"@type\":\"ListItem\",\"position\":3,\"name\":\"Vacances tout compris\"}]},{\"@type\":\"WebSite\",\"@id\":\"https:\/\/www.aironebiancoresidencevillage.com\/fr\/#website\",\"url\":\"https:\/\/www.aironebiancoresidencevillage.com\/fr\/\",\"name\":\"Airone Bianco Residence Village\",\"description\":\"\",\"potentialAction\":[{\"@type\":\"SearchAction\",\"target\":{\"@type\":\"EntryPoint\",\"urlTemplate\":\"https:\/\/www.aironebiancoresidencevillage.com\/fr\/?s={search_term_string}\"},\"query-input\":\"required name=search_term_string\"}],\"inLanguage\":\"fr-FR\"}]}<\/script>\n<!-- \/ Yoast SEO plugin. -->","yoast_head_json":{"title":"Vacances tout compris - Airone Bianco Residence Village -","description":"D\u00e9tendez-vous et profitez de chaque instant avec nos vacances tout compris, con\u00e7ues pour offrir un maximum de confort et de commodit\u00e9.  Profitez au maximum de chaque jour avec pension compl\u00e8te, linge de lit et de bain, m\u00e9nage quotidien, divertissement, parking, acc\u00e8s aux piscines, service de plage et navette, sans vous soucier des frais suppl\u00e9mentaires. Parfait pour ceux qui recherchent une exp\u00e9rience compl\u00e8te, o\u00f9 chaque d\u00e9sir est satisfait et chaque d\u00e9tail est pris en charge.","robots":{"index":"index","follow":"follow","max-snippet":"max-snippet:-1","max-image-preview":"max-image-preview:large","max-video-preview":"max-video-preview:-1"},"canonical":"https:\/\/www.aironebiancoresidencevillage.com\/fr\/vos-vacances\/vacances-tout-compris\/","og_locale":"fr_FR","og_type":"article","og_title":"Vacances tout compris - Airone Bianco Residence Village -","og_description":"D\u00e9tendez-vous et profitez de chaque instant avec nos vacances tout compris, con\u00e7ues pour offrir un maximum de confort et de commodit\u00e9.  Profitez au maximum de chaque jour avec pension compl\u00e8te, linge de lit et de bain, m\u00e9nage quotidien, divertissement, parking, acc\u00e8s aux piscines, service de plage et navette, sans vous soucier des frais suppl\u00e9mentaires. Parfait pour ceux qui recherchent une exp\u00e9rience compl\u00e8te, o\u00f9 chaque d\u00e9sir est satisfait et chaque d\u00e9tail est pris en charge.","og_url":"https:\/\/www.aironebiancoresidencevillage.com\/fr\/vos-vacances\/vacances-tout-compris\/","og_site_name":"Airone Bianco Residence Village","article_publisher":"https:\/\/www.facebook.com\/tomasitourism\/","article_modified_time":"2025-03-13T15:27:52+00:00","og_image":[{"width":2200,"height":1200,"url":"https:\/\/www.aironebiancoresidencevillage.com\/wp-content\/uploads\/sites\/201\/2025\/01\/airone_bianco_home_slide_01.jpg","type":"image\/jpeg"}],"twitter_card":"summary_large_image","twitter_misc":{"Dur\u00e9e de lecture estim\u00e9e":"1 minute"},"schema":{"@context":"https:\/\/schema.org","@graph":[{"@type":"WebPage","@id":"https:\/\/www.aironebiancoresidencevillage.com\/fr\/vos-vacances\/vacances-tout-compris\/","url":"https:\/\/www.aironebiancoresidencevillage.com\/fr\/vos-vacances\/vacances-tout-compris\/","name":"Vacances tout compris - Airone Bianco Residence Village -","isPartOf":{"@id":"https:\/\/www.aironebiancoresidencevillage.com\/fr\/#website"},"datePublished":"2025-01-24T16:19:00+00:00","dateModified":"2025-03-13T15:27:52+00:00","description":"D\u00e9tendez-vous et profitez de chaque instant avec nos vacances tout compris, con\u00e7ues pour offrir un maximum de confort et de commodit\u00e9. Profitez au maximum de chaque jour avec pension compl\u00e8te, linge de lit et de bain, m\u00e9nage quotidien, divertissement, parking, acc\u00e8s aux piscines, service de plage et navette, sans vous soucier des frais suppl\u00e9mentaires. Parfait pour ceux qui recherchent une exp\u00e9rience compl\u00e8te, o\u00f9 chaque d\u00e9sir est satisfait et chaque d\u00e9tail est pris en charge.","breadcrumb":{"@id":"https:\/\/www.aironebiancoresidencevillage.com\/fr\/vos-vacances\/vacances-tout-compris\/#breadcrumb"},"inLanguage":"fr-FR","potentialAction":[{"@type":"ReadAction","target":["https:\/\/www.aironebiancoresidencevillage.com\/fr\/vos-vacances\/vacances-tout-compris\/"]}]},{"@type":"BreadcrumbList","@id":"https:\/\/www.aironebiancoresidencevillage.com\/fr\/vos-vacances\/vacances-tout-compris\/#breadcrumb","itemListElement":[{"@type":"ListItem","position":1,"name":"Home","item":"https:\/\/www.aironebiancoresidencevillage.com\/fr\/airone-bianco-residence-village\/"},{"@type":"ListItem","position":2,"name":"Vos vacances","item":"https:\/\/www.aironebiancoresidencevillage.com\/fr\/vos-vacances\/"},{"@type":"ListItem","position":3,"name":"Vacances tout compris"}]},{"@type":"WebSite","@id":"https:\/\/www.aironebiancoresidencevillage.com\/fr\/#website","url":"https:\/\/www.aironebiancoresidencevillage.com\/fr\/","name":"Airone Bianco Residence Village","description":"","potentialAction":[{"@type":"SearchAction","target":{"@type":"EntryPoint","urlTemplate":"https:\/\/www.aironebiancoresidencevillage.com\/fr\/?s={search_term_string}"},"query-input":"required name=search_term_string"}],"inLanguage":"fr-FR"}]}},"acf":[],"_links":{"self":[{"href":"https:\/\/www.aironebiancoresidencevillage.com\/fr\/wp-json\/wp\/v2\/pages\/685"}],"collection":[{"href":"https:\/\/www.aironebiancoresidencevillage.com\/fr\/wp-json\/wp\/v2\/pages"}],"about":[{"href":"https:\/\/www.aironebiancoresidencevillage.com\/fr\/wp-json\/wp\/v2\/types\/page"}],"author":[{"embeddable":true,"href":"https:\/\/www.aironebiancoresidencevillage.com\/fr\/wp-json\/wp\/v2\/users\/13"}],"replies":[{"embeddable":true,"href":"https:\/\/www.aironebiancoresidencevillage.com\/fr\/wp-json\/wp\/v2\/comments?post=685"}],"version-history":[{"count":0,"href":"https:\/\/www.aironebiancoresidencevillage.com\/fr\/wp-json\/wp\/v2\/pages\/685\/revisions"}],"up":[{"embeddable":true,"href":"https:\/\/www.aironebiancoresidencevillage.com\/fr\/wp-json\/wp\/v2\/pages\/680"}],"wp:attachment":[{"href":"https:\/\/www.aironebiancoresidencevillage.com\/fr\/wp-json\/wp\/v2\/media?parent=685"}],"curies":[{"name":"wp","href":"https:\/\/api.w.org\/{rel}","templated":true}]}}