   {"id":684,"date":"2025-01-24T15:59:26","date_gmt":"2025-01-24T15:59:26","guid":{"rendered":"https:\/\/www.aironebiancoresidencevillage.com\/la-tua-vacanza\/esperienze-e-divertimento\/"},"modified":"2025-03-13T15:30:37","modified_gmt":"2025-03-13T15:30:37","slug":"experiences-et-divertissement","status":"publish","type":"page","link":"https:\/\/www.aironebiancoresidencevillage.com\/fr\/vos-vacances\/experiences-et-divertissement\/","title":{"rendered":"Exp\u00e9riences et divertissement"},"content":{"rendered":"<p>Vivez des vacances uniques, con\u00e7ues pour ceux qui recherchent l\u2019<strong>aventure<\/strong>, les <strong>\u00e9motions<\/strong> et le <strong>plaisir <\/strong>! Chaque jour est une occasion de vivre des exp\u00e9riences inoubliables, des parcs \u00e0 th\u00e8me aux excursions \u00e0 couper le souffle, des activit\u00e9s en plein air aux spectacles organis\u00e9s par notre animation.<\/p>\n<p>&nbsp;<\/p>\n<p>Que vous soyez \u00e0 la recherche d\u2019adr\u00e9naline ou de loisirs, notre pack exp\u00e9rience vous offre une vari\u00e9t\u00e9 d\u2019activit\u00e9s con\u00e7ues pour impliquer tous les sens et cr\u00e9er des souvenirs \u00e0 partager. Pr\u00e9parez-vous \u00e0 vivre le voyage dont vous avez toujours r\u00eav\u00e9!<\/p>\n","protected":false},"excerpt":{"rendered":"<p>Vivez des vacances uniques, con\u00e7ues pour ceux qui recherchent l\u2019aventure, les \u00e9motions et le plaisir ! Chaque jour est une occasion de vivre des exp\u00e9riences inoubliables, des parcs \u00e0 th\u00e8me aux excursions \u00e0 couper le souffle, des activit\u00e9s en plein air aux spectacles organis\u00e9s par notre animation. &nbsp; Que vous soyez \u00e0 la recherche d\u2019adr\u00e9naline [&hellip;]<\/p>\n","protected":false},"author":13,"featured_media":0,"parent":680,"menu_order":20,"comment_status":"closed","ping_status":"closed","template":"template-your-holiday.php","meta":{"footnotes":""},"class_list":["post-684","page","type-page","status-publish","hentry"],"yoast_head":"<!-- This site is optimized with the Yoast SEO plugin v27.3 - https:\/\/yoast.com\/product\/yoast-seo-wordpress\/ -->\n<title>Exp\u00e9riences et divertissement - Airone Bianco Residence Village -<\/title>\n<meta name=\"description\" content=\"Vivez des vacances uniques, con\u00e7ues pour ceux qui recherchent l\u2019aventure, les \u00e9motions et le plaisir ! Chaque jour est une occasion de vivre des exp\u00e9riences inoubliables, des parcs \u00e0 th\u00e8me aux excursions \u00e0 couper le souffle, des activit\u00e9s en plein air aux spectacles organis\u00e9s par notre animation.  &nbsp;  Que vous soyez \u00e0 la recherche d\u2019adr\u00e9naline ou de loisirs, notre pack exp\u00e9rience vous offre une vari\u00e9t\u00e9 d\u2019activit\u00e9s con\u00e7ues pour impliquer tous les sens et cr\u00e9er des souvenirs \u00e0 partager. Pr\u00e9parez-vous \u00e0 vivre le voyage dont vous avez toujours r\u00eav\u00e9!\" \/>\n<meta name=\"robots\" content=\"index, follow, max-snippet:-1, max-image-preview:large, max-video-preview:-1\" \/>\n<link rel=\"canonical\" href=\"https:\/\/www.aironebiancoresidencevillage.com\/fr\/vos-vacances\/experiences-et-divertissement\/\" \/>\n<meta property=\"og:locale\" content=\"fr_FR\" \/>\n<meta property=\"og:type\" content=\"article\" \/>\n<meta property=\"og:title\" content=\"Exp\u00e9riences et divertissement - Airone Bianco Residence Village -\" \/>\n<meta property=\"og:description\" content=\"Vivez des vacances uniques, con\u00e7ues pour ceux qui recherchent l\u2019aventure, les \u00e9motions et le plaisir ! Chaque jour est une occasion de vivre des exp\u00e9riences inoubliables, des parcs \u00e0 th\u00e8me aux excursions \u00e0 couper le souffle, des activit\u00e9s en plein air aux spectacles organis\u00e9s par notre animation.  &nbsp;  Que vous soyez \u00e0 la recherche d\u2019adr\u00e9naline ou de loisirs, notre pack exp\u00e9rience vous offre une vari\u00e9t\u00e9 d\u2019activit\u00e9s con\u00e7ues pour impliquer tous les sens et cr\u00e9er des souvenirs \u00e0 partager. Pr\u00e9parez-vous \u00e0 vivre le voyage dont vous avez toujours r\u00eav\u00e9!\" \/>\n<meta property=\"og:url\" content=\"https:\/\/www.aironebiancoresidencevillage.com\/fr\/vos-vacances\/experiences-et-divertissement\/\" \/>\n<meta property=\"og:site_name\" content=\"Airone Bianco Residence Village\" \/>\n<meta property=\"article:publisher\" content=\"https:\/\/www.facebook.com\/tomasitourism\/\" \/>\n<meta property=\"article:modified_time\" content=\"2025-03-13T15:30:37+00:00\" \/>\n<meta property=\"og:image\" content=\"https:\/\/www.aironebiancoresidencevillage.com\/wp-content\/uploads\/sites\/201\/2025\/01\/airone_bianco_home_slide_01.jpg\" \/>\n\t<meta property=\"og:image:width\" content=\"2200\" \/>\n\t<meta property=\"og:image:height\" content=\"1200\" \/>\n\t<meta property=\"og:image:type\" content=\"image\/jpeg\" \/>\n<meta name=\"twitter:card\" content=\"summary_large_image\" \/>\n<meta name=\"twitter:label1\" content=\"Dur\u00e9e de lecture estim\u00e9e\" \/>\n\t<meta name=\"twitter:data1\" content=\"1 minute\" \/>\n<script type=\"application\/ld+json\" class=\"yoast-schema-graph\">{\"@context\":\"https:\\\/\\\/schema.org\",\"@graph\":[{\"@type\":\"WebPage\",\"@id\":\"https:\\\/\\\/www.aironebiancoresidencevillage.com\\\/fr\\\/vos-vacances\\\/experiences-et-divertissement\\\/\",\"url\":\"https:\\\/\\\/www.aironebiancoresidencevillage.com\\\/fr\\\/vos-vacances\\\/experiences-et-divertissement\\\/\",\"name\":\"Exp\u00e9riences et divertissement - Airone Bianco Residence Village -\",\"isPartOf\":{\"@id\":\"https:\\\/\\\/www.aironebiancoresidencevillage.com\\\/fr\\\/#website\"},\"datePublished\":\"2025-01-24T15:59:26+00:00\",\"dateModified\":\"2025-03-13T15:30:37+00:00\",\"description\":\"Vivez des vacances uniques, con\u00e7ues pour ceux qui recherchent l\u2019aventure, les \u00e9motions et le plaisir ! Chaque jour est une occasion de vivre des exp\u00e9riences inoubliables, des parcs \u00e0 th\u00e8me aux excursions \u00e0 couper le souffle, des activit\u00e9s en plein air aux spectacles organis\u00e9s par notre animation. &nbsp; Que vous soyez \u00e0 la recherche d\u2019adr\u00e9naline ou de loisirs, notre pack exp\u00e9rience vous offre une vari\u00e9t\u00e9 d\u2019activit\u00e9s con\u00e7ues pour impliquer tous les sens et cr\u00e9er des souvenirs \u00e0 partager. Pr\u00e9parez-vous \u00e0 vivre le voyage dont vous avez toujours r\u00eav\u00e9!\",\"breadcrumb\":{\"@id\":\"https:\\\/\\\/www.aironebiancoresidencevillage.com\\\/fr\\\/vos-vacances\\\/experiences-et-divertissement\\\/#breadcrumb\"},\"inLanguage\":\"fr-FR\",\"potentialAction\":[{\"@type\":\"ReadAction\",\"target\":[\"https:\\\/\\\/www.aironebiancoresidencevillage.com\\\/fr\\\/vos-vacances\\\/experiences-et-divertissement\\\/\"]}]},{\"@type\":\"BreadcrumbList\",\"@id\":\"https:\\\/\\\/www.aironebiancoresidencevillage.com\\\/fr\\\/vos-vacances\\\/experiences-et-divertissement\\\/#breadcrumb\",\"itemListElement\":[{\"@type\":\"ListItem\",\"position\":1,\"name\":\"Home\",\"item\":\"https:\\\/\\\/www.aironebiancoresidencevillage.com\\\/fr\\\/airone-bianco-residence-village\\\/\"},{\"@type\":\"ListItem\",\"position\":2,\"name\":\"Vos vacances\",\"item\":\"https:\\\/\\\/www.aironebiancoresidencevillage.com\\\/fr\\\/vos-vacances\\\/\"},{\"@type\":\"ListItem\",\"position\":3,\"name\":\"Exp\u00e9riences et divertissement\"}]},{\"@type\":\"WebSite\",\"@id\":\"https:\\\/\\\/www.aironebiancoresidencevillage.com\\\/fr\\\/#website\",\"url\":\"https:\\\/\\\/www.aironebiancoresidencevillage.com\\\/fr\\\/\",\"name\":\"Airone Bianco Residence Village\",\"description\":\"\",\"potentialAction\":[{\"@type\":\"SearchAction\",\"target\":{\"@type\":\"EntryPoint\",\"urlTemplate\":\"https:\\\/\\\/www.aironebiancoresidencevillage.com\\\/fr\\\/?s={search_term_string}\"},\"query-input\":{\"@type\":\"PropertyValueSpecification\",\"valueRequired\":true,\"valueName\":\"search_term_string\"}}],\"inLanguage\":\"fr-FR\"}]}<\/script>\n<!-- \/ Yoast SEO plugin. -->","yoast_head_json":{"title":"Exp\u00e9riences et divertissement - Airone Bianco Residence Village -","description":"Vivez des vacances uniques, con\u00e7ues pour ceux qui recherchent l\u2019aventure, les \u00e9motions et le plaisir ! Chaque jour est une occasion de vivre des exp\u00e9riences inoubliables, des parcs \u00e0 th\u00e8me aux excursions \u00e0 couper le souffle, des activit\u00e9s en plein air aux spectacles organis\u00e9s par notre animation.  &nbsp;  Que vous soyez \u00e0 la recherche d\u2019adr\u00e9naline ou de loisirs, notre pack exp\u00e9rience vous offre une vari\u00e9t\u00e9 d\u2019activit\u00e9s con\u00e7ues pour impliquer tous les sens et cr\u00e9er des souvenirs \u00e0 partager. Pr\u00e9parez-vous \u00e0 vivre le voyage dont vous avez toujours r\u00eav\u00e9!","robots":{"index":"index","follow":"follow","max-snippet":"max-snippet:-1","max-image-preview":"max-image-preview:large","max-video-preview":"max-video-preview:-1"},"canonical":"https:\/\/www.aironebiancoresidencevillage.com\/fr\/vos-vacances\/experiences-et-divertissement\/","og_locale":"fr_FR","og_type":"article","og_title":"Exp\u00e9riences et divertissement - Airone Bianco Residence Village -","og_description":"Vivez des vacances uniques, con\u00e7ues pour ceux qui recherchent l\u2019aventure, les \u00e9motions et le plaisir ! Chaque jour est une occasion de vivre des exp\u00e9riences inoubliables, des parcs \u00e0 th\u00e8me aux excursions \u00e0 couper le souffle, des activit\u00e9s en plein air aux spectacles organis\u00e9s par notre animation.  &nbsp;  Que vous soyez \u00e0 la recherche d\u2019adr\u00e9naline ou de loisirs, notre pack exp\u00e9rience vous offre une vari\u00e9t\u00e9 d\u2019activit\u00e9s con\u00e7ues pour impliquer tous les sens et cr\u00e9er des souvenirs \u00e0 partager. Pr\u00e9parez-vous \u00e0 vivre le voyage dont vous avez toujours r\u00eav\u00e9!","og_url":"https:\/\/www.aironebiancoresidencevillage.com\/fr\/vos-vacances\/experiences-et-divertissement\/","og_site_name":"Airone Bianco Residence Village","article_publisher":"https:\/\/www.facebook.com\/tomasitourism\/","article_modified_time":"2025-03-13T15:30:37+00:00","og_image":[{"width":2200,"height":1200,"url":"https:\/\/www.aironebiancoresidencevillage.com\/wp-content\/uploads\/sites\/201\/2025\/01\/airone_bianco_home_slide_01.jpg","type":"image\/jpeg"}],"twitter_card":"summary_large_image","twitter_misc":{"Dur\u00e9e de lecture estim\u00e9e":"1 minute"},"schema":{"@context":"https:\/\/schema.org","@graph":[{"@type":"WebPage","@id":"https:\/\/www.aironebiancoresidencevillage.com\/fr\/vos-vacances\/experiences-et-divertissement\/","url":"https:\/\/www.aironebiancoresidencevillage.com\/fr\/vos-vacances\/experiences-et-divertissement\/","name":"Exp\u00e9riences et divertissement - Airone Bianco Residence Village -","isPartOf":{"@id":"https:\/\/www.aironebiancoresidencevillage.com\/fr\/#website"},"datePublished":"2025-01-24T15:59:26+00:00","dateModified":"2025-03-13T15:30:37+00:00","description":"Vivez des vacances uniques, con\u00e7ues pour ceux qui recherchent l\u2019aventure, les \u00e9motions et le plaisir ! Chaque jour est une occasion de vivre des exp\u00e9riences inoubliables, des parcs \u00e0 th\u00e8me aux excursions \u00e0 couper le souffle, des activit\u00e9s en plein air aux spectacles organis\u00e9s par notre animation. &nbsp; Que vous soyez \u00e0 la recherche d\u2019adr\u00e9naline ou de loisirs, notre pack exp\u00e9rience vous offre une vari\u00e9t\u00e9 d\u2019activit\u00e9s con\u00e7ues pour impliquer tous les sens et cr\u00e9er des souvenirs \u00e0 partager. Pr\u00e9parez-vous \u00e0 vivre le voyage dont vous avez toujours r\u00eav\u00e9!","breadcrumb":{"@id":"https:\/\/www.aironebiancoresidencevillage.com\/fr\/vos-vacances\/experiences-et-divertissement\/#breadcrumb"},"inLanguage":"fr-FR","potentialAction":[{"@type":"ReadAction","target":["https:\/\/www.aironebiancoresidencevillage.com\/fr\/vos-vacances\/experiences-et-divertissement\/"]}]},{"@type":"BreadcrumbList","@id":"https:\/\/www.aironebiancoresidencevillage.com\/fr\/vos-vacances\/experiences-et-divertissement\/#breadcrumb","itemListElement":[{"@type":"ListItem","position":1,"name":"Home","item":"https:\/\/www.aironebiancoresidencevillage.com\/fr\/airone-bianco-residence-village\/"},{"@type":"ListItem","position":2,"name":"Vos vacances","item":"https:\/\/www.aironebiancoresidencevillage.com\/fr\/vos-vacances\/"},{"@type":"ListItem","position":3,"name":"Exp\u00e9riences et divertissement"}]},{"@type":"WebSite","@id":"https:\/\/www.aironebiancoresidencevillage.com\/fr\/#website","url":"https:\/\/www.aironebiancoresidencevillage.com\/fr\/","name":"Airone Bianco Residence Village","description":"","potentialAction":[{"@type":"SearchAction","target":{"@type":"EntryPoint","urlTemplate":"https:\/\/www.aironebiancoresidencevillage.com\/fr\/?s={search_term_string}"},"query-input":{"@type":"PropertyValueSpecification","valueRequired":true,"valueName":"search_term_string"}}],"inLanguage":"fr-FR"}]}},"acf":[],"_links":{"self":[{"href":"https:\/\/www.aironebiancoresidencevillage.com\/fr\/wp-json\/wp\/v2\/pages\/684","targetHints":{"allow":["GET"]}}],"collection":[{"href":"https:\/\/www.aironebiancoresidencevillage.com\/fr\/wp-json\/wp\/v2\/pages"}],"about":[{"href":"https:\/\/www.aironebiancoresidencevillage.com\/fr\/wp-json\/wp\/v2\/types\/page"}],"author":[{"embeddable":true,"href":"https:\/\/www.aironebiancoresidencevillage.com\/fr\/wp-json\/wp\/v2\/users\/13"}],"replies":[{"embeddable":true,"href":"https:\/\/www.aironebiancoresidencevillage.com\/fr\/wp-json\/wp\/v2\/comments?post=684"}],"version-history":[{"count":0,"href":"https:\/\/www.aironebiancoresidencevillage.com\/fr\/wp-json\/wp\/v2\/pages\/684\/revisions"}],"up":[{"embeddable":true,"href":"https:\/\/www.aironebiancoresidencevillage.com\/fr\/wp-json\/wp\/v2\/pages\/680"}],"wp:attachment":[{"href":"https:\/\/www.aironebiancoresidencevillage.com\/fr\/wp-json\/wp\/v2\/media?parent=684"}],"curies":[{"name":"wp","href":"https:\/\/api.w.org\/{rel}","templated":true}]}}