   {"id":676,"date":"2025-01-22T09:38:07","date_gmt":"2025-01-22T09:38:07","guid":{"rendered":"https:\/\/www.aironebiancoresidencevillage.com\/bungalow-dependance\/dependance-1-livello-superior\/"},"modified":"2025-03-13T12:44:02","modified_gmt":"2025-03-13T12:44:02","slug":"dependance-1-livello-superior","status":"publish","type":"page","link":"https:\/\/www.aironebiancoresidencevillage.com\/fr\/bungalow-dependance\/dependance-1-livello-superior\/","title":{"rendered":"D\u00e9pendance 1 niveau sup\u00e9rieur"},"content":{"rendered":"<p>Grand appartement de trois pi\u00e8ces de plain-pied, situ\u00e9 au rez-de-chauss\u00e9e et compos\u00e9 d&rsquo;un s\u00e9jour avec kitchenette et canap\u00e9-lit, ainsi que de 2 chambres et d&rsquo;une salle de bain.<\/p>\n<p>&nbsp;<\/p>\n<p>L&rsquo;appartement Dependance 1 Level Superior dispose d&rsquo;un patio et d&rsquo;un espace ext\u00e9rieur \u00e9quip\u00e9 d&rsquo;un barbecue en briques, pour des moments de d\u00e9tente et de convivialit\u00e9 pendant vos vacances au Lido delle Nazioni, sur la c\u00f4te adriatique.<\/p>\n<p>&nbsp;<\/p>\n<p>Les animaux sont les bienvenus dans certains appartements.<\/p>\n","protected":false},"excerpt":{"rendered":"<p>Grand appartement de trois pi\u00e8ces de plain-pied, situ\u00e9 au rez-de-chauss\u00e9e et compos\u00e9 d&rsquo;un s\u00e9jour avec kitchenette et canap\u00e9-lit, ainsi que de 2 chambres et d&rsquo;une salle de bain. &nbsp; L&rsquo;appartement Dependance 1 Level Superior dispose d&rsquo;un patio et d&rsquo;un espace ext\u00e9rieur \u00e9quip\u00e9 d&rsquo;un barbecue en briques, pour des moments de d\u00e9tente et de convivialit\u00e9 pendant [&hellip;]<\/p>\n","protected":false},"author":13,"featured_media":0,"parent":669,"menu_order":35,"comment_status":"closed","ping_status":"closed","template":"template-room.php","meta":{"footnotes":""},"yoast_head":"<!-- This site is optimized with the Yoast SEO plugin v22.3 - https:\/\/yoast.com\/wordpress\/plugins\/seo\/ -->\n<title>D\u00e9pendance 1 niveau sup\u00e9rieur - Airone Bianco Residence Village -<\/title>\n<meta name=\"description\" content=\"Grand appartement de trois pi\u00e8ces de plain-pied, situ\u00e9 au rez-de-chauss\u00e9e et compos\u00e9 d&#039;un s\u00e9jour avec kitchenette et canap\u00e9-lit, ainsi que de 2 chambres et d&#039;une salle de bain.  &nbsp;  L&#039;appartement Dependance 1 Level Superior dispose d&#039;un patio et d&#039;un espace ext\u00e9rieur \u00e9quip\u00e9 d&#039;un barbecue en briques, pour des moments de d\u00e9tente et de convivialit\u00e9 pendant vos vacances au Lido delle Nazioni, sur la c\u00f4te adriatique.  &nbsp;  Les animaux sont les bienvenus dans certains appartements..\" \/>\n<meta name=\"robots\" content=\"index, follow, max-snippet:-1, max-image-preview:large, max-video-preview:-1\" \/>\n<link rel=\"canonical\" href=\"https:\/\/www.aironebiancoresidencevillage.com\/fr\/bungalow-dependance\/dependance-1-livello-superior\/\" \/>\n<meta property=\"og:locale\" content=\"fr_FR\" \/>\n<meta property=\"og:type\" content=\"article\" \/>\n<meta property=\"og:title\" content=\"D\u00e9pendance 1 niveau sup\u00e9rieur - Airone Bianco Residence Village -\" \/>\n<meta property=\"og:description\" content=\"Grand appartement de trois pi\u00e8ces de plain-pied, situ\u00e9 au rez-de-chauss\u00e9e et compos\u00e9 d&#039;un s\u00e9jour avec kitchenette et canap\u00e9-lit, ainsi que de 2 chambres et d&#039;une salle de bain.  &nbsp;  L&#039;appartement Dependance 1 Level Superior dispose d&#039;un patio et d&#039;un espace ext\u00e9rieur \u00e9quip\u00e9 d&#039;un barbecue en briques, pour des moments de d\u00e9tente et de convivialit\u00e9 pendant vos vacances au Lido delle Nazioni, sur la c\u00f4te adriatique.  &nbsp;  Les animaux sont les bienvenus dans certains appartements..\" \/>\n<meta property=\"og:url\" content=\"https:\/\/www.aironebiancoresidencevillage.com\/fr\/bungalow-dependance\/dependance-1-livello-superior\/\" \/>\n<meta property=\"og:site_name\" content=\"Airone Bianco Residence Village\" \/>\n<meta property=\"article:publisher\" content=\"https:\/\/www.facebook.com\/tomasitourism\/\" \/>\n<meta property=\"article:modified_time\" content=\"2025-03-13T12:44:02+00:00\" \/>\n<meta property=\"og:image\" content=\"https:\/\/www.aironebiancoresidencevillage.com\/wp-content\/uploads\/sites\/201\/2025\/01\/airone_bianco_home_slide_01.jpg\" \/>\n\t<meta property=\"og:image:width\" content=\"2200\" \/>\n\t<meta property=\"og:image:height\" content=\"1200\" \/>\n\t<meta property=\"og:image:type\" content=\"image\/jpeg\" \/>\n<meta name=\"twitter:card\" content=\"summary_large_image\" \/>\n<meta name=\"twitter:label1\" content=\"Dur\u00e9e de lecture estim\u00e9e\" \/>\n\t<meta name=\"twitter:data1\" content=\"1 minute\" \/>\n<script type=\"application\/ld+json\" class=\"yoast-schema-graph\">{\"@context\":\"https:\/\/schema.org\",\"@graph\":[{\"@type\":\"WebPage\",\"@id\":\"https:\/\/www.aironebiancoresidencevillage.com\/fr\/bungalow-dependance\/dependance-1-livello-superior\/\",\"url\":\"https:\/\/www.aironebiancoresidencevillage.com\/fr\/bungalow-dependance\/dependance-1-livello-superior\/\",\"name\":\"D\u00e9pendance 1 niveau sup\u00e9rieur - Airone Bianco Residence Village -\",\"isPartOf\":{\"@id\":\"https:\/\/www.aironebiancoresidencevillage.com\/fr\/#website\"},\"datePublished\":\"2025-01-22T09:38:07+00:00\",\"dateModified\":\"2025-03-13T12:44:02+00:00\",\"description\":\"Grand appartement de trois pi\u00e8ces de plain-pied, situ\u00e9 au rez-de-chauss\u00e9e et compos\u00e9 d'un s\u00e9jour avec kitchenette et canap\u00e9-lit, ainsi que de 2 chambres et d'une salle de bain. &nbsp; L'appartement Dependance 1 Level Superior dispose d'un patio et d'un espace ext\u00e9rieur \u00e9quip\u00e9 d'un barbecue en briques, pour des moments de d\u00e9tente et de convivialit\u00e9 pendant vos vacances au Lido delle Nazioni, sur la c\u00f4te adriatique. &nbsp; Les animaux sont les bienvenus dans certains appartements..\",\"breadcrumb\":{\"@id\":\"https:\/\/www.aironebiancoresidencevillage.com\/fr\/bungalow-dependance\/dependance-1-livello-superior\/#breadcrumb\"},\"inLanguage\":\"fr-FR\",\"potentialAction\":[{\"@type\":\"ReadAction\",\"target\":[\"https:\/\/www.aironebiancoresidencevillage.com\/fr\/bungalow-dependance\/dependance-1-livello-superior\/\"]}]},{\"@type\":\"BreadcrumbList\",\"@id\":\"https:\/\/www.aironebiancoresidencevillage.com\/fr\/bungalow-dependance\/dependance-1-livello-superior\/#breadcrumb\",\"itemListElement\":[{\"@type\":\"ListItem\",\"position\":1,\"name\":\"Home\",\"item\":\"https:\/\/www.aironebiancoresidencevillage.com\/fr\/airone-bianco-residence-village\/\"},{\"@type\":\"ListItem\",\"position\":2,\"name\":\"Bungalow &#038; D\u00e9pendance\",\"item\":\"https:\/\/www.aironebiancoresidencevillage.com\/fr\/appartamenti-airone-bianco-residence-village\/\"},{\"@type\":\"ListItem\",\"position\":3,\"name\":\"D\u00e9pendance 1 niveau sup\u00e9rieur\"}]},{\"@type\":\"WebSite\",\"@id\":\"https:\/\/www.aironebiancoresidencevillage.com\/fr\/#website\",\"url\":\"https:\/\/www.aironebiancoresidencevillage.com\/fr\/\",\"name\":\"Airone Bianco Residence Village\",\"description\":\"\",\"potentialAction\":[{\"@type\":\"SearchAction\",\"target\":{\"@type\":\"EntryPoint\",\"urlTemplate\":\"https:\/\/www.aironebiancoresidencevillage.com\/fr\/?s={search_term_string}\"},\"query-input\":\"required name=search_term_string\"}],\"inLanguage\":\"fr-FR\"}]}<\/script>\n<!-- \/ Yoast SEO plugin. -->","yoast_head_json":{"title":"D\u00e9pendance 1 niveau sup\u00e9rieur - Airone Bianco Residence Village -","description":"Grand appartement de trois pi\u00e8ces de plain-pied, situ\u00e9 au rez-de-chauss\u00e9e et compos\u00e9 d'un s\u00e9jour avec kitchenette et canap\u00e9-lit, ainsi que de 2 chambres et d'une salle de bain.  &nbsp;  L'appartement Dependance 1 Level Superior dispose d'un patio et d'un espace ext\u00e9rieur \u00e9quip\u00e9 d'un barbecue en briques, pour des moments de d\u00e9tente et de convivialit\u00e9 pendant vos vacances au Lido delle Nazioni, sur la c\u00f4te adriatique.  &nbsp;  Les animaux sont les bienvenus dans certains appartements..","robots":{"index":"index","follow":"follow","max-snippet":"max-snippet:-1","max-image-preview":"max-image-preview:large","max-video-preview":"max-video-preview:-1"},"canonical":"https:\/\/www.aironebiancoresidencevillage.com\/fr\/bungalow-dependance\/dependance-1-livello-superior\/","og_locale":"fr_FR","og_type":"article","og_title":"D\u00e9pendance 1 niveau sup\u00e9rieur - Airone Bianco Residence Village -","og_description":"Grand appartement de trois pi\u00e8ces de plain-pied, situ\u00e9 au rez-de-chauss\u00e9e et compos\u00e9 d'un s\u00e9jour avec kitchenette et canap\u00e9-lit, ainsi que de 2 chambres et d'une salle de bain.  &nbsp;  L'appartement Dependance 1 Level Superior dispose d'un patio et d'un espace ext\u00e9rieur \u00e9quip\u00e9 d'un barbecue en briques, pour des moments de d\u00e9tente et de convivialit\u00e9 pendant vos vacances au Lido delle Nazioni, sur la c\u00f4te adriatique.  &nbsp;  Les animaux sont les bienvenus dans certains appartements..","og_url":"https:\/\/www.aironebiancoresidencevillage.com\/fr\/bungalow-dependance\/dependance-1-livello-superior\/","og_site_name":"Airone Bianco Residence Village","article_publisher":"https:\/\/www.facebook.com\/tomasitourism\/","article_modified_time":"2025-03-13T12:44:02+00:00","og_image":[{"width":2200,"height":1200,"url":"https:\/\/www.aironebiancoresidencevillage.com\/wp-content\/uploads\/sites\/201\/2025\/01\/airone_bianco_home_slide_01.jpg","type":"image\/jpeg"}],"twitter_card":"summary_large_image","twitter_misc":{"Dur\u00e9e de lecture estim\u00e9e":"1 minute"},"schema":{"@context":"https:\/\/schema.org","@graph":[{"@type":"WebPage","@id":"https:\/\/www.aironebiancoresidencevillage.com\/fr\/bungalow-dependance\/dependance-1-livello-superior\/","url":"https:\/\/www.aironebiancoresidencevillage.com\/fr\/bungalow-dependance\/dependance-1-livello-superior\/","name":"D\u00e9pendance 1 niveau sup\u00e9rieur - Airone Bianco Residence Village -","isPartOf":{"@id":"https:\/\/www.aironebiancoresidencevillage.com\/fr\/#website"},"datePublished":"2025-01-22T09:38:07+00:00","dateModified":"2025-03-13T12:44:02+00:00","description":"Grand appartement de trois pi\u00e8ces de plain-pied, situ\u00e9 au rez-de-chauss\u00e9e et compos\u00e9 d'un s\u00e9jour avec kitchenette et canap\u00e9-lit, ainsi que de 2 chambres et d'une salle de bain. &nbsp; L'appartement Dependance 1 Level Superior dispose d'un patio et d'un espace ext\u00e9rieur \u00e9quip\u00e9 d'un barbecue en briques, pour des moments de d\u00e9tente et de convivialit\u00e9 pendant vos vacances au Lido delle Nazioni, sur la c\u00f4te adriatique. &nbsp; Les animaux sont les bienvenus dans certains appartements..","breadcrumb":{"@id":"https:\/\/www.aironebiancoresidencevillage.com\/fr\/bungalow-dependance\/dependance-1-livello-superior\/#breadcrumb"},"inLanguage":"fr-FR","potentialAction":[{"@type":"ReadAction","target":["https:\/\/www.aironebiancoresidencevillage.com\/fr\/bungalow-dependance\/dependance-1-livello-superior\/"]}]},{"@type":"BreadcrumbList","@id":"https:\/\/www.aironebiancoresidencevillage.com\/fr\/bungalow-dependance\/dependance-1-livello-superior\/#breadcrumb","itemListElement":[{"@type":"ListItem","position":1,"name":"Home","item":"https:\/\/www.aironebiancoresidencevillage.com\/fr\/airone-bianco-residence-village\/"},{"@type":"ListItem","position":2,"name":"Bungalow &#038; D\u00e9pendance","item":"https:\/\/www.aironebiancoresidencevillage.com\/fr\/appartamenti-airone-bianco-residence-village\/"},{"@type":"ListItem","position":3,"name":"D\u00e9pendance 1 niveau sup\u00e9rieur"}]},{"@type":"WebSite","@id":"https:\/\/www.aironebiancoresidencevillage.com\/fr\/#website","url":"https:\/\/www.aironebiancoresidencevillage.com\/fr\/","name":"Airone Bianco Residence Village","description":"","potentialAction":[{"@type":"SearchAction","target":{"@type":"EntryPoint","urlTemplate":"https:\/\/www.aironebiancoresidencevillage.com\/fr\/?s={search_term_string}"},"query-input":"required name=search_term_string"}],"inLanguage":"fr-FR"}]}},"acf":[],"_links":{"self":[{"href":"https:\/\/www.aironebiancoresidencevillage.com\/fr\/wp-json\/wp\/v2\/pages\/676"}],"collection":[{"href":"https:\/\/www.aironebiancoresidencevillage.com\/fr\/wp-json\/wp\/v2\/pages"}],"about":[{"href":"https:\/\/www.aironebiancoresidencevillage.com\/fr\/wp-json\/wp\/v2\/types\/page"}],"author":[{"embeddable":true,"href":"https:\/\/www.aironebiancoresidencevillage.com\/fr\/wp-json\/wp\/v2\/users\/13"}],"replies":[{"embeddable":true,"href":"https:\/\/www.aironebiancoresidencevillage.com\/fr\/wp-json\/wp\/v2\/comments?post=676"}],"version-history":[{"count":0,"href":"https:\/\/www.aironebiancoresidencevillage.com\/fr\/wp-json\/wp\/v2\/pages\/676\/revisions"}],"up":[{"embeddable":true,"href":"https:\/\/www.aironebiancoresidencevillage.com\/fr\/wp-json\/wp\/v2\/pages\/669"}],"wp:attachment":[{"href":"https:\/\/www.aironebiancoresidencevillage.com\/fr\/wp-json\/wp\/v2\/media?parent=676"}],"curies":[{"name":"wp","href":"https:\/\/api.w.org\/{rel}","templated":true}]}}