   {"id":674,"date":"2025-01-20T11:35:47","date_gmt":"2025-01-20T11:35:47","guid":{"rendered":"https:\/\/www.aironebiancoresidencevillage.com\/bungalow-dependance\/suite-adriatica\/"},"modified":"2025-03-13T12:40:20","modified_gmt":"2025-03-13T12:40:20","slug":"suite-adriatique","status":"publish","type":"page","link":"https:\/\/www.aironebiancoresidencevillage.com\/fr\/bungalow-dependance\/suite-adriatique\/","title":{"rendered":"Suite Adriatique"},"content":{"rendered":"<p>La Suite Adriatique est un cottage ind\u00e9pendant, spacieux et magnifique.<\/p>\n<p>&nbsp;<\/p>\n<p>Elle se compose d&rsquo;un salon avec kitchenette et canap\u00e9-lit, de deux chambres, de deux salles de bains et d&rsquo;une pi\u00e8ce de rangement.<br \/>\nLa belle suite Adriatique est sur deux niveaux et dispose d&rsquo;un grand jardin avec un porche priv\u00e9 et un barbecue.<br \/>\nUne v\u00e9ritable r\u00e9sidence d&rsquo;\u00e9t\u00e9 pour des vacances au Lido delle Nazioni, sous le soleil des Lidi di Comacchio.<\/p>\n<p>&nbsp;<\/p>\n<p>Les animaux sont les bienvenus dans certains appartements.<\/p>\n","protected":false},"excerpt":{"rendered":"<p>La Suite Adriatique est un cottage ind\u00e9pendant, spacieux et magnifique. &nbsp; Elle se compose d&rsquo;un salon avec kitchenette et canap\u00e9-lit, de deux chambres, de deux salles de bains et d&rsquo;une pi\u00e8ce de rangement. La belle suite Adriatique est sur deux niveaux et dispose d&rsquo;un grand jardin avec un porche priv\u00e9 et un barbecue. Une v\u00e9ritable [&hellip;]<\/p>\n","protected":false},"author":13,"featured_media":0,"parent":669,"menu_order":25,"comment_status":"closed","ping_status":"closed","template":"template-room.php","meta":{"footnotes":""},"yoast_head":"<!-- This site is optimized with the Yoast SEO plugin v22.3 - https:\/\/yoast.com\/wordpress\/plugins\/seo\/ -->\n<title>Suite Adriatique - Airone Bianco Residence Village -<\/title>\n<meta name=\"description\" content=\"La Suite Adriatique est un cottage ind\u00e9pendant, spacieux et magnifique.  &nbsp;  Elle se compose d&#039;un salon avec kitchenette et canap\u00e9-lit, de deux chambres, de deux salles de bains et d&#039;une pi\u00e8ce de rangement. La belle suite Adriatique est sur deux niveaux et dispose d&#039;un grand jardin avec un porche priv\u00e9 et un barbecue. Une v\u00e9ritable r\u00e9sidence d&#039;\u00e9t\u00e9 pour des vacances au Lido delle Nazioni, sous le soleil des Lidi di Comacchio.  &nbsp;  Les animaux sont les bienvenus dans certains appartements..\" \/>\n<meta name=\"robots\" content=\"index, follow, max-snippet:-1, max-image-preview:large, max-video-preview:-1\" \/>\n<link rel=\"canonical\" href=\"https:\/\/www.aironebiancoresidencevillage.com\/fr\/bungalow-dependance\/suite-adriatique\/\" \/>\n<meta property=\"og:locale\" content=\"fr_FR\" \/>\n<meta property=\"og:type\" content=\"article\" \/>\n<meta property=\"og:title\" content=\"Suite Adriatique - Airone Bianco Residence Village -\" \/>\n<meta property=\"og:description\" content=\"La Suite Adriatique est un cottage ind\u00e9pendant, spacieux et magnifique.  &nbsp;  Elle se compose d&#039;un salon avec kitchenette et canap\u00e9-lit, de deux chambres, de deux salles de bains et d&#039;une pi\u00e8ce de rangement. La belle suite Adriatique est sur deux niveaux et dispose d&#039;un grand jardin avec un porche priv\u00e9 et un barbecue. Une v\u00e9ritable r\u00e9sidence d&#039;\u00e9t\u00e9 pour des vacances au Lido delle Nazioni, sous le soleil des Lidi di Comacchio.  &nbsp;  Les animaux sont les bienvenus dans certains appartements..\" \/>\n<meta property=\"og:url\" content=\"https:\/\/www.aironebiancoresidencevillage.com\/fr\/bungalow-dependance\/suite-adriatique\/\" \/>\n<meta property=\"og:site_name\" content=\"Airone Bianco Residence Village\" \/>\n<meta property=\"article:publisher\" content=\"https:\/\/www.facebook.com\/tomasitourism\/\" \/>\n<meta property=\"article:modified_time\" content=\"2025-03-13T12:40:20+00:00\" \/>\n<meta property=\"og:image\" content=\"https:\/\/www.aironebiancoresidencevillage.com\/wp-content\/uploads\/sites\/201\/2025\/01\/airone_bianco_home_slide_01.jpg\" \/>\n\t<meta property=\"og:image:width\" content=\"2200\" \/>\n\t<meta property=\"og:image:height\" content=\"1200\" \/>\n\t<meta property=\"og:image:type\" content=\"image\/jpeg\" \/>\n<meta name=\"twitter:card\" content=\"summary_large_image\" \/>\n<meta name=\"twitter:label1\" content=\"Dur\u00e9e de lecture estim\u00e9e\" \/>\n\t<meta name=\"twitter:data1\" content=\"1 minute\" \/>\n<script type=\"application\/ld+json\" class=\"yoast-schema-graph\">{\"@context\":\"https:\/\/schema.org\",\"@graph\":[{\"@type\":\"WebPage\",\"@id\":\"https:\/\/www.aironebiancoresidencevillage.com\/fr\/bungalow-dependance\/suite-adriatique\/\",\"url\":\"https:\/\/www.aironebiancoresidencevillage.com\/fr\/bungalow-dependance\/suite-adriatique\/\",\"name\":\"Suite Adriatique - Airone Bianco Residence Village -\",\"isPartOf\":{\"@id\":\"https:\/\/www.aironebiancoresidencevillage.com\/fr\/#website\"},\"datePublished\":\"2025-01-20T11:35:47+00:00\",\"dateModified\":\"2025-03-13T12:40:20+00:00\",\"description\":\"La Suite Adriatique est un cottage ind\u00e9pendant, spacieux et magnifique. &nbsp; Elle se compose d'un salon avec kitchenette et canap\u00e9-lit, de deux chambres, de deux salles de bains et d'une pi\u00e8ce de rangement. La belle suite Adriatique est sur deux niveaux et dispose d'un grand jardin avec un porche priv\u00e9 et un barbecue. Une v\u00e9ritable r\u00e9sidence d'\u00e9t\u00e9 pour des vacances au Lido delle Nazioni, sous le soleil des Lidi di Comacchio. &nbsp; Les animaux sont les bienvenus dans certains appartements..\",\"breadcrumb\":{\"@id\":\"https:\/\/www.aironebiancoresidencevillage.com\/fr\/bungalow-dependance\/suite-adriatique\/#breadcrumb\"},\"inLanguage\":\"fr-FR\",\"potentialAction\":[{\"@type\":\"ReadAction\",\"target\":[\"https:\/\/www.aironebiancoresidencevillage.com\/fr\/bungalow-dependance\/suite-adriatique\/\"]}]},{\"@type\":\"BreadcrumbList\",\"@id\":\"https:\/\/www.aironebiancoresidencevillage.com\/fr\/bungalow-dependance\/suite-adriatique\/#breadcrumb\",\"itemListElement\":[{\"@type\":\"ListItem\",\"position\":1,\"name\":\"Home\",\"item\":\"https:\/\/www.aironebiancoresidencevillage.com\/fr\/airone-bianco-residence-village\/\"},{\"@type\":\"ListItem\",\"position\":2,\"name\":\"Bungalow &#038; D\u00e9pendance\",\"item\":\"https:\/\/www.aironebiancoresidencevillage.com\/fr\/appartamenti-airone-bianco-residence-village\/\"},{\"@type\":\"ListItem\",\"position\":3,\"name\":\"Suite Adriatique\"}]},{\"@type\":\"WebSite\",\"@id\":\"https:\/\/www.aironebiancoresidencevillage.com\/fr\/#website\",\"url\":\"https:\/\/www.aironebiancoresidencevillage.com\/fr\/\",\"name\":\"Airone Bianco Residence Village\",\"description\":\"\",\"potentialAction\":[{\"@type\":\"SearchAction\",\"target\":{\"@type\":\"EntryPoint\",\"urlTemplate\":\"https:\/\/www.aironebiancoresidencevillage.com\/fr\/?s={search_term_string}\"},\"query-input\":\"required name=search_term_string\"}],\"inLanguage\":\"fr-FR\"}]}<\/script>\n<!-- \/ Yoast SEO plugin. -->","yoast_head_json":{"title":"Suite Adriatique - Airone Bianco Residence Village -","description":"La Suite Adriatique est un cottage ind\u00e9pendant, spacieux et magnifique.  &nbsp;  Elle se compose d'un salon avec kitchenette et canap\u00e9-lit, de deux chambres, de deux salles de bains et d'une pi\u00e8ce de rangement. La belle suite Adriatique est sur deux niveaux et dispose d'un grand jardin avec un porche priv\u00e9 et un barbecue. Une v\u00e9ritable r\u00e9sidence d'\u00e9t\u00e9 pour des vacances au Lido delle Nazioni, sous le soleil des Lidi di Comacchio.  &nbsp;  Les animaux sont les bienvenus dans certains appartements..","robots":{"index":"index","follow":"follow","max-snippet":"max-snippet:-1","max-image-preview":"max-image-preview:large","max-video-preview":"max-video-preview:-1"},"canonical":"https:\/\/www.aironebiancoresidencevillage.com\/fr\/bungalow-dependance\/suite-adriatique\/","og_locale":"fr_FR","og_type":"article","og_title":"Suite Adriatique - Airone Bianco Residence Village -","og_description":"La Suite Adriatique est un cottage ind\u00e9pendant, spacieux et magnifique.  &nbsp;  Elle se compose d'un salon avec kitchenette et canap\u00e9-lit, de deux chambres, de deux salles de bains et d'une pi\u00e8ce de rangement. La belle suite Adriatique est sur deux niveaux et dispose d'un grand jardin avec un porche priv\u00e9 et un barbecue. Une v\u00e9ritable r\u00e9sidence d'\u00e9t\u00e9 pour des vacances au Lido delle Nazioni, sous le soleil des Lidi di Comacchio.  &nbsp;  Les animaux sont les bienvenus dans certains appartements..","og_url":"https:\/\/www.aironebiancoresidencevillage.com\/fr\/bungalow-dependance\/suite-adriatique\/","og_site_name":"Airone Bianco Residence Village","article_publisher":"https:\/\/www.facebook.com\/tomasitourism\/","article_modified_time":"2025-03-13T12:40:20+00:00","og_image":[{"width":2200,"height":1200,"url":"https:\/\/www.aironebiancoresidencevillage.com\/wp-content\/uploads\/sites\/201\/2025\/01\/airone_bianco_home_slide_01.jpg","type":"image\/jpeg"}],"twitter_card":"summary_large_image","twitter_misc":{"Dur\u00e9e de lecture estim\u00e9e":"1 minute"},"schema":{"@context":"https:\/\/schema.org","@graph":[{"@type":"WebPage","@id":"https:\/\/www.aironebiancoresidencevillage.com\/fr\/bungalow-dependance\/suite-adriatique\/","url":"https:\/\/www.aironebiancoresidencevillage.com\/fr\/bungalow-dependance\/suite-adriatique\/","name":"Suite Adriatique - Airone Bianco Residence Village -","isPartOf":{"@id":"https:\/\/www.aironebiancoresidencevillage.com\/fr\/#website"},"datePublished":"2025-01-20T11:35:47+00:00","dateModified":"2025-03-13T12:40:20+00:00","description":"La Suite Adriatique est un cottage ind\u00e9pendant, spacieux et magnifique. &nbsp; Elle se compose d'un salon avec kitchenette et canap\u00e9-lit, de deux chambres, de deux salles de bains et d'une pi\u00e8ce de rangement. La belle suite Adriatique est sur deux niveaux et dispose d'un grand jardin avec un porche priv\u00e9 et un barbecue. Une v\u00e9ritable r\u00e9sidence d'\u00e9t\u00e9 pour des vacances au Lido delle Nazioni, sous le soleil des Lidi di Comacchio. &nbsp; Les animaux sont les bienvenus dans certains appartements..","breadcrumb":{"@id":"https:\/\/www.aironebiancoresidencevillage.com\/fr\/bungalow-dependance\/suite-adriatique\/#breadcrumb"},"inLanguage":"fr-FR","potentialAction":[{"@type":"ReadAction","target":["https:\/\/www.aironebiancoresidencevillage.com\/fr\/bungalow-dependance\/suite-adriatique\/"]}]},{"@type":"BreadcrumbList","@id":"https:\/\/www.aironebiancoresidencevillage.com\/fr\/bungalow-dependance\/suite-adriatique\/#breadcrumb","itemListElement":[{"@type":"ListItem","position":1,"name":"Home","item":"https:\/\/www.aironebiancoresidencevillage.com\/fr\/airone-bianco-residence-village\/"},{"@type":"ListItem","position":2,"name":"Bungalow &#038; D\u00e9pendance","item":"https:\/\/www.aironebiancoresidencevillage.com\/fr\/appartamenti-airone-bianco-residence-village\/"},{"@type":"ListItem","position":3,"name":"Suite Adriatique"}]},{"@type":"WebSite","@id":"https:\/\/www.aironebiancoresidencevillage.com\/fr\/#website","url":"https:\/\/www.aironebiancoresidencevillage.com\/fr\/","name":"Airone Bianco Residence Village","description":"","potentialAction":[{"@type":"SearchAction","target":{"@type":"EntryPoint","urlTemplate":"https:\/\/www.aironebiancoresidencevillage.com\/fr\/?s={search_term_string}"},"query-input":"required name=search_term_string"}],"inLanguage":"fr-FR"}]}},"acf":[],"_links":{"self":[{"href":"https:\/\/www.aironebiancoresidencevillage.com\/fr\/wp-json\/wp\/v2\/pages\/674"}],"collection":[{"href":"https:\/\/www.aironebiancoresidencevillage.com\/fr\/wp-json\/wp\/v2\/pages"}],"about":[{"href":"https:\/\/www.aironebiancoresidencevillage.com\/fr\/wp-json\/wp\/v2\/types\/page"}],"author":[{"embeddable":true,"href":"https:\/\/www.aironebiancoresidencevillage.com\/fr\/wp-json\/wp\/v2\/users\/13"}],"replies":[{"embeddable":true,"href":"https:\/\/www.aironebiancoresidencevillage.com\/fr\/wp-json\/wp\/v2\/comments?post=674"}],"version-history":[{"count":0,"href":"https:\/\/www.aironebiancoresidencevillage.com\/fr\/wp-json\/wp\/v2\/pages\/674\/revisions"}],"up":[{"embeddable":true,"href":"https:\/\/www.aironebiancoresidencevillage.com\/fr\/wp-json\/wp\/v2\/pages\/669"}],"wp:attachment":[{"href":"https:\/\/www.aironebiancoresidencevillage.com\/fr\/wp-json\/wp\/v2\/media?parent=674"}],"curies":[{"name":"wp","href":"https:\/\/api.w.org\/{rel}","templated":true}]}}