   {"id":670,"date":"2025-01-20T10:20:25","date_gmt":"2025-01-20T10:20:25","guid":{"rendered":"https:\/\/www.aironebiancoresidencevillage.com\/bungalow-dependance\/bungalow-adriatico\/"},"modified":"2025-03-13T12:30:05","modified_gmt":"2025-03-13T12:30:05","slug":"bungalow-adriatique","status":"publish","type":"page","link":"https:\/\/www.aironebiancoresidencevillage.com\/fr\/bungalow-dependance\/bungalow-adriatique\/","title":{"rendered":"Bungalow Adriatique"},"content":{"rendered":"<p>Grand appartement de deux pi\u00e8ces avec terrasse spacieuse.<\/p>\n<p>&nbsp;<\/p>\n<p>Il se compose d&rsquo;un salon avec kitchenette et canap\u00e9-lit double, d&rsquo;une chambre \u00e0 coucher et d&rsquo;une salle de bains. L&rsquo;appartement se trouve au premier \u00e9tage et dispose d&rsquo;un balcon. Il y a tout ce dont vous avez besoin pour vos vacances en famille \u00e0 Lido delle Nazioni, sur la c\u00f4te adriatique, comme un barbecue.<\/p>\n<p>&nbsp;<\/p>\n<p>Les animaux sont les bienvenus.<\/p>\n","protected":false},"excerpt":{"rendered":"<p>Grand appartement de deux pi\u00e8ces avec terrasse spacieuse. &nbsp; Il se compose d&rsquo;un salon avec kitchenette et canap\u00e9-lit double, d&rsquo;une chambre \u00e0 coucher et d&rsquo;une salle de bains. L&rsquo;appartement se trouve au premier \u00e9tage et dispose d&rsquo;un balcon. Il y a tout ce dont vous avez besoin pour vos vacances en famille \u00e0 Lido delle [&hellip;]<\/p>\n","protected":false},"author":13,"featured_media":0,"parent":669,"menu_order":5,"comment_status":"closed","ping_status":"closed","template":"template-room.php","meta":{"footnotes":""},"yoast_head":"<!-- This site is optimized with the Yoast SEO plugin v22.3 - https:\/\/yoast.com\/wordpress\/plugins\/seo\/ -->\n<title>Bungalow Adriatique - Airone Bianco Residence Village -<\/title>\n<meta name=\"description\" content=\"Grand appartement de deux pi\u00e8ces avec terrasse spacieuse.  &nbsp;  Il se compose d&#039;un salon avec kitchenette et canap\u00e9-lit double, d&#039;une chambre \u00e0 coucher et d&#039;une salle de bains. L&#039;appartement se trouve au premier \u00e9tage et dispose d&#039;un balcon\" \/>\n<meta name=\"robots\" content=\"index, follow, max-snippet:-1, max-image-preview:large, max-video-preview:-1\" \/>\n<link rel=\"canonical\" href=\"https:\/\/www.aironebiancoresidencevillage.com\/fr\/bungalow-dependance\/bungalow-adriatique\/\" \/>\n<meta property=\"og:locale\" content=\"fr_FR\" \/>\n<meta property=\"og:type\" content=\"article\" \/>\n<meta property=\"og:title\" content=\"Bungalow Adriatique - Airone Bianco Residence Village -\" \/>\n<meta property=\"og:description\" content=\"Grand appartement de deux pi\u00e8ces avec terrasse spacieuse.  &nbsp;  Il se compose d&#039;un salon avec kitchenette et canap\u00e9-lit double, d&#039;une chambre \u00e0 coucher et d&#039;une salle de bains. L&#039;appartement se trouve au premier \u00e9tage et dispose d&#039;un balcon\" \/>\n<meta property=\"og:url\" content=\"https:\/\/www.aironebiancoresidencevillage.com\/fr\/bungalow-dependance\/bungalow-adriatique\/\" \/>\n<meta property=\"og:site_name\" content=\"Airone Bianco Residence Village\" \/>\n<meta property=\"article:publisher\" content=\"https:\/\/www.facebook.com\/tomasitourism\/\" \/>\n<meta property=\"article:modified_time\" content=\"2025-03-13T12:30:05+00:00\" \/>\n<meta property=\"og:image\" content=\"https:\/\/www.aironebiancoresidencevillage.com\/wp-content\/uploads\/sites\/201\/2025\/01\/airone_bianco_home_slide_01.jpg\" \/>\n\t<meta property=\"og:image:width\" content=\"2200\" \/>\n\t<meta property=\"og:image:height\" content=\"1200\" \/>\n\t<meta property=\"og:image:type\" content=\"image\/jpeg\" \/>\n<meta name=\"twitter:card\" content=\"summary_large_image\" \/>\n<meta name=\"twitter:label1\" content=\"Dur\u00e9e de lecture estim\u00e9e\" \/>\n\t<meta name=\"twitter:data1\" content=\"1 minute\" \/>\n<script type=\"application\/ld+json\" class=\"yoast-schema-graph\">{\"@context\":\"https:\/\/schema.org\",\"@graph\":[{\"@type\":\"WebPage\",\"@id\":\"https:\/\/www.aironebiancoresidencevillage.com\/fr\/bungalow-dependance\/bungalow-adriatique\/\",\"url\":\"https:\/\/www.aironebiancoresidencevillage.com\/fr\/bungalow-dependance\/bungalow-adriatique\/\",\"name\":\"Bungalow Adriatique - Airone Bianco Residence Village -\",\"isPartOf\":{\"@id\":\"https:\/\/www.aironebiancoresidencevillage.com\/fr\/#website\"},\"datePublished\":\"2025-01-20T10:20:25+00:00\",\"dateModified\":\"2025-03-13T12:30:05+00:00\",\"description\":\"Grand appartement de deux pi\u00e8ces avec terrasse spacieuse. &nbsp; Il se compose d'un salon avec kitchenette et canap\u00e9-lit double, d'une chambre \u00e0 coucher et d'une salle de bains. L'appartement se trouve au premier \u00e9tage et dispose d'un balcon\",\"breadcrumb\":{\"@id\":\"https:\/\/www.aironebiancoresidencevillage.com\/fr\/bungalow-dependance\/bungalow-adriatique\/#breadcrumb\"},\"inLanguage\":\"fr-FR\",\"potentialAction\":[{\"@type\":\"ReadAction\",\"target\":[\"https:\/\/www.aironebiancoresidencevillage.com\/fr\/bungalow-dependance\/bungalow-adriatique\/\"]}]},{\"@type\":\"BreadcrumbList\",\"@id\":\"https:\/\/www.aironebiancoresidencevillage.com\/fr\/bungalow-dependance\/bungalow-adriatique\/#breadcrumb\",\"itemListElement\":[{\"@type\":\"ListItem\",\"position\":1,\"name\":\"Home\",\"item\":\"https:\/\/www.aironebiancoresidencevillage.com\/fr\/airone-bianco-residence-village\/\"},{\"@type\":\"ListItem\",\"position\":2,\"name\":\"Bungalow &#038; D\u00e9pendance\",\"item\":\"https:\/\/www.aironebiancoresidencevillage.com\/fr\/appartamenti-airone-bianco-residence-village\/\"},{\"@type\":\"ListItem\",\"position\":3,\"name\":\"Bungalow Adriatique\"}]},{\"@type\":\"WebSite\",\"@id\":\"https:\/\/www.aironebiancoresidencevillage.com\/fr\/#website\",\"url\":\"https:\/\/www.aironebiancoresidencevillage.com\/fr\/\",\"name\":\"Airone Bianco Residence Village\",\"description\":\"\",\"potentialAction\":[{\"@type\":\"SearchAction\",\"target\":{\"@type\":\"EntryPoint\",\"urlTemplate\":\"https:\/\/www.aironebiancoresidencevillage.com\/fr\/?s={search_term_string}\"},\"query-input\":\"required name=search_term_string\"}],\"inLanguage\":\"fr-FR\"}]}<\/script>\n<!-- \/ Yoast SEO plugin. -->","yoast_head_json":{"title":"Bungalow Adriatique - Airone Bianco Residence Village -","description":"Grand appartement de deux pi\u00e8ces avec terrasse spacieuse.  &nbsp;  Il se compose d'un salon avec kitchenette et canap\u00e9-lit double, d'une chambre \u00e0 coucher et d'une salle de bains. L'appartement se trouve au premier \u00e9tage et dispose d'un balcon","robots":{"index":"index","follow":"follow","max-snippet":"max-snippet:-1","max-image-preview":"max-image-preview:large","max-video-preview":"max-video-preview:-1"},"canonical":"https:\/\/www.aironebiancoresidencevillage.com\/fr\/bungalow-dependance\/bungalow-adriatique\/","og_locale":"fr_FR","og_type":"article","og_title":"Bungalow Adriatique - Airone Bianco Residence Village -","og_description":"Grand appartement de deux pi\u00e8ces avec terrasse spacieuse.  &nbsp;  Il se compose d'un salon avec kitchenette et canap\u00e9-lit double, d'une chambre \u00e0 coucher et d'une salle de bains. L'appartement se trouve au premier \u00e9tage et dispose d'un balcon","og_url":"https:\/\/www.aironebiancoresidencevillage.com\/fr\/bungalow-dependance\/bungalow-adriatique\/","og_site_name":"Airone Bianco Residence Village","article_publisher":"https:\/\/www.facebook.com\/tomasitourism\/","article_modified_time":"2025-03-13T12:30:05+00:00","og_image":[{"width":2200,"height":1200,"url":"https:\/\/www.aironebiancoresidencevillage.com\/wp-content\/uploads\/sites\/201\/2025\/01\/airone_bianco_home_slide_01.jpg","type":"image\/jpeg"}],"twitter_card":"summary_large_image","twitter_misc":{"Dur\u00e9e de lecture estim\u00e9e":"1 minute"},"schema":{"@context":"https:\/\/schema.org","@graph":[{"@type":"WebPage","@id":"https:\/\/www.aironebiancoresidencevillage.com\/fr\/bungalow-dependance\/bungalow-adriatique\/","url":"https:\/\/www.aironebiancoresidencevillage.com\/fr\/bungalow-dependance\/bungalow-adriatique\/","name":"Bungalow Adriatique - Airone Bianco Residence Village -","isPartOf":{"@id":"https:\/\/www.aironebiancoresidencevillage.com\/fr\/#website"},"datePublished":"2025-01-20T10:20:25+00:00","dateModified":"2025-03-13T12:30:05+00:00","description":"Grand appartement de deux pi\u00e8ces avec terrasse spacieuse. &nbsp; Il se compose d'un salon avec kitchenette et canap\u00e9-lit double, d'une chambre \u00e0 coucher et d'une salle de bains. L'appartement se trouve au premier \u00e9tage et dispose d'un balcon","breadcrumb":{"@id":"https:\/\/www.aironebiancoresidencevillage.com\/fr\/bungalow-dependance\/bungalow-adriatique\/#breadcrumb"},"inLanguage":"fr-FR","potentialAction":[{"@type":"ReadAction","target":["https:\/\/www.aironebiancoresidencevillage.com\/fr\/bungalow-dependance\/bungalow-adriatique\/"]}]},{"@type":"BreadcrumbList","@id":"https:\/\/www.aironebiancoresidencevillage.com\/fr\/bungalow-dependance\/bungalow-adriatique\/#breadcrumb","itemListElement":[{"@type":"ListItem","position":1,"name":"Home","item":"https:\/\/www.aironebiancoresidencevillage.com\/fr\/airone-bianco-residence-village\/"},{"@type":"ListItem","position":2,"name":"Bungalow &#038; D\u00e9pendance","item":"https:\/\/www.aironebiancoresidencevillage.com\/fr\/appartamenti-airone-bianco-residence-village\/"},{"@type":"ListItem","position":3,"name":"Bungalow Adriatique"}]},{"@type":"WebSite","@id":"https:\/\/www.aironebiancoresidencevillage.com\/fr\/#website","url":"https:\/\/www.aironebiancoresidencevillage.com\/fr\/","name":"Airone Bianco Residence Village","description":"","potentialAction":[{"@type":"SearchAction","target":{"@type":"EntryPoint","urlTemplate":"https:\/\/www.aironebiancoresidencevillage.com\/fr\/?s={search_term_string}"},"query-input":"required name=search_term_string"}],"inLanguage":"fr-FR"}]}},"acf":[],"_links":{"self":[{"href":"https:\/\/www.aironebiancoresidencevillage.com\/fr\/wp-json\/wp\/v2\/pages\/670"}],"collection":[{"href":"https:\/\/www.aironebiancoresidencevillage.com\/fr\/wp-json\/wp\/v2\/pages"}],"about":[{"href":"https:\/\/www.aironebiancoresidencevillage.com\/fr\/wp-json\/wp\/v2\/types\/page"}],"author":[{"embeddable":true,"href":"https:\/\/www.aironebiancoresidencevillage.com\/fr\/wp-json\/wp\/v2\/users\/13"}],"replies":[{"embeddable":true,"href":"https:\/\/www.aironebiancoresidencevillage.com\/fr\/wp-json\/wp\/v2\/comments?post=670"}],"version-history":[{"count":0,"href":"https:\/\/www.aironebiancoresidencevillage.com\/fr\/wp-json\/wp\/v2\/pages\/670\/revisions"}],"up":[{"embeddable":true,"href":"https:\/\/www.aironebiancoresidencevillage.com\/fr\/wp-json\/wp\/v2\/pages\/669"}],"wp:attachment":[{"href":"https:\/\/www.aironebiancoresidencevillage.com\/fr\/wp-json\/wp\/v2\/media?parent=670"}],"curies":[{"name":"wp","href":"https:\/\/api.w.org\/{rel}","templated":true}]}}