   {"id":848,"date":"2025-01-27T14:32:08","date_gmt":"2025-01-27T14:32:08","guid":{"rendered":"https:\/\/www.aironebiancoresidencevillage.com\/?page_id=848"},"modified":"2025-03-14T15:43:35","modified_gmt":"2025-03-14T15:43:35","slug":"po-delta-park","status":"publish","type":"page","link":"https:\/\/www.aironebiancoresidencevillage.com\/de\/umgebung\/po-delta-park\/","title":{"rendered":"Po Delta Park"},"content":{"rendered":"<p>Der Po-Delta Park ist eines der wichtigsten Naturschutzgebiete in Italien, am \u00f6stlichen Ende der Poebene gelegen, zwischen den Regionen Emilia-Romagna und Veneto. Er erstreckt sich \u00fcber 53.000 Hektar und ist gepr\u00e4gt von einer einzigartigen Landschaft, in der Wasser, Erde und Himmel zu einem der reichsten und vielf\u00e4ltigsten \u00d6kosysteme Europas verschmelzen. Der Park beherbergt eine au\u00dfergew\u00f6hnliche Vielfalt an Flora und Fauna, mit mehr als 300 Arten von Zugv\u00f6geln, die im Delta einen wichtigen Aufenthaltsort w\u00e4hrend ihrer Wanderungen finden. Die Fauna umfasst auch zahlreiche S\u00e4ugetiere, Fische und Amphibien, w\u00e4hrend sich die Flora durch Feuchtgebiete und Sumpfpflanzen auszeichnet. Das Gebiet des Parks ist ein Mosaik aus Lagunen, S\u00fcmpfen, Kan\u00e4len, T\u00e4lern und W\u00e4ldern mit Sandd\u00fcnen, die sich mit landwirtschaftlichen Gebieten und fruchtbaren Feldern abwechseln. Seine geographischen Merkmale sind das Ergebnis der kontinuierlichen Wirkung des Flusses Po, der in seinem Lauf zur Adria ein sedimentreiches Delta geschaffen hat.<\/p>\n","protected":false},"excerpt":{"rendered":"<p>Der Po-Delta Park ist eines der wichtigsten Naturschutzgebiete in Italien, am \u00f6stlichen Ende der Poebene gelegen, zwischen den Regionen Emilia-Romagna und Veneto. Er erstreckt sich \u00fcber 53.000 Hektar und ist gepr\u00e4gt von einer einzigartigen Landschaft, in der Wasser, Erde und Himmel zu einem der reichsten und vielf\u00e4ltigsten \u00d6kosysteme Europas verschmelzen. Der Park beherbergt eine au\u00dfergew\u00f6hnliche [&hellip;]<\/p>\n","protected":false},"author":13,"featured_media":0,"parent":839,"menu_order":30,"comment_status":"closed","ping_status":"closed","template":"template-territory-single.php","meta":{"footnotes":""},"yoast_head":"<!-- This site is optimized with the Yoast SEO plugin v22.3 - https:\/\/yoast.com\/wordpress\/plugins\/seo\/ -->\n<title>Po Delta Park - Airone Bianco Residence Village -<\/title>\n<meta name=\"description\" content=\"Der Po-Delta Park ist eines der wichtigsten Naturschutzgebiete in Italien, am \u00f6stlichen Ende der Poebene gelegen, zwischen den Regionen Emilia-Romagna und Veneto. Er erstreckt sich \u00fcber 53.000 Hektar und ist gepr\u00e4gt von einer einzigartigen Landschaft, in der Wasser, Erde und Himmel zu einem der reichsten und vielf\u00e4ltigsten \u00d6kosysteme Europas verschmelzen\" \/>\n<meta name=\"robots\" content=\"index, follow, max-snippet:-1, max-image-preview:large, max-video-preview:-1\" \/>\n<link rel=\"canonical\" href=\"https:\/\/www.aironebiancoresidencevillage.com\/de\/umgebung\/po-delta-park\/\" \/>\n<meta property=\"og:locale\" content=\"de_DE\" \/>\n<meta property=\"og:type\" content=\"article\" \/>\n<meta property=\"og:title\" content=\"Po Delta Park - Airone Bianco Residence Village -\" \/>\n<meta property=\"og:description\" content=\"Der Po-Delta Park ist eines der wichtigsten Naturschutzgebiete in Italien, am \u00f6stlichen Ende der Poebene gelegen, zwischen den Regionen Emilia-Romagna und Veneto. Er erstreckt sich \u00fcber 53.000 Hektar und ist gepr\u00e4gt von einer einzigartigen Landschaft, in der Wasser, Erde und Himmel zu einem der reichsten und vielf\u00e4ltigsten \u00d6kosysteme Europas verschmelzen\" \/>\n<meta property=\"og:url\" content=\"https:\/\/www.aironebiancoresidencevillage.com\/de\/umgebung\/po-delta-park\/\" \/>\n<meta property=\"og:site_name\" content=\"Airone Bianco Residence Village\" \/>\n<meta property=\"article:publisher\" content=\"https:\/\/www.facebook.com\/tomasitourism\/\" \/>\n<meta property=\"article:modified_time\" content=\"2025-03-14T15:43:35+00:00\" \/>\n<meta property=\"og:image\" content=\"https:\/\/www.aironebiancoresidencevillage.com\/wp-content\/uploads\/sites\/201\/2025\/01\/airone_bianco_home_slide_01.jpg\" \/>\n\t<meta property=\"og:image:width\" content=\"2200\" \/>\n\t<meta property=\"og:image:height\" content=\"1200\" \/>\n\t<meta property=\"og:image:type\" content=\"image\/jpeg\" \/>\n<meta name=\"twitter:card\" content=\"summary_large_image\" \/>\n<meta name=\"twitter:label1\" content=\"Gesch\u00e4tzte Lesezeit\" \/>\n\t<meta name=\"twitter:data1\" content=\"1 Minute\" \/>\n<script type=\"application\/ld+json\" class=\"yoast-schema-graph\">{\"@context\":\"https:\/\/schema.org\",\"@graph\":[{\"@type\":\"WebPage\",\"@id\":\"https:\/\/www.aironebiancoresidencevillage.com\/de\/umgebung\/po-delta-park\/\",\"url\":\"https:\/\/www.aironebiancoresidencevillage.com\/de\/umgebung\/po-delta-park\/\",\"name\":\"Po Delta Park - Airone Bianco Residence Village -\",\"isPartOf\":{\"@id\":\"https:\/\/www.aironebiancoresidencevillage.com\/de\/#website\"},\"datePublished\":\"2025-01-27T14:32:08+00:00\",\"dateModified\":\"2025-03-14T15:43:35+00:00\",\"description\":\"Der Po-Delta Park ist eines der wichtigsten Naturschutzgebiete in Italien, am \u00f6stlichen Ende der Poebene gelegen, zwischen den Regionen Emilia-Romagna und Veneto. Er erstreckt sich \u00fcber 53.000 Hektar und ist gepr\u00e4gt von einer einzigartigen Landschaft, in der Wasser, Erde und Himmel zu einem der reichsten und vielf\u00e4ltigsten \u00d6kosysteme Europas verschmelzen\",\"breadcrumb\":{\"@id\":\"https:\/\/www.aironebiancoresidencevillage.com\/de\/umgebung\/po-delta-park\/#breadcrumb\"},\"inLanguage\":\"de-DE\",\"potentialAction\":[{\"@type\":\"ReadAction\",\"target\":[\"https:\/\/www.aironebiancoresidencevillage.com\/de\/umgebung\/po-delta-park\/\"]}]},{\"@type\":\"BreadcrumbList\",\"@id\":\"https:\/\/www.aironebiancoresidencevillage.com\/de\/umgebung\/po-delta-park\/#breadcrumb\",\"itemListElement\":[{\"@type\":\"ListItem\",\"position\":1,\"name\":\"Home\",\"item\":\"https:\/\/www.aironebiancoresidencevillage.com\/de\/\"},{\"@type\":\"ListItem\",\"position\":2,\"name\":\"Umgebung\",\"item\":\"https:\/\/www.aironebiancoresidencevillage.com\/de\/umgebung\/\"},{\"@type\":\"ListItem\",\"position\":3,\"name\":\"Po Delta Park\"}]},{\"@type\":\"WebSite\",\"@id\":\"https:\/\/www.aironebiancoresidencevillage.com\/de\/#website\",\"url\":\"https:\/\/www.aironebiancoresidencevillage.com\/de\/\",\"name\":\"Airone Bianco Residence Village\",\"description\":\"\",\"potentialAction\":[{\"@type\":\"SearchAction\",\"target\":{\"@type\":\"EntryPoint\",\"urlTemplate\":\"https:\/\/www.aironebiancoresidencevillage.com\/de\/?s={search_term_string}\"},\"query-input\":\"required name=search_term_string\"}],\"inLanguage\":\"de-DE\"}]}<\/script>\n<!-- \/ Yoast SEO plugin. -->","yoast_head_json":{"title":"Po Delta Park - Airone Bianco Residence Village -","description":"Der Po-Delta Park ist eines der wichtigsten Naturschutzgebiete in Italien, am \u00f6stlichen Ende der Poebene gelegen, zwischen den Regionen Emilia-Romagna und Veneto. Er erstreckt sich \u00fcber 53.000 Hektar und ist gepr\u00e4gt von einer einzigartigen Landschaft, in der Wasser, Erde und Himmel zu einem der reichsten und vielf\u00e4ltigsten \u00d6kosysteme Europas verschmelzen","robots":{"index":"index","follow":"follow","max-snippet":"max-snippet:-1","max-image-preview":"max-image-preview:large","max-video-preview":"max-video-preview:-1"},"canonical":"https:\/\/www.aironebiancoresidencevillage.com\/de\/umgebung\/po-delta-park\/","og_locale":"de_DE","og_type":"article","og_title":"Po Delta Park - Airone Bianco Residence Village -","og_description":"Der Po-Delta Park ist eines der wichtigsten Naturschutzgebiete in Italien, am \u00f6stlichen Ende der Poebene gelegen, zwischen den Regionen Emilia-Romagna und Veneto. Er erstreckt sich \u00fcber 53.000 Hektar und ist gepr\u00e4gt von einer einzigartigen Landschaft, in der Wasser, Erde und Himmel zu einem der reichsten und vielf\u00e4ltigsten \u00d6kosysteme Europas verschmelzen","og_url":"https:\/\/www.aironebiancoresidencevillage.com\/de\/umgebung\/po-delta-park\/","og_site_name":"Airone Bianco Residence Village","article_publisher":"https:\/\/www.facebook.com\/tomasitourism\/","article_modified_time":"2025-03-14T15:43:35+00:00","og_image":[{"width":2200,"height":1200,"url":"https:\/\/www.aironebiancoresidencevillage.com\/wp-content\/uploads\/sites\/201\/2025\/01\/airone_bianco_home_slide_01.jpg","type":"image\/jpeg"}],"twitter_card":"summary_large_image","twitter_misc":{"Gesch\u00e4tzte Lesezeit":"1 Minute"},"schema":{"@context":"https:\/\/schema.org","@graph":[{"@type":"WebPage","@id":"https:\/\/www.aironebiancoresidencevillage.com\/de\/umgebung\/po-delta-park\/","url":"https:\/\/www.aironebiancoresidencevillage.com\/de\/umgebung\/po-delta-park\/","name":"Po Delta Park - Airone Bianco Residence Village -","isPartOf":{"@id":"https:\/\/www.aironebiancoresidencevillage.com\/de\/#website"},"datePublished":"2025-01-27T14:32:08+00:00","dateModified":"2025-03-14T15:43:35+00:00","description":"Der Po-Delta Park ist eines der wichtigsten Naturschutzgebiete in Italien, am \u00f6stlichen Ende der Poebene gelegen, zwischen den Regionen Emilia-Romagna und Veneto. Er erstreckt sich \u00fcber 53.000 Hektar und ist gepr\u00e4gt von einer einzigartigen Landschaft, in der Wasser, Erde und Himmel zu einem der reichsten und vielf\u00e4ltigsten \u00d6kosysteme Europas verschmelzen","breadcrumb":{"@id":"https:\/\/www.aironebiancoresidencevillage.com\/de\/umgebung\/po-delta-park\/#breadcrumb"},"inLanguage":"de-DE","potentialAction":[{"@type":"ReadAction","target":["https:\/\/www.aironebiancoresidencevillage.com\/de\/umgebung\/po-delta-park\/"]}]},{"@type":"BreadcrumbList","@id":"https:\/\/www.aironebiancoresidencevillage.com\/de\/umgebung\/po-delta-park\/#breadcrumb","itemListElement":[{"@type":"ListItem","position":1,"name":"Home","item":"https:\/\/www.aironebiancoresidencevillage.com\/de\/"},{"@type":"ListItem","position":2,"name":"Umgebung","item":"https:\/\/www.aironebiancoresidencevillage.com\/de\/umgebung\/"},{"@type":"ListItem","position":3,"name":"Po Delta Park"}]},{"@type":"WebSite","@id":"https:\/\/www.aironebiancoresidencevillage.com\/de\/#website","url":"https:\/\/www.aironebiancoresidencevillage.com\/de\/","name":"Airone Bianco Residence Village","description":"","potentialAction":[{"@type":"SearchAction","target":{"@type":"EntryPoint","urlTemplate":"https:\/\/www.aironebiancoresidencevillage.com\/de\/?s={search_term_string}"},"query-input":"required name=search_term_string"}],"inLanguage":"de-DE"}]}},"acf":[],"_links":{"self":[{"href":"https:\/\/www.aironebiancoresidencevillage.com\/de\/wp-json\/wp\/v2\/pages\/848"}],"collection":[{"href":"https:\/\/www.aironebiancoresidencevillage.com\/de\/wp-json\/wp\/v2\/pages"}],"about":[{"href":"https:\/\/www.aironebiancoresidencevillage.com\/de\/wp-json\/wp\/v2\/types\/page"}],"author":[{"embeddable":true,"href":"https:\/\/www.aironebiancoresidencevillage.com\/de\/wp-json\/wp\/v2\/users\/13"}],"replies":[{"embeddable":true,"href":"https:\/\/www.aironebiancoresidencevillage.com\/de\/wp-json\/wp\/v2\/comments?post=848"}],"version-history":[{"count":0,"href":"https:\/\/www.aironebiancoresidencevillage.com\/de\/wp-json\/wp\/v2\/pages\/848\/revisions"}],"up":[{"embeddable":true,"href":"https:\/\/www.aironebiancoresidencevillage.com\/de\/wp-json\/wp\/v2\/pages\/839"}],"wp:attachment":[{"href":"https:\/\/www.aironebiancoresidencevillage.com\/de\/wp-json\/wp\/v2\/media?parent=848"}],"curies":[{"name":"wp","href":"https:\/\/api.w.org\/{rel}","templated":true}]}}