   {"id":837,"date":"2025-01-24T09:23:42","date_gmt":"2025-01-24T09:23:42","guid":{"rendered":"https:\/\/www.aironebiancoresidencevillage.com\/?page_id=837"},"modified":"2025-03-14T14:54:48","modified_gmt":"2025-03-14T14:54:48","slug":"strand-und-shuttle-service","status":"publish","type":"page","link":"https:\/\/www.aironebiancoresidencevillage.com\/de\/dienstleistungen\/strand-und-shuttle-service\/","title":{"rendered":"Strand und Shuttle-Service"},"content":{"rendered":"<p>Unsere Badeanstalt &#8222;Bagno Oasi&#8220; befindet sich an einem der langen Str\u00e4nde der Adriak\u00fcste in Lido Nazioni in der Gemeinde Comacchio, in den Lidi Ferraresi. Bagno Oasi bietet viele Annehmlichkeiten und Komforts, wie z.B. Unterhaltung, einen Kinderspielplatz und eine Bar, die immer verf\u00fcgbar ist.<br \/>\nRuhe und Entspannung, aber auch Sport und Spa\u00df sind immer garantiert!<br \/>\nSie k\u00f6nnen sich unter dem Sonnenschirm am Strand entspannen oder sich auf den Beachvolleyball- und Beachtennispl\u00e4tzen auspowern.<\/p>\n<p>&nbsp;<\/p>\n<p>Au\u00dferdem steht ein kostenloser Shuttle-Service zur Verf\u00fcgung, der Sie bequem von der Residenz zum Privatstrand bringt.<\/p>\n<p>&nbsp;<\/p>\n<p>Unser Strandservice, der in den Angeboten inbegriffen ist, umfasst 1 Sonnenschirm und 1 Sonnenliege (und 10 % Erm\u00e4\u00dfigung auf zus\u00e4tzliche Liegest\u00fchle oder Sonnenliegen!).<\/p>\n","protected":false},"excerpt":{"rendered":"<p>Unsere Badeanstalt &#8222;Bagno Oasi&#8220; befindet sich an einem der langen Str\u00e4nde der Adriak\u00fcste in Lido Nazioni in der Gemeinde Comacchio, in den Lidi Ferraresi. Bagno Oasi bietet viele Annehmlichkeiten und Komforts, wie z.B. Unterhaltung, einen Kinderspielplatz und eine Bar, die immer verf\u00fcgbar ist. Ruhe und Entspannung, aber auch Sport und Spa\u00df sind immer garantiert! Sie [&hellip;]<\/p>\n","protected":false},"author":13,"featured_media":0,"parent":656,"menu_order":20,"comment_status":"closed","ping_status":"closed","template":"","meta":{"footnotes":""},"yoast_head":"<!-- This site is optimized with the Yoast SEO plugin v22.3 - https:\/\/yoast.com\/wordpress\/plugins\/seo\/ -->\n<title>Strand und Shuttle-Service - Airone Bianco Residence Village -<\/title>\n<meta name=\"description\" content=\"Unsere Badeanstalt &quot;Bagno Oasi&quot; befindet sich an einem der langen Str\u00e4nde der Adriak\u00fcste in Lido Nazioni in der Gemeinde Comacchio, in den Lidi Ferraresi. Bagno Oasi bietet viele Annehmlichkeiten und Komforts, wie z.B\" \/>\n<meta name=\"robots\" content=\"index, follow, max-snippet:-1, max-image-preview:large, max-video-preview:-1\" \/>\n<link rel=\"canonical\" href=\"https:\/\/www.aironebiancoresidencevillage.com\/de\/dienstleistungen\/strand-und-shuttle-service\/\" \/>\n<meta property=\"og:locale\" content=\"de_DE\" \/>\n<meta property=\"og:type\" content=\"article\" \/>\n<meta property=\"og:title\" content=\"Strand und Shuttle-Service - Airone Bianco Residence Village -\" \/>\n<meta property=\"og:description\" content=\"Unsere Badeanstalt &quot;Bagno Oasi&quot; befindet sich an einem der langen Str\u00e4nde der Adriak\u00fcste in Lido Nazioni in der Gemeinde Comacchio, in den Lidi Ferraresi. Bagno Oasi bietet viele Annehmlichkeiten und Komforts, wie z.B\" \/>\n<meta property=\"og:url\" content=\"https:\/\/www.aironebiancoresidencevillage.com\/de\/dienstleistungen\/strand-und-shuttle-service\/\" \/>\n<meta property=\"og:site_name\" content=\"Airone Bianco Residence Village\" \/>\n<meta property=\"article:publisher\" content=\"https:\/\/www.facebook.com\/tomasitourism\/\" \/>\n<meta property=\"article:modified_time\" content=\"2025-03-14T14:54:48+00:00\" \/>\n<meta property=\"og:image\" content=\"https:\/\/www.aironebiancoresidencevillage.com\/wp-content\/uploads\/sites\/201\/2025\/01\/airone_bianco_home_slide_01.jpg\" \/>\n\t<meta property=\"og:image:width\" content=\"2200\" \/>\n\t<meta property=\"og:image:height\" content=\"1200\" \/>\n\t<meta property=\"og:image:type\" content=\"image\/jpeg\" \/>\n<meta name=\"twitter:card\" content=\"summary_large_image\" \/>\n<meta name=\"twitter:label1\" content=\"Gesch\u00e4tzte Lesezeit\" \/>\n\t<meta name=\"twitter:data1\" content=\"1 Minute\" \/>\n<script type=\"application\/ld+json\" class=\"yoast-schema-graph\">{\"@context\":\"https:\/\/schema.org\",\"@graph\":[{\"@type\":\"WebPage\",\"@id\":\"https:\/\/www.aironebiancoresidencevillage.com\/de\/dienstleistungen\/strand-und-shuttle-service\/\",\"url\":\"https:\/\/www.aironebiancoresidencevillage.com\/de\/dienstleistungen\/strand-und-shuttle-service\/\",\"name\":\"Strand und Shuttle-Service - Airone Bianco Residence Village -\",\"isPartOf\":{\"@id\":\"https:\/\/www.aironebiancoresidencevillage.com\/de\/#website\"},\"datePublished\":\"2025-01-24T09:23:42+00:00\",\"dateModified\":\"2025-03-14T14:54:48+00:00\",\"description\":\"Unsere Badeanstalt \\\"Bagno Oasi\\\" befindet sich an einem der langen Str\u00e4nde der Adriak\u00fcste in Lido Nazioni in der Gemeinde Comacchio, in den Lidi Ferraresi. Bagno Oasi bietet viele Annehmlichkeiten und Komforts, wie z.B\",\"breadcrumb\":{\"@id\":\"https:\/\/www.aironebiancoresidencevillage.com\/de\/dienstleistungen\/strand-und-shuttle-service\/#breadcrumb\"},\"inLanguage\":\"de-DE\",\"potentialAction\":[{\"@type\":\"ReadAction\",\"target\":[\"https:\/\/www.aironebiancoresidencevillage.com\/de\/dienstleistungen\/strand-und-shuttle-service\/\"]}]},{\"@type\":\"BreadcrumbList\",\"@id\":\"https:\/\/www.aironebiancoresidencevillage.com\/de\/dienstleistungen\/strand-und-shuttle-service\/#breadcrumb\",\"itemListElement\":[{\"@type\":\"ListItem\",\"position\":1,\"name\":\"Home\",\"item\":\"https:\/\/www.aironebiancoresidencevillage.com\/de\/\"},{\"@type\":\"ListItem\",\"position\":2,\"name\":\"Dienstleistungen\",\"item\":\"https:\/\/www.aironebiancoresidencevillage.com\/de\/dienstleistungen\/\"},{\"@type\":\"ListItem\",\"position\":3,\"name\":\"Strand und Shuttle-Service\"}]},{\"@type\":\"WebSite\",\"@id\":\"https:\/\/www.aironebiancoresidencevillage.com\/de\/#website\",\"url\":\"https:\/\/www.aironebiancoresidencevillage.com\/de\/\",\"name\":\"Airone Bianco Residence Village\",\"description\":\"\",\"potentialAction\":[{\"@type\":\"SearchAction\",\"target\":{\"@type\":\"EntryPoint\",\"urlTemplate\":\"https:\/\/www.aironebiancoresidencevillage.com\/de\/?s={search_term_string}\"},\"query-input\":\"required name=search_term_string\"}],\"inLanguage\":\"de-DE\"}]}<\/script>\n<!-- \/ Yoast SEO plugin. -->","yoast_head_json":{"title":"Strand und Shuttle-Service - Airone Bianco Residence Village -","description":"Unsere Badeanstalt \"Bagno Oasi\" befindet sich an einem der langen Str\u00e4nde der Adriak\u00fcste in Lido Nazioni in der Gemeinde Comacchio, in den Lidi Ferraresi. Bagno Oasi bietet viele Annehmlichkeiten und Komforts, wie z.B","robots":{"index":"index","follow":"follow","max-snippet":"max-snippet:-1","max-image-preview":"max-image-preview:large","max-video-preview":"max-video-preview:-1"},"canonical":"https:\/\/www.aironebiancoresidencevillage.com\/de\/dienstleistungen\/strand-und-shuttle-service\/","og_locale":"de_DE","og_type":"article","og_title":"Strand und Shuttle-Service - Airone Bianco Residence Village -","og_description":"Unsere Badeanstalt \"Bagno Oasi\" befindet sich an einem der langen Str\u00e4nde der Adriak\u00fcste in Lido Nazioni in der Gemeinde Comacchio, in den Lidi Ferraresi. Bagno Oasi bietet viele Annehmlichkeiten und Komforts, wie z.B","og_url":"https:\/\/www.aironebiancoresidencevillage.com\/de\/dienstleistungen\/strand-und-shuttle-service\/","og_site_name":"Airone Bianco Residence Village","article_publisher":"https:\/\/www.facebook.com\/tomasitourism\/","article_modified_time":"2025-03-14T14:54:48+00:00","og_image":[{"width":2200,"height":1200,"url":"https:\/\/www.aironebiancoresidencevillage.com\/wp-content\/uploads\/sites\/201\/2025\/01\/airone_bianco_home_slide_01.jpg","type":"image\/jpeg"}],"twitter_card":"summary_large_image","twitter_misc":{"Gesch\u00e4tzte Lesezeit":"1 Minute"},"schema":{"@context":"https:\/\/schema.org","@graph":[{"@type":"WebPage","@id":"https:\/\/www.aironebiancoresidencevillage.com\/de\/dienstleistungen\/strand-und-shuttle-service\/","url":"https:\/\/www.aironebiancoresidencevillage.com\/de\/dienstleistungen\/strand-und-shuttle-service\/","name":"Strand und Shuttle-Service - Airone Bianco Residence Village -","isPartOf":{"@id":"https:\/\/www.aironebiancoresidencevillage.com\/de\/#website"},"datePublished":"2025-01-24T09:23:42+00:00","dateModified":"2025-03-14T14:54:48+00:00","description":"Unsere Badeanstalt \"Bagno Oasi\" befindet sich an einem der langen Str\u00e4nde der Adriak\u00fcste in Lido Nazioni in der Gemeinde Comacchio, in den Lidi Ferraresi. Bagno Oasi bietet viele Annehmlichkeiten und Komforts, wie z.B","breadcrumb":{"@id":"https:\/\/www.aironebiancoresidencevillage.com\/de\/dienstleistungen\/strand-und-shuttle-service\/#breadcrumb"},"inLanguage":"de-DE","potentialAction":[{"@type":"ReadAction","target":["https:\/\/www.aironebiancoresidencevillage.com\/de\/dienstleistungen\/strand-und-shuttle-service\/"]}]},{"@type":"BreadcrumbList","@id":"https:\/\/www.aironebiancoresidencevillage.com\/de\/dienstleistungen\/strand-und-shuttle-service\/#breadcrumb","itemListElement":[{"@type":"ListItem","position":1,"name":"Home","item":"https:\/\/www.aironebiancoresidencevillage.com\/de\/"},{"@type":"ListItem","position":2,"name":"Dienstleistungen","item":"https:\/\/www.aironebiancoresidencevillage.com\/de\/dienstleistungen\/"},{"@type":"ListItem","position":3,"name":"Strand und Shuttle-Service"}]},{"@type":"WebSite","@id":"https:\/\/www.aironebiancoresidencevillage.com\/de\/#website","url":"https:\/\/www.aironebiancoresidencevillage.com\/de\/","name":"Airone Bianco Residence Village","description":"","potentialAction":[{"@type":"SearchAction","target":{"@type":"EntryPoint","urlTemplate":"https:\/\/www.aironebiancoresidencevillage.com\/de\/?s={search_term_string}"},"query-input":"required name=search_term_string"}],"inLanguage":"de-DE"}]}},"acf":[],"_links":{"self":[{"href":"https:\/\/www.aironebiancoresidencevillage.com\/de\/wp-json\/wp\/v2\/pages\/837"}],"collection":[{"href":"https:\/\/www.aironebiancoresidencevillage.com\/de\/wp-json\/wp\/v2\/pages"}],"about":[{"href":"https:\/\/www.aironebiancoresidencevillage.com\/de\/wp-json\/wp\/v2\/types\/page"}],"author":[{"embeddable":true,"href":"https:\/\/www.aironebiancoresidencevillage.com\/de\/wp-json\/wp\/v2\/users\/13"}],"replies":[{"embeddable":true,"href":"https:\/\/www.aironebiancoresidencevillage.com\/de\/wp-json\/wp\/v2\/comments?post=837"}],"version-history":[{"count":0,"href":"https:\/\/www.aironebiancoresidencevillage.com\/de\/wp-json\/wp\/v2\/pages\/837\/revisions"}],"up":[{"embeddable":true,"href":"https:\/\/www.aironebiancoresidencevillage.com\/de\/wp-json\/wp\/v2\/pages\/656"}],"wp:attachment":[{"href":"https:\/\/www.aironebiancoresidencevillage.com\/de\/wp-json\/wp\/v2\/media?parent=837"}],"curies":[{"name":"wp","href":"https:\/\/api.w.org\/{rel}","templated":true}]}}