   {"id":754,"date":"2025-01-24T08:55:49","date_gmt":"2025-01-24T08:55:49","guid":{"rendered":"https:\/\/www.aironebiancoresidencevillage.com\/?page_id=754"},"modified":"2025-03-12T16:01:35","modified_gmt":"2025-03-12T16:01:35","slug":"animation","status":"publish","type":"page","link":"https:\/\/www.aironebiancoresidencevillage.com\/de\/dienstleistungen\/animation\/","title":{"rendered":"Animation"},"content":{"rendered":"<p>L&#8217;Airone Bianco Residence Village bietet Ihnen einen ruhigen und erholsamen Urlaub, aber auch Spa\u00df!<br \/>\nIn der Tat bieten wir ein reichhaltiges Unterhaltungsprogramm f\u00fcr Familien, zur Freude von Erwachsenen und Kindern im Urlaub in der N\u00e4he von Comacchio.<\/p>\n<p>&nbsp;<\/p>\n<p>Wir bieten Unterhaltung f\u00fcr die Kleinsten mit Miniclubs, Shows, Spielen und Sportturnieren f\u00fcr \u00e4ltere Kinder und Erwachsene.<\/p>\n<p>&nbsp;<\/p>\n<p>Ob am Strand, im Schwimmbad oder im Theaterbereich, Spa\u00df ist garantiert!<br \/>\nEin Team von erfahrenen und cleveren jungen Leuten k\u00fcmmert sich mit Kompetenz und einem L\u00e4cheln um die Kinder, was ein Muss ist.<br \/>\nWir sind sicher, dass die Kleinen mit einem L\u00e4cheln nach Hause gehen werden &#8211; und Sie auch.<\/p>\n","protected":false},"excerpt":{"rendered":"<p>L&#8217;Airone Bianco Residence Village bietet Ihnen einen ruhigen und erholsamen Urlaub, aber auch Spa\u00df! In der Tat bieten wir ein reichhaltiges Unterhaltungsprogramm f\u00fcr Familien, zur Freude von Erwachsenen und Kindern im Urlaub in der N\u00e4he von Comacchio. &nbsp; Wir bieten Unterhaltung f\u00fcr die Kleinsten mit Miniclubs, Shows, Spielen und Sportturnieren f\u00fcr \u00e4ltere Kinder und Erwachsene. [&hellip;]<\/p>\n","protected":false},"author":13,"featured_media":0,"parent":656,"menu_order":10,"comment_status":"closed","ping_status":"closed","template":"","meta":{"footnotes":""},"yoast_head":"<!-- This site is optimized with the Yoast SEO plugin v22.3 - https:\/\/yoast.com\/wordpress\/plugins\/seo\/ -->\n<title>Animation - Airone Bianco Residence Village -<\/title>\n<meta name=\"description\" content=\"L&#039;Airone Bianco Residence Village bietet Ihnen einen ruhigen und erholsamen Urlaub, aber auch Spa\u00df! In der Tat bieten wir ein reichhaltiges Unterhaltungsprogramm f\u00fcr Familien, zur Freude von Erwachsenen und Kindern im Urlaub in der N\u00e4he von Comacchio.  &nbsp;  Wir bieten Unterhaltung f\u00fcr die Kleinsten mit Miniclubs, Shows, Spielen und Sportturnieren f\u00fcr \u00e4ltere Kinder und Erwachsene.  &nbsp;  Ob am Strand, im Schwimmbad oder im Theaterbereich, Spa\u00df ist garantiert! Ein Team von erfahrenen und cleveren jungen Leuten k\u00fcmmert sich mit Kompetenz und einem L\u00e4cheln um die Kinder, was ein Muss ist. Wir sind sicher, dass die Kleinen mit einem L\u00e4cheln nach Hause gehen werden - und Sie auch..\" \/>\n<meta name=\"robots\" content=\"index, follow, max-snippet:-1, max-image-preview:large, max-video-preview:-1\" \/>\n<link rel=\"canonical\" href=\"https:\/\/www.aironebiancoresidencevillage.com\/de\/dienstleistungen\/animation\/\" \/>\n<meta property=\"og:locale\" content=\"de_DE\" \/>\n<meta property=\"og:type\" content=\"article\" \/>\n<meta property=\"og:title\" content=\"Animation - Airone Bianco Residence Village -\" \/>\n<meta property=\"og:description\" content=\"L&#039;Airone Bianco Residence Village bietet Ihnen einen ruhigen und erholsamen Urlaub, aber auch Spa\u00df! In der Tat bieten wir ein reichhaltiges Unterhaltungsprogramm f\u00fcr Familien, zur Freude von Erwachsenen und Kindern im Urlaub in der N\u00e4he von Comacchio.  &nbsp;  Wir bieten Unterhaltung f\u00fcr die Kleinsten mit Miniclubs, Shows, Spielen und Sportturnieren f\u00fcr \u00e4ltere Kinder und Erwachsene.  &nbsp;  Ob am Strand, im Schwimmbad oder im Theaterbereich, Spa\u00df ist garantiert! Ein Team von erfahrenen und cleveren jungen Leuten k\u00fcmmert sich mit Kompetenz und einem L\u00e4cheln um die Kinder, was ein Muss ist. Wir sind sicher, dass die Kleinen mit einem L\u00e4cheln nach Hause gehen werden - und Sie auch..\" \/>\n<meta property=\"og:url\" content=\"https:\/\/www.aironebiancoresidencevillage.com\/de\/dienstleistungen\/animation\/\" \/>\n<meta property=\"og:site_name\" content=\"Airone Bianco Residence Village\" \/>\n<meta property=\"article:publisher\" content=\"https:\/\/www.facebook.com\/tomasitourism\/\" \/>\n<meta property=\"article:modified_time\" content=\"2025-03-12T16:01:35+00:00\" \/>\n<meta property=\"og:image\" content=\"https:\/\/www.aironebiancoresidencevillage.com\/wp-content\/uploads\/sites\/201\/2025\/01\/airone_bianco_home_slide_01.jpg\" \/>\n\t<meta property=\"og:image:width\" content=\"2200\" \/>\n\t<meta property=\"og:image:height\" content=\"1200\" \/>\n\t<meta property=\"og:image:type\" content=\"image\/jpeg\" \/>\n<meta name=\"twitter:card\" content=\"summary_large_image\" \/>\n<meta name=\"twitter:label1\" content=\"Gesch\u00e4tzte Lesezeit\" \/>\n\t<meta name=\"twitter:data1\" content=\"1 Minute\" \/>\n<script type=\"application\/ld+json\" class=\"yoast-schema-graph\">{\"@context\":\"https:\/\/schema.org\",\"@graph\":[{\"@type\":\"WebPage\",\"@id\":\"https:\/\/www.aironebiancoresidencevillage.com\/de\/dienstleistungen\/animation\/\",\"url\":\"https:\/\/www.aironebiancoresidencevillage.com\/de\/dienstleistungen\/animation\/\",\"name\":\"Animation - Airone Bianco Residence Village -\",\"isPartOf\":{\"@id\":\"https:\/\/www.aironebiancoresidencevillage.com\/de\/#website\"},\"datePublished\":\"2025-01-24T08:55:49+00:00\",\"dateModified\":\"2025-03-12T16:01:35+00:00\",\"description\":\"L'Airone Bianco Residence Village bietet Ihnen einen ruhigen und erholsamen Urlaub, aber auch Spa\u00df! In der Tat bieten wir ein reichhaltiges Unterhaltungsprogramm f\u00fcr Familien, zur Freude von Erwachsenen und Kindern im Urlaub in der N\u00e4he von Comacchio. &nbsp; Wir bieten Unterhaltung f\u00fcr die Kleinsten mit Miniclubs, Shows, Spielen und Sportturnieren f\u00fcr \u00e4ltere Kinder und Erwachsene. &nbsp; Ob am Strand, im Schwimmbad oder im Theaterbereich, Spa\u00df ist garantiert! Ein Team von erfahrenen und cleveren jungen Leuten k\u00fcmmert sich mit Kompetenz und einem L\u00e4cheln um die Kinder, was ein Muss ist. Wir sind sicher, dass die Kleinen mit einem L\u00e4cheln nach Hause gehen werden - und Sie auch..\",\"breadcrumb\":{\"@id\":\"https:\/\/www.aironebiancoresidencevillage.com\/de\/dienstleistungen\/animation\/#breadcrumb\"},\"inLanguage\":\"de-DE\",\"potentialAction\":[{\"@type\":\"ReadAction\",\"target\":[\"https:\/\/www.aironebiancoresidencevillage.com\/de\/dienstleistungen\/animation\/\"]}]},{\"@type\":\"BreadcrumbList\",\"@id\":\"https:\/\/www.aironebiancoresidencevillage.com\/de\/dienstleistungen\/animation\/#breadcrumb\",\"itemListElement\":[{\"@type\":\"ListItem\",\"position\":1,\"name\":\"Home\",\"item\":\"https:\/\/www.aironebiancoresidencevillage.com\/de\/\"},{\"@type\":\"ListItem\",\"position\":2,\"name\":\"Dienstleistungen\",\"item\":\"https:\/\/www.aironebiancoresidencevillage.com\/de\/dienstleistungen\/\"},{\"@type\":\"ListItem\",\"position\":3,\"name\":\"Animation\"}]},{\"@type\":\"WebSite\",\"@id\":\"https:\/\/www.aironebiancoresidencevillage.com\/de\/#website\",\"url\":\"https:\/\/www.aironebiancoresidencevillage.com\/de\/\",\"name\":\"Airone Bianco Residence Village\",\"description\":\"\",\"potentialAction\":[{\"@type\":\"SearchAction\",\"target\":{\"@type\":\"EntryPoint\",\"urlTemplate\":\"https:\/\/www.aironebiancoresidencevillage.com\/de\/?s={search_term_string}\"},\"query-input\":\"required name=search_term_string\"}],\"inLanguage\":\"de-DE\"}]}<\/script>\n<!-- \/ Yoast SEO plugin. -->","yoast_head_json":{"title":"Animation - Airone Bianco Residence Village -","description":"L'Airone Bianco Residence Village bietet Ihnen einen ruhigen und erholsamen Urlaub, aber auch Spa\u00df! In der Tat bieten wir ein reichhaltiges Unterhaltungsprogramm f\u00fcr Familien, zur Freude von Erwachsenen und Kindern im Urlaub in der N\u00e4he von Comacchio.  &nbsp;  Wir bieten Unterhaltung f\u00fcr die Kleinsten mit Miniclubs, Shows, Spielen und Sportturnieren f\u00fcr \u00e4ltere Kinder und Erwachsene.  &nbsp;  Ob am Strand, im Schwimmbad oder im Theaterbereich, Spa\u00df ist garantiert! Ein Team von erfahrenen und cleveren jungen Leuten k\u00fcmmert sich mit Kompetenz und einem L\u00e4cheln um die Kinder, was ein Muss ist. Wir sind sicher, dass die Kleinen mit einem L\u00e4cheln nach Hause gehen werden - und Sie auch..","robots":{"index":"index","follow":"follow","max-snippet":"max-snippet:-1","max-image-preview":"max-image-preview:large","max-video-preview":"max-video-preview:-1"},"canonical":"https:\/\/www.aironebiancoresidencevillage.com\/de\/dienstleistungen\/animation\/","og_locale":"de_DE","og_type":"article","og_title":"Animation - Airone Bianco Residence Village -","og_description":"L'Airone Bianco Residence Village bietet Ihnen einen ruhigen und erholsamen Urlaub, aber auch Spa\u00df! In der Tat bieten wir ein reichhaltiges Unterhaltungsprogramm f\u00fcr Familien, zur Freude von Erwachsenen und Kindern im Urlaub in der N\u00e4he von Comacchio.  &nbsp;  Wir bieten Unterhaltung f\u00fcr die Kleinsten mit Miniclubs, Shows, Spielen und Sportturnieren f\u00fcr \u00e4ltere Kinder und Erwachsene.  &nbsp;  Ob am Strand, im Schwimmbad oder im Theaterbereich, Spa\u00df ist garantiert! Ein Team von erfahrenen und cleveren jungen Leuten k\u00fcmmert sich mit Kompetenz und einem L\u00e4cheln um die Kinder, was ein Muss ist. Wir sind sicher, dass die Kleinen mit einem L\u00e4cheln nach Hause gehen werden - und Sie auch..","og_url":"https:\/\/www.aironebiancoresidencevillage.com\/de\/dienstleistungen\/animation\/","og_site_name":"Airone Bianco Residence Village","article_publisher":"https:\/\/www.facebook.com\/tomasitourism\/","article_modified_time":"2025-03-12T16:01:35+00:00","og_image":[{"width":2200,"height":1200,"url":"https:\/\/www.aironebiancoresidencevillage.com\/wp-content\/uploads\/sites\/201\/2025\/01\/airone_bianco_home_slide_01.jpg","type":"image\/jpeg"}],"twitter_card":"summary_large_image","twitter_misc":{"Gesch\u00e4tzte Lesezeit":"1 Minute"},"schema":{"@context":"https:\/\/schema.org","@graph":[{"@type":"WebPage","@id":"https:\/\/www.aironebiancoresidencevillage.com\/de\/dienstleistungen\/animation\/","url":"https:\/\/www.aironebiancoresidencevillage.com\/de\/dienstleistungen\/animation\/","name":"Animation - Airone Bianco Residence Village -","isPartOf":{"@id":"https:\/\/www.aironebiancoresidencevillage.com\/de\/#website"},"datePublished":"2025-01-24T08:55:49+00:00","dateModified":"2025-03-12T16:01:35+00:00","description":"L'Airone Bianco Residence Village bietet Ihnen einen ruhigen und erholsamen Urlaub, aber auch Spa\u00df! In der Tat bieten wir ein reichhaltiges Unterhaltungsprogramm f\u00fcr Familien, zur Freude von Erwachsenen und Kindern im Urlaub in der N\u00e4he von Comacchio. &nbsp; Wir bieten Unterhaltung f\u00fcr die Kleinsten mit Miniclubs, Shows, Spielen und Sportturnieren f\u00fcr \u00e4ltere Kinder und Erwachsene. &nbsp; Ob am Strand, im Schwimmbad oder im Theaterbereich, Spa\u00df ist garantiert! Ein Team von erfahrenen und cleveren jungen Leuten k\u00fcmmert sich mit Kompetenz und einem L\u00e4cheln um die Kinder, was ein Muss ist. Wir sind sicher, dass die Kleinen mit einem L\u00e4cheln nach Hause gehen werden - und Sie auch..","breadcrumb":{"@id":"https:\/\/www.aironebiancoresidencevillage.com\/de\/dienstleistungen\/animation\/#breadcrumb"},"inLanguage":"de-DE","potentialAction":[{"@type":"ReadAction","target":["https:\/\/www.aironebiancoresidencevillage.com\/de\/dienstleistungen\/animation\/"]}]},{"@type":"BreadcrumbList","@id":"https:\/\/www.aironebiancoresidencevillage.com\/de\/dienstleistungen\/animation\/#breadcrumb","itemListElement":[{"@type":"ListItem","position":1,"name":"Home","item":"https:\/\/www.aironebiancoresidencevillage.com\/de\/"},{"@type":"ListItem","position":2,"name":"Dienstleistungen","item":"https:\/\/www.aironebiancoresidencevillage.com\/de\/dienstleistungen\/"},{"@type":"ListItem","position":3,"name":"Animation"}]},{"@type":"WebSite","@id":"https:\/\/www.aironebiancoresidencevillage.com\/de\/#website","url":"https:\/\/www.aironebiancoresidencevillage.com\/de\/","name":"Airone Bianco Residence Village","description":"","potentialAction":[{"@type":"SearchAction","target":{"@type":"EntryPoint","urlTemplate":"https:\/\/www.aironebiancoresidencevillage.com\/de\/?s={search_term_string}"},"query-input":"required name=search_term_string"}],"inLanguage":"de-DE"}]}},"acf":[],"_links":{"self":[{"href":"https:\/\/www.aironebiancoresidencevillage.com\/de\/wp-json\/wp\/v2\/pages\/754"}],"collection":[{"href":"https:\/\/www.aironebiancoresidencevillage.com\/de\/wp-json\/wp\/v2\/pages"}],"about":[{"href":"https:\/\/www.aironebiancoresidencevillage.com\/de\/wp-json\/wp\/v2\/types\/page"}],"author":[{"embeddable":true,"href":"https:\/\/www.aironebiancoresidencevillage.com\/de\/wp-json\/wp\/v2\/users\/13"}],"replies":[{"embeddable":true,"href":"https:\/\/www.aironebiancoresidencevillage.com\/de\/wp-json\/wp\/v2\/comments?post=754"}],"version-history":[{"count":0,"href":"https:\/\/www.aironebiancoresidencevillage.com\/de\/wp-json\/wp\/v2\/pages\/754\/revisions"}],"up":[{"embeddable":true,"href":"https:\/\/www.aironebiancoresidencevillage.com\/de\/wp-json\/wp\/v2\/pages\/656"}],"wp:attachment":[{"href":"https:\/\/www.aironebiancoresidencevillage.com\/de\/wp-json\/wp\/v2\/media?parent=754"}],"curies":[{"name":"wp","href":"https:\/\/api.w.org\/{rel}","templated":true}]}}