   {"id":738,"date":"2025-01-24T16:05:45","date_gmt":"2025-01-24T16:05:45","guid":{"rendered":"https:\/\/www.aironebiancoresidencevillage.com\/?page_id=738"},"modified":"2025-03-12T14:43:49","modified_gmt":"2025-03-12T14:43:49","slug":"urlaub-mit-vierbeinigen-freunden","status":"publish","type":"page","link":"https:\/\/www.aironebiancoresidencevillage.com\/de\/ihren-urlaub\/urlaub-mit-vierbeinigen-freunden\/","title":{"rendered":"Urlaub mit vierbeinigen Freunden"},"content":{"rendered":"<p>Erleben Sie einen unvergesslichen Urlaub mit Ihrem treuen vierbeinigen Freund! Unser Campingplatz ist bereit, Sie und Ihren Hund willkommen zu hei\u00dfen, und bietet Ihnen einen haustierfreundlichen Service, der f\u00fcr das Wohlbefinden aller sorgt. Von den Unterk\u00fcnften bis hin zu den Stellpl\u00e4tzen ist jedes Detail darauf ausgerichtet, Ihnen einen komfortablen und angenehmen Aufenthalt zu erm\u00f6glichen. Denn auch sie haben einen Urlaub verdient!<\/p>\n","protected":false},"excerpt":{"rendered":"<p>Erleben Sie einen unvergesslichen Urlaub mit Ihrem treuen vierbeinigen Freund! Unser Campingplatz ist bereit, Sie und Ihren Hund willkommen zu hei\u00dfen, und bietet Ihnen einen haustierfreundlichen Service, der f\u00fcr das Wohlbefinden aller sorgt. Von den Unterk\u00fcnften bis hin zu den Stellpl\u00e4tzen ist jedes Detail darauf ausgerichtet, Ihnen einen komfortablen und angenehmen Aufenthalt zu erm\u00f6glichen. Denn [&hellip;]<\/p>\n","protected":false},"author":13,"featured_media":0,"parent":657,"menu_order":35,"comment_status":"closed","ping_status":"closed","template":"template-your-holiday.php","meta":{"footnotes":""},"class_list":["post-738","page","type-page","status-publish","hentry"],"yoast_head":"<!-- This site is optimized with the Yoast SEO plugin v27.3 - https:\/\/yoast.com\/product\/yoast-seo-wordpress\/ -->\n<title>Urlaub mit vierbeinigen Freunden - Airone Bianco Residence Village -<\/title>\n<meta name=\"description\" content=\"Erleben Sie einen unvergesslichen Urlaub mit Ihrem treuen vierbeinigen Freund! Unser Campingplatz ist bereit, Sie und Ihren Hund willkommen zu hei\u00dfen, und bietet Ihnen einen haustierfreundlichen Service, der f\u00fcr das Wohlbefinden aller sorgt. Von den Unterk\u00fcnften bis hin zu den Stellpl\u00e4tzen ist jedes Detail darauf ausgerichtet, Ihnen einen komfortablen und angenehmen Aufenthalt zu erm\u00f6glichen\" \/>\n<meta name=\"robots\" content=\"index, follow, max-snippet:-1, max-image-preview:large, max-video-preview:-1\" \/>\n<link rel=\"canonical\" href=\"https:\/\/www.aironebiancoresidencevillage.com\/de\/ihren-urlaub\/urlaub-mit-vierbeinigen-freunden\/\" \/>\n<meta property=\"og:locale\" content=\"de_DE\" \/>\n<meta property=\"og:type\" content=\"article\" \/>\n<meta property=\"og:title\" content=\"Urlaub mit vierbeinigen Freunden - Airone Bianco Residence Village -\" \/>\n<meta property=\"og:description\" content=\"Erleben Sie einen unvergesslichen Urlaub mit Ihrem treuen vierbeinigen Freund! Unser Campingplatz ist bereit, Sie und Ihren Hund willkommen zu hei\u00dfen, und bietet Ihnen einen haustierfreundlichen Service, der f\u00fcr das Wohlbefinden aller sorgt. Von den Unterk\u00fcnften bis hin zu den Stellpl\u00e4tzen ist jedes Detail darauf ausgerichtet, Ihnen einen komfortablen und angenehmen Aufenthalt zu erm\u00f6glichen\" \/>\n<meta property=\"og:url\" content=\"https:\/\/www.aironebiancoresidencevillage.com\/de\/ihren-urlaub\/urlaub-mit-vierbeinigen-freunden\/\" \/>\n<meta property=\"og:site_name\" content=\"Airone Bianco Residence Village\" \/>\n<meta property=\"article:publisher\" content=\"https:\/\/www.facebook.com\/tomasitourism\/\" \/>\n<meta property=\"article:modified_time\" content=\"2025-03-12T14:43:49+00:00\" \/>\n<meta property=\"og:image\" content=\"https:\/\/www.aironebiancoresidencevillage.com\/wp-content\/uploads\/sites\/201\/2025\/01\/airone_bianco_home_slide_01.jpg\" \/>\n\t<meta property=\"og:image:width\" content=\"2200\" \/>\n\t<meta property=\"og:image:height\" content=\"1200\" \/>\n\t<meta property=\"og:image:type\" content=\"image\/jpeg\" \/>\n<meta name=\"twitter:card\" content=\"summary_large_image\" \/>\n<meta name=\"twitter:label1\" content=\"Gesch\u00e4tzte Lesezeit\" \/>\n\t<meta name=\"twitter:data1\" content=\"1 Minute\" \/>\n<script type=\"application\/ld+json\" class=\"yoast-schema-graph\">{\"@context\":\"https:\\\/\\\/schema.org\",\"@graph\":[{\"@type\":\"WebPage\",\"@id\":\"https:\\\/\\\/www.aironebiancoresidencevillage.com\\\/de\\\/ihren-urlaub\\\/urlaub-mit-vierbeinigen-freunden\\\/\",\"url\":\"https:\\\/\\\/www.aironebiancoresidencevillage.com\\\/de\\\/ihren-urlaub\\\/urlaub-mit-vierbeinigen-freunden\\\/\",\"name\":\"Urlaub mit vierbeinigen Freunden - Airone Bianco Residence Village -\",\"isPartOf\":{\"@id\":\"https:\\\/\\\/www.aironebiancoresidencevillage.com\\\/de\\\/#website\"},\"datePublished\":\"2025-01-24T16:05:45+00:00\",\"dateModified\":\"2025-03-12T14:43:49+00:00\",\"description\":\"Erleben Sie einen unvergesslichen Urlaub mit Ihrem treuen vierbeinigen Freund! Unser Campingplatz ist bereit, Sie und Ihren Hund willkommen zu hei\u00dfen, und bietet Ihnen einen haustierfreundlichen Service, der f\u00fcr das Wohlbefinden aller sorgt. Von den Unterk\u00fcnften bis hin zu den Stellpl\u00e4tzen ist jedes Detail darauf ausgerichtet, Ihnen einen komfortablen und angenehmen Aufenthalt zu erm\u00f6glichen\",\"breadcrumb\":{\"@id\":\"https:\\\/\\\/www.aironebiancoresidencevillage.com\\\/de\\\/ihren-urlaub\\\/urlaub-mit-vierbeinigen-freunden\\\/#breadcrumb\"},\"inLanguage\":\"de-DE\",\"potentialAction\":[{\"@type\":\"ReadAction\",\"target\":[\"https:\\\/\\\/www.aironebiancoresidencevillage.com\\\/de\\\/ihren-urlaub\\\/urlaub-mit-vierbeinigen-freunden\\\/\"]}]},{\"@type\":\"BreadcrumbList\",\"@id\":\"https:\\\/\\\/www.aironebiancoresidencevillage.com\\\/de\\\/ihren-urlaub\\\/urlaub-mit-vierbeinigen-freunden\\\/#breadcrumb\",\"itemListElement\":[{\"@type\":\"ListItem\",\"position\":1,\"name\":\"Home\",\"item\":\"https:\\\/\\\/www.aironebiancoresidencevillage.com\\\/de\\\/\"},{\"@type\":\"ListItem\",\"position\":2,\"name\":\"Ihren Urlaub\",\"item\":\"https:\\\/\\\/www.aironebiancoresidencevillage.com\\\/de\\\/ihren-urlaub\\\/\"},{\"@type\":\"ListItem\",\"position\":3,\"name\":\"Urlaub mit vierbeinigen Freunden\"}]},{\"@type\":\"WebSite\",\"@id\":\"https:\\\/\\\/www.aironebiancoresidencevillage.com\\\/de\\\/#website\",\"url\":\"https:\\\/\\\/www.aironebiancoresidencevillage.com\\\/de\\\/\",\"name\":\"Airone Bianco Residence Village\",\"description\":\"\",\"potentialAction\":[{\"@type\":\"SearchAction\",\"target\":{\"@type\":\"EntryPoint\",\"urlTemplate\":\"https:\\\/\\\/www.aironebiancoresidencevillage.com\\\/de\\\/?s={search_term_string}\"},\"query-input\":{\"@type\":\"PropertyValueSpecification\",\"valueRequired\":true,\"valueName\":\"search_term_string\"}}],\"inLanguage\":\"de-DE\"}]}<\/script>\n<!-- \/ Yoast SEO plugin. -->","yoast_head_json":{"title":"Urlaub mit vierbeinigen Freunden - Airone Bianco Residence Village -","description":"Erleben Sie einen unvergesslichen Urlaub mit Ihrem treuen vierbeinigen Freund! Unser Campingplatz ist bereit, Sie und Ihren Hund willkommen zu hei\u00dfen, und bietet Ihnen einen haustierfreundlichen Service, der f\u00fcr das Wohlbefinden aller sorgt. Von den Unterk\u00fcnften bis hin zu den Stellpl\u00e4tzen ist jedes Detail darauf ausgerichtet, Ihnen einen komfortablen und angenehmen Aufenthalt zu erm\u00f6glichen","robots":{"index":"index","follow":"follow","max-snippet":"max-snippet:-1","max-image-preview":"max-image-preview:large","max-video-preview":"max-video-preview:-1"},"canonical":"https:\/\/www.aironebiancoresidencevillage.com\/de\/ihren-urlaub\/urlaub-mit-vierbeinigen-freunden\/","og_locale":"de_DE","og_type":"article","og_title":"Urlaub mit vierbeinigen Freunden - Airone Bianco Residence Village -","og_description":"Erleben Sie einen unvergesslichen Urlaub mit Ihrem treuen vierbeinigen Freund! Unser Campingplatz ist bereit, Sie und Ihren Hund willkommen zu hei\u00dfen, und bietet Ihnen einen haustierfreundlichen Service, der f\u00fcr das Wohlbefinden aller sorgt. Von den Unterk\u00fcnften bis hin zu den Stellpl\u00e4tzen ist jedes Detail darauf ausgerichtet, Ihnen einen komfortablen und angenehmen Aufenthalt zu erm\u00f6glichen","og_url":"https:\/\/www.aironebiancoresidencevillage.com\/de\/ihren-urlaub\/urlaub-mit-vierbeinigen-freunden\/","og_site_name":"Airone Bianco Residence Village","article_publisher":"https:\/\/www.facebook.com\/tomasitourism\/","article_modified_time":"2025-03-12T14:43:49+00:00","og_image":[{"width":2200,"height":1200,"url":"https:\/\/www.aironebiancoresidencevillage.com\/wp-content\/uploads\/sites\/201\/2025\/01\/airone_bianco_home_slide_01.jpg","type":"image\/jpeg"}],"twitter_card":"summary_large_image","twitter_misc":{"Gesch\u00e4tzte Lesezeit":"1 Minute"},"schema":{"@context":"https:\/\/schema.org","@graph":[{"@type":"WebPage","@id":"https:\/\/www.aironebiancoresidencevillage.com\/de\/ihren-urlaub\/urlaub-mit-vierbeinigen-freunden\/","url":"https:\/\/www.aironebiancoresidencevillage.com\/de\/ihren-urlaub\/urlaub-mit-vierbeinigen-freunden\/","name":"Urlaub mit vierbeinigen Freunden - Airone Bianco Residence Village -","isPartOf":{"@id":"https:\/\/www.aironebiancoresidencevillage.com\/de\/#website"},"datePublished":"2025-01-24T16:05:45+00:00","dateModified":"2025-03-12T14:43:49+00:00","description":"Erleben Sie einen unvergesslichen Urlaub mit Ihrem treuen vierbeinigen Freund! Unser Campingplatz ist bereit, Sie und Ihren Hund willkommen zu hei\u00dfen, und bietet Ihnen einen haustierfreundlichen Service, der f\u00fcr das Wohlbefinden aller sorgt. Von den Unterk\u00fcnften bis hin zu den Stellpl\u00e4tzen ist jedes Detail darauf ausgerichtet, Ihnen einen komfortablen und angenehmen Aufenthalt zu erm\u00f6glichen","breadcrumb":{"@id":"https:\/\/www.aironebiancoresidencevillage.com\/de\/ihren-urlaub\/urlaub-mit-vierbeinigen-freunden\/#breadcrumb"},"inLanguage":"de-DE","potentialAction":[{"@type":"ReadAction","target":["https:\/\/www.aironebiancoresidencevillage.com\/de\/ihren-urlaub\/urlaub-mit-vierbeinigen-freunden\/"]}]},{"@type":"BreadcrumbList","@id":"https:\/\/www.aironebiancoresidencevillage.com\/de\/ihren-urlaub\/urlaub-mit-vierbeinigen-freunden\/#breadcrumb","itemListElement":[{"@type":"ListItem","position":1,"name":"Home","item":"https:\/\/www.aironebiancoresidencevillage.com\/de\/"},{"@type":"ListItem","position":2,"name":"Ihren Urlaub","item":"https:\/\/www.aironebiancoresidencevillage.com\/de\/ihren-urlaub\/"},{"@type":"ListItem","position":3,"name":"Urlaub mit vierbeinigen Freunden"}]},{"@type":"WebSite","@id":"https:\/\/www.aironebiancoresidencevillage.com\/de\/#website","url":"https:\/\/www.aironebiancoresidencevillage.com\/de\/","name":"Airone Bianco Residence Village","description":"","potentialAction":[{"@type":"SearchAction","target":{"@type":"EntryPoint","urlTemplate":"https:\/\/www.aironebiancoresidencevillage.com\/de\/?s={search_term_string}"},"query-input":{"@type":"PropertyValueSpecification","valueRequired":true,"valueName":"search_term_string"}}],"inLanguage":"de-DE"}]}},"acf":[],"_links":{"self":[{"href":"https:\/\/www.aironebiancoresidencevillage.com\/de\/wp-json\/wp\/v2\/pages\/738","targetHints":{"allow":["GET"]}}],"collection":[{"href":"https:\/\/www.aironebiancoresidencevillage.com\/de\/wp-json\/wp\/v2\/pages"}],"about":[{"href":"https:\/\/www.aironebiancoresidencevillage.com\/de\/wp-json\/wp\/v2\/types\/page"}],"author":[{"embeddable":true,"href":"https:\/\/www.aironebiancoresidencevillage.com\/de\/wp-json\/wp\/v2\/users\/13"}],"replies":[{"embeddable":true,"href":"https:\/\/www.aironebiancoresidencevillage.com\/de\/wp-json\/wp\/v2\/comments?post=738"}],"version-history":[{"count":0,"href":"https:\/\/www.aironebiancoresidencevillage.com\/de\/wp-json\/wp\/v2\/pages\/738\/revisions"}],"up":[{"embeddable":true,"href":"https:\/\/www.aironebiancoresidencevillage.com\/de\/wp-json\/wp\/v2\/pages\/657"}],"wp:attachment":[{"href":"https:\/\/www.aironebiancoresidencevillage.com\/de\/wp-json\/wp\/v2\/media?parent=738"}],"curies":[{"name":"wp","href":"https:\/\/api.w.org\/{rel}","templated":true}]}}