   {"id":644,"date":"2025-01-20T11:35:47","date_gmt":"2025-01-20T11:35:47","guid":{"rendered":"https:\/\/www.aironebiancoresidencevillage.com\/?page_id=644"},"modified":"2025-03-17T15:18:29","modified_gmt":"2025-03-17T15:18:29","slug":"suite-adriatica","status":"publish","type":"page","link":"https:\/\/www.aironebiancoresidencevillage.com\/de\/bungalow-dependance\/suite-adriatica\/","title":{"rendered":"Suite Adriatica"},"content":{"rendered":"<p>Die Suite Adriatica ist ein unabh\u00e4ngiges, ger\u00e4umiges und sch\u00f6nes Ferienhaus.<br \/>\nEs besteht aus einem Wohnzimmer mit Kochnische und Schlafsofa, zwei Schlafzimmer, zwei B\u00e4der und einen Abstellraum.<br \/>\nDie sch\u00f6ne Suite Adriatica ist auf zwei Ebenen und verf\u00fcgt \u00fcber einen gro\u00dfen Garten mit einer privaten Veranda und Grill.<br \/>\nEine echte SommerResidence f\u00fcr den Urlaub in Lido delle Nazioni, unter der Sonne der Lidi di Comacchio.<\/p>\n<p>&nbsp;<\/p>\n<p>Haustiere sind willkommen.<\/p>\n","protected":false},"excerpt":{"rendered":"<p>Die Suite Adriatica ist ein unabh\u00e4ngiges, ger\u00e4umiges und sch\u00f6nes Ferienhaus. Es besteht aus einem Wohnzimmer mit Kochnische und Schlafsofa, zwei Schlafzimmer, zwei B\u00e4der und einen Abstellraum. Die sch\u00f6ne Suite Adriatica ist auf zwei Ebenen und verf\u00fcgt \u00fcber einen gro\u00dfen Garten mit einer privaten Veranda und Grill. Eine echte SommerResidence f\u00fcr den Urlaub in Lido delle [&hellip;]<\/p>\n","protected":false},"author":13,"featured_media":0,"parent":634,"menu_order":25,"comment_status":"closed","ping_status":"closed","template":"template-room.php","meta":{"footnotes":""},"class_list":["post-644","page","type-page","status-publish","hentry"],"yoast_head":"<!-- This site is optimized with the Yoast SEO plugin v27.3 - https:\/\/yoast.com\/product\/yoast-seo-wordpress\/ -->\n<title>Suite Adriatica - Airone Bianco Residence Village -<\/title>\n<meta name=\"description\" content=\"Die Suite Adriatica ist ein unabh\u00e4ngiges, ger\u00e4umiges und sch\u00f6nes Ferienhaus. Es besteht aus einem Wohnzimmer mit Kochnische und Schlafsofa, zwei Schlafzimmer, zwei B\u00e4der und einen Abstellraum. Die sch\u00f6ne Suite Adriatica ist auf zwei Ebenen und verf\u00fcgt \u00fcber einen gro\u00dfen Garten mit einer privaten Veranda und Grill. Eine echte SommerResidence f\u00fcr den Urlaub in Lido delle Nazioni, unter der Sonne der Lidi di Comacchio.  &nbsp;  Haustiere sind willkommen..\" \/>\n<meta name=\"robots\" content=\"index, follow, max-snippet:-1, max-image-preview:large, max-video-preview:-1\" \/>\n<link rel=\"canonical\" href=\"https:\/\/www.aironebiancoresidencevillage.com\/de\/bungalow-dependance\/suite-adriatica\/\" \/>\n<meta property=\"og:locale\" content=\"de_DE\" \/>\n<meta property=\"og:type\" content=\"article\" \/>\n<meta property=\"og:title\" content=\"Suite Adriatica - Airone Bianco Residence Village -\" \/>\n<meta property=\"og:description\" content=\"Die Suite Adriatica ist ein unabh\u00e4ngiges, ger\u00e4umiges und sch\u00f6nes Ferienhaus. Es besteht aus einem Wohnzimmer mit Kochnische und Schlafsofa, zwei Schlafzimmer, zwei B\u00e4der und einen Abstellraum. Die sch\u00f6ne Suite Adriatica ist auf zwei Ebenen und verf\u00fcgt \u00fcber einen gro\u00dfen Garten mit einer privaten Veranda und Grill. Eine echte SommerResidence f\u00fcr den Urlaub in Lido delle Nazioni, unter der Sonne der Lidi di Comacchio.  &nbsp;  Haustiere sind willkommen..\" \/>\n<meta property=\"og:url\" content=\"https:\/\/www.aironebiancoresidencevillage.com\/de\/bungalow-dependance\/suite-adriatica\/\" \/>\n<meta property=\"og:site_name\" content=\"Airone Bianco Residence Village\" \/>\n<meta property=\"article:publisher\" content=\"https:\/\/www.facebook.com\/tomasitourism\/\" \/>\n<meta property=\"article:modified_time\" content=\"2025-03-17T15:18:29+00:00\" \/>\n<meta property=\"og:image\" content=\"https:\/\/www.aironebiancoresidencevillage.com\/wp-content\/uploads\/sites\/201\/2025\/01\/airone_bianco_home_slide_01.jpg\" \/>\n\t<meta property=\"og:image:width\" content=\"2200\" \/>\n\t<meta property=\"og:image:height\" content=\"1200\" \/>\n\t<meta property=\"og:image:type\" content=\"image\/jpeg\" \/>\n<meta name=\"twitter:card\" content=\"summary_large_image\" \/>\n<meta name=\"twitter:label1\" content=\"Gesch\u00e4tzte Lesezeit\" \/>\n\t<meta name=\"twitter:data1\" content=\"1 Minute\" \/>\n<script type=\"application\/ld+json\" class=\"yoast-schema-graph\">{\"@context\":\"https:\\\/\\\/schema.org\",\"@graph\":[{\"@type\":\"WebPage\",\"@id\":\"https:\\\/\\\/www.aironebiancoresidencevillage.com\\\/de\\\/bungalow-dependance\\\/suite-adriatica\\\/\",\"url\":\"https:\\\/\\\/www.aironebiancoresidencevillage.com\\\/de\\\/bungalow-dependance\\\/suite-adriatica\\\/\",\"name\":\"Suite Adriatica - Airone Bianco Residence Village -\",\"isPartOf\":{\"@id\":\"https:\\\/\\\/www.aironebiancoresidencevillage.com\\\/de\\\/#website\"},\"datePublished\":\"2025-01-20T11:35:47+00:00\",\"dateModified\":\"2025-03-17T15:18:29+00:00\",\"description\":\"Die Suite Adriatica ist ein unabh\u00e4ngiges, ger\u00e4umiges und sch\u00f6nes Ferienhaus. Es besteht aus einem Wohnzimmer mit Kochnische und Schlafsofa, zwei Schlafzimmer, zwei B\u00e4der und einen Abstellraum. Die sch\u00f6ne Suite Adriatica ist auf zwei Ebenen und verf\u00fcgt \u00fcber einen gro\u00dfen Garten mit einer privaten Veranda und Grill. Eine echte SommerResidence f\u00fcr den Urlaub in Lido delle Nazioni, unter der Sonne der Lidi di Comacchio. &nbsp; Haustiere sind willkommen..\",\"breadcrumb\":{\"@id\":\"https:\\\/\\\/www.aironebiancoresidencevillage.com\\\/de\\\/bungalow-dependance\\\/suite-adriatica\\\/#breadcrumb\"},\"inLanguage\":\"de-DE\",\"potentialAction\":[{\"@type\":\"ReadAction\",\"target\":[\"https:\\\/\\\/www.aironebiancoresidencevillage.com\\\/de\\\/bungalow-dependance\\\/suite-adriatica\\\/\"]}]},{\"@type\":\"BreadcrumbList\",\"@id\":\"https:\\\/\\\/www.aironebiancoresidencevillage.com\\\/de\\\/bungalow-dependance\\\/suite-adriatica\\\/#breadcrumb\",\"itemListElement\":[{\"@type\":\"ListItem\",\"position\":1,\"name\":\"Home\",\"item\":\"https:\\\/\\\/www.aironebiancoresidencevillage.com\\\/de\\\/\"},{\"@type\":\"ListItem\",\"position\":2,\"name\":\"Bungalow &#038; Dependance\",\"item\":\"https:\\\/\\\/www.aironebiancoresidencevillage.com\\\/de\\\/bungalow-dependance\\\/\"},{\"@type\":\"ListItem\",\"position\":3,\"name\":\"Suite Adriatica\"}]},{\"@type\":\"WebSite\",\"@id\":\"https:\\\/\\\/www.aironebiancoresidencevillage.com\\\/de\\\/#website\",\"url\":\"https:\\\/\\\/www.aironebiancoresidencevillage.com\\\/de\\\/\",\"name\":\"Airone Bianco Residence Village\",\"description\":\"\",\"potentialAction\":[{\"@type\":\"SearchAction\",\"target\":{\"@type\":\"EntryPoint\",\"urlTemplate\":\"https:\\\/\\\/www.aironebiancoresidencevillage.com\\\/de\\\/?s={search_term_string}\"},\"query-input\":{\"@type\":\"PropertyValueSpecification\",\"valueRequired\":true,\"valueName\":\"search_term_string\"}}],\"inLanguage\":\"de-DE\"}]}<\/script>\n<!-- \/ Yoast SEO plugin. -->","yoast_head_json":{"title":"Suite Adriatica - Airone Bianco Residence Village -","description":"Die Suite Adriatica ist ein unabh\u00e4ngiges, ger\u00e4umiges und sch\u00f6nes Ferienhaus. Es besteht aus einem Wohnzimmer mit Kochnische und Schlafsofa, zwei Schlafzimmer, zwei B\u00e4der und einen Abstellraum. Die sch\u00f6ne Suite Adriatica ist auf zwei Ebenen und verf\u00fcgt \u00fcber einen gro\u00dfen Garten mit einer privaten Veranda und Grill. Eine echte SommerResidence f\u00fcr den Urlaub in Lido delle Nazioni, unter der Sonne der Lidi di Comacchio.  &nbsp;  Haustiere sind willkommen..","robots":{"index":"index","follow":"follow","max-snippet":"max-snippet:-1","max-image-preview":"max-image-preview:large","max-video-preview":"max-video-preview:-1"},"canonical":"https:\/\/www.aironebiancoresidencevillage.com\/de\/bungalow-dependance\/suite-adriatica\/","og_locale":"de_DE","og_type":"article","og_title":"Suite Adriatica - Airone Bianco Residence Village -","og_description":"Die Suite Adriatica ist ein unabh\u00e4ngiges, ger\u00e4umiges und sch\u00f6nes Ferienhaus. Es besteht aus einem Wohnzimmer mit Kochnische und Schlafsofa, zwei Schlafzimmer, zwei B\u00e4der und einen Abstellraum. Die sch\u00f6ne Suite Adriatica ist auf zwei Ebenen und verf\u00fcgt \u00fcber einen gro\u00dfen Garten mit einer privaten Veranda und Grill. Eine echte SommerResidence f\u00fcr den Urlaub in Lido delle Nazioni, unter der Sonne der Lidi di Comacchio.  &nbsp;  Haustiere sind willkommen..","og_url":"https:\/\/www.aironebiancoresidencevillage.com\/de\/bungalow-dependance\/suite-adriatica\/","og_site_name":"Airone Bianco Residence Village","article_publisher":"https:\/\/www.facebook.com\/tomasitourism\/","article_modified_time":"2025-03-17T15:18:29+00:00","og_image":[{"width":2200,"height":1200,"url":"https:\/\/www.aironebiancoresidencevillage.com\/wp-content\/uploads\/sites\/201\/2025\/01\/airone_bianco_home_slide_01.jpg","type":"image\/jpeg"}],"twitter_card":"summary_large_image","twitter_misc":{"Gesch\u00e4tzte Lesezeit":"1 Minute"},"schema":{"@context":"https:\/\/schema.org","@graph":[{"@type":"WebPage","@id":"https:\/\/www.aironebiancoresidencevillage.com\/de\/bungalow-dependance\/suite-adriatica\/","url":"https:\/\/www.aironebiancoresidencevillage.com\/de\/bungalow-dependance\/suite-adriatica\/","name":"Suite Adriatica - Airone Bianco Residence Village -","isPartOf":{"@id":"https:\/\/www.aironebiancoresidencevillage.com\/de\/#website"},"datePublished":"2025-01-20T11:35:47+00:00","dateModified":"2025-03-17T15:18:29+00:00","description":"Die Suite Adriatica ist ein unabh\u00e4ngiges, ger\u00e4umiges und sch\u00f6nes Ferienhaus. Es besteht aus einem Wohnzimmer mit Kochnische und Schlafsofa, zwei Schlafzimmer, zwei B\u00e4der und einen Abstellraum. Die sch\u00f6ne Suite Adriatica ist auf zwei Ebenen und verf\u00fcgt \u00fcber einen gro\u00dfen Garten mit einer privaten Veranda und Grill. Eine echte SommerResidence f\u00fcr den Urlaub in Lido delle Nazioni, unter der Sonne der Lidi di Comacchio. &nbsp; Haustiere sind willkommen..","breadcrumb":{"@id":"https:\/\/www.aironebiancoresidencevillage.com\/de\/bungalow-dependance\/suite-adriatica\/#breadcrumb"},"inLanguage":"de-DE","potentialAction":[{"@type":"ReadAction","target":["https:\/\/www.aironebiancoresidencevillage.com\/de\/bungalow-dependance\/suite-adriatica\/"]}]},{"@type":"BreadcrumbList","@id":"https:\/\/www.aironebiancoresidencevillage.com\/de\/bungalow-dependance\/suite-adriatica\/#breadcrumb","itemListElement":[{"@type":"ListItem","position":1,"name":"Home","item":"https:\/\/www.aironebiancoresidencevillage.com\/de\/"},{"@type":"ListItem","position":2,"name":"Bungalow &#038; Dependance","item":"https:\/\/www.aironebiancoresidencevillage.com\/de\/bungalow-dependance\/"},{"@type":"ListItem","position":3,"name":"Suite Adriatica"}]},{"@type":"WebSite","@id":"https:\/\/www.aironebiancoresidencevillage.com\/de\/#website","url":"https:\/\/www.aironebiancoresidencevillage.com\/de\/","name":"Airone Bianco Residence Village","description":"","potentialAction":[{"@type":"SearchAction","target":{"@type":"EntryPoint","urlTemplate":"https:\/\/www.aironebiancoresidencevillage.com\/de\/?s={search_term_string}"},"query-input":{"@type":"PropertyValueSpecification","valueRequired":true,"valueName":"search_term_string"}}],"inLanguage":"de-DE"}]}},"acf":[],"_links":{"self":[{"href":"https:\/\/www.aironebiancoresidencevillage.com\/de\/wp-json\/wp\/v2\/pages\/644","targetHints":{"allow":["GET"]}}],"collection":[{"href":"https:\/\/www.aironebiancoresidencevillage.com\/de\/wp-json\/wp\/v2\/pages"}],"about":[{"href":"https:\/\/www.aironebiancoresidencevillage.com\/de\/wp-json\/wp\/v2\/types\/page"}],"author":[{"embeddable":true,"href":"https:\/\/www.aironebiancoresidencevillage.com\/de\/wp-json\/wp\/v2\/users\/13"}],"replies":[{"embeddable":true,"href":"https:\/\/www.aironebiancoresidencevillage.com\/de\/wp-json\/wp\/v2\/comments?post=644"}],"version-history":[{"count":0,"href":"https:\/\/www.aironebiancoresidencevillage.com\/de\/wp-json\/wp\/v2\/pages\/644\/revisions"}],"up":[{"embeddable":true,"href":"https:\/\/www.aironebiancoresidencevillage.com\/de\/wp-json\/wp\/v2\/pages\/634"}],"wp:attachment":[{"href":"https:\/\/www.aironebiancoresidencevillage.com\/de\/wp-json\/wp\/v2\/media?parent=644"}],"curies":[{"name":"wp","href":"https:\/\/api.w.org\/{rel}","templated":true}]}}