   {"id":639,"date":"2025-01-20T11:08:03","date_gmt":"2025-01-20T11:08:03","guid":{"rendered":"https:\/\/www.aironebiancoresidencevillage.com\/?page_id=639"},"modified":"2025-03-17T15:18:20","modified_gmt":"2025-03-17T15:18:20","slug":"bungalow-adriatico-prestige","status":"publish","type":"page","link":"https:\/\/www.aironebiancoresidencevillage.com\/de\/bungalow-dependance\/bungalow-adriatico-prestige\/","title":{"rendered":"Bungalow Adriatico Prestige"},"content":{"rendered":"<p>Bungalow Prestige ist eine Dreizimmerwohnung ideal f\u00fcr Gruppen oder gro\u00dfe Familien im Urlaub in Lido delle Nazioni, einem sch\u00f6nen Ort in der N\u00e4he von Comacchio.<\/p>\n<p>Die Unterkunft besteht aus einem Wohnzimmer mit Kochnische und Schlafsofa, zwei Schlafzimmern und einem Badezimmer.<br \/>\nDer Bungalow Prestige erstreckt sich \u00fcber zwei Etagen und verf\u00fcgt \u00fcber einen Garten, einen privaten Grill und eine gro\u00dfe Terrasse mit Blick auf die Swimmingpools.<\/p>\n<p>&nbsp;<\/p>\n<p>Haustiere sind willkommen.<\/p>\n","protected":false},"excerpt":{"rendered":"<p>Bungalow Prestige ist eine Dreizimmerwohnung ideal f\u00fcr Gruppen oder gro\u00dfe Familien im Urlaub in Lido delle Nazioni, einem sch\u00f6nen Ort in der N\u00e4he von Comacchio. Die Unterkunft besteht aus einem Wohnzimmer mit Kochnische und Schlafsofa, zwei Schlafzimmern und einem Badezimmer. Der Bungalow Prestige erstreckt sich \u00fcber zwei Etagen und verf\u00fcgt \u00fcber einen Garten, einen privaten [&hellip;]<\/p>\n","protected":false},"author":13,"featured_media":0,"parent":634,"menu_order":15,"comment_status":"closed","ping_status":"closed","template":"template-room.php","meta":{"footnotes":""},"yoast_head":"<!-- This site is optimized with the Yoast SEO plugin v22.3 - https:\/\/yoast.com\/wordpress\/plugins\/seo\/ -->\n<title>Bungalow Adriatico Prestige - Airone Bianco Residence Village -<\/title>\n<meta name=\"description\" content=\"Bungalow Prestige ist eine Dreizimmerwohnung ideal f\u00fcr Gruppen oder gro\u00dfe Familien im Urlaub in Lido delle Nazioni, einem sch\u00f6nen Ort in der N\u00e4he von Comacchio.  Die Unterkunft besteht aus einem Wohnzimmer mit Kochnische und Schlafsofa, zwei Schlafzimmern und einem Badezimmer. Der Bungalow Prestige erstreckt sich \u00fcber zwei Etagen und verf\u00fcgt \u00fcber einen Garten, einen privaten Grill und eine gro\u00dfe Terrasse mit Blick auf die Swimmingpools.  &nbsp;  Haustiere sind willkommen..\" \/>\n<meta name=\"robots\" content=\"index, follow, max-snippet:-1, max-image-preview:large, max-video-preview:-1\" \/>\n<link rel=\"canonical\" href=\"https:\/\/www.aironebiancoresidencevillage.com\/de\/bungalow-dependance\/bungalow-adriatico-prestige\/\" \/>\n<meta property=\"og:locale\" content=\"de_DE\" \/>\n<meta property=\"og:type\" content=\"article\" \/>\n<meta property=\"og:title\" content=\"Bungalow Adriatico Prestige - Airone Bianco Residence Village -\" \/>\n<meta property=\"og:description\" content=\"Bungalow Prestige ist eine Dreizimmerwohnung ideal f\u00fcr Gruppen oder gro\u00dfe Familien im Urlaub in Lido delle Nazioni, einem sch\u00f6nen Ort in der N\u00e4he von Comacchio.  Die Unterkunft besteht aus einem Wohnzimmer mit Kochnische und Schlafsofa, zwei Schlafzimmern und einem Badezimmer. Der Bungalow Prestige erstreckt sich \u00fcber zwei Etagen und verf\u00fcgt \u00fcber einen Garten, einen privaten Grill und eine gro\u00dfe Terrasse mit Blick auf die Swimmingpools.  &nbsp;  Haustiere sind willkommen..\" \/>\n<meta property=\"og:url\" content=\"https:\/\/www.aironebiancoresidencevillage.com\/de\/bungalow-dependance\/bungalow-adriatico-prestige\/\" \/>\n<meta property=\"og:site_name\" content=\"Airone Bianco Residence Village\" \/>\n<meta property=\"article:publisher\" content=\"https:\/\/www.facebook.com\/tomasitourism\/\" \/>\n<meta property=\"article:modified_time\" content=\"2025-03-17T15:18:20+00:00\" \/>\n<meta property=\"og:image\" content=\"https:\/\/www.aironebiancoresidencevillage.com\/wp-content\/uploads\/sites\/201\/2025\/01\/airone_bianco_home_slide_01.jpg\" \/>\n\t<meta property=\"og:image:width\" content=\"2200\" \/>\n\t<meta property=\"og:image:height\" content=\"1200\" \/>\n\t<meta property=\"og:image:type\" content=\"image\/jpeg\" \/>\n<meta name=\"twitter:card\" content=\"summary_large_image\" \/>\n<meta name=\"twitter:label1\" content=\"Gesch\u00e4tzte Lesezeit\" \/>\n\t<meta name=\"twitter:data1\" content=\"1 Minute\" \/>\n<script type=\"application\/ld+json\" class=\"yoast-schema-graph\">{\"@context\":\"https:\/\/schema.org\",\"@graph\":[{\"@type\":\"WebPage\",\"@id\":\"https:\/\/www.aironebiancoresidencevillage.com\/de\/bungalow-dependance\/bungalow-adriatico-prestige\/\",\"url\":\"https:\/\/www.aironebiancoresidencevillage.com\/de\/bungalow-dependance\/bungalow-adriatico-prestige\/\",\"name\":\"Bungalow Adriatico Prestige - Airone Bianco Residence Village -\",\"isPartOf\":{\"@id\":\"https:\/\/www.aironebiancoresidencevillage.com\/de\/#website\"},\"datePublished\":\"2025-01-20T11:08:03+00:00\",\"dateModified\":\"2025-03-17T15:18:20+00:00\",\"description\":\"Bungalow Prestige ist eine Dreizimmerwohnung ideal f\u00fcr Gruppen oder gro\u00dfe Familien im Urlaub in Lido delle Nazioni, einem sch\u00f6nen Ort in der N\u00e4he von Comacchio. Die Unterkunft besteht aus einem Wohnzimmer mit Kochnische und Schlafsofa, zwei Schlafzimmern und einem Badezimmer. Der Bungalow Prestige erstreckt sich \u00fcber zwei Etagen und verf\u00fcgt \u00fcber einen Garten, einen privaten Grill und eine gro\u00dfe Terrasse mit Blick auf die Swimmingpools. &nbsp; Haustiere sind willkommen..\",\"breadcrumb\":{\"@id\":\"https:\/\/www.aironebiancoresidencevillage.com\/de\/bungalow-dependance\/bungalow-adriatico-prestige\/#breadcrumb\"},\"inLanguage\":\"de-DE\",\"potentialAction\":[{\"@type\":\"ReadAction\",\"target\":[\"https:\/\/www.aironebiancoresidencevillage.com\/de\/bungalow-dependance\/bungalow-adriatico-prestige\/\"]}]},{\"@type\":\"BreadcrumbList\",\"@id\":\"https:\/\/www.aironebiancoresidencevillage.com\/de\/bungalow-dependance\/bungalow-adriatico-prestige\/#breadcrumb\",\"itemListElement\":[{\"@type\":\"ListItem\",\"position\":1,\"name\":\"Home\",\"item\":\"https:\/\/www.aironebiancoresidencevillage.com\/de\/\"},{\"@type\":\"ListItem\",\"position\":2,\"name\":\"Bungalow &#038; Dependance\",\"item\":\"https:\/\/www.aironebiancoresidencevillage.com\/de\/bungalow-dependance\/\"},{\"@type\":\"ListItem\",\"position\":3,\"name\":\"Bungalow Adriatico Prestige\"}]},{\"@type\":\"WebSite\",\"@id\":\"https:\/\/www.aironebiancoresidencevillage.com\/de\/#website\",\"url\":\"https:\/\/www.aironebiancoresidencevillage.com\/de\/\",\"name\":\"Airone Bianco Residence Village\",\"description\":\"\",\"potentialAction\":[{\"@type\":\"SearchAction\",\"target\":{\"@type\":\"EntryPoint\",\"urlTemplate\":\"https:\/\/www.aironebiancoresidencevillage.com\/de\/?s={search_term_string}\"},\"query-input\":\"required name=search_term_string\"}],\"inLanguage\":\"de-DE\"}]}<\/script>\n<!-- \/ Yoast SEO plugin. -->","yoast_head_json":{"title":"Bungalow Adriatico Prestige - Airone Bianco Residence Village -","description":"Bungalow Prestige ist eine Dreizimmerwohnung ideal f\u00fcr Gruppen oder gro\u00dfe Familien im Urlaub in Lido delle Nazioni, einem sch\u00f6nen Ort in der N\u00e4he von Comacchio.  Die Unterkunft besteht aus einem Wohnzimmer mit Kochnische und Schlafsofa, zwei Schlafzimmern und einem Badezimmer. Der Bungalow Prestige erstreckt sich \u00fcber zwei Etagen und verf\u00fcgt \u00fcber einen Garten, einen privaten Grill und eine gro\u00dfe Terrasse mit Blick auf die Swimmingpools.  &nbsp;  Haustiere sind willkommen..","robots":{"index":"index","follow":"follow","max-snippet":"max-snippet:-1","max-image-preview":"max-image-preview:large","max-video-preview":"max-video-preview:-1"},"canonical":"https:\/\/www.aironebiancoresidencevillage.com\/de\/bungalow-dependance\/bungalow-adriatico-prestige\/","og_locale":"de_DE","og_type":"article","og_title":"Bungalow Adriatico Prestige - Airone Bianco Residence Village -","og_description":"Bungalow Prestige ist eine Dreizimmerwohnung ideal f\u00fcr Gruppen oder gro\u00dfe Familien im Urlaub in Lido delle Nazioni, einem sch\u00f6nen Ort in der N\u00e4he von Comacchio.  Die Unterkunft besteht aus einem Wohnzimmer mit Kochnische und Schlafsofa, zwei Schlafzimmern und einem Badezimmer. Der Bungalow Prestige erstreckt sich \u00fcber zwei Etagen und verf\u00fcgt \u00fcber einen Garten, einen privaten Grill und eine gro\u00dfe Terrasse mit Blick auf die Swimmingpools.  &nbsp;  Haustiere sind willkommen..","og_url":"https:\/\/www.aironebiancoresidencevillage.com\/de\/bungalow-dependance\/bungalow-adriatico-prestige\/","og_site_name":"Airone Bianco Residence Village","article_publisher":"https:\/\/www.facebook.com\/tomasitourism\/","article_modified_time":"2025-03-17T15:18:20+00:00","og_image":[{"width":2200,"height":1200,"url":"https:\/\/www.aironebiancoresidencevillage.com\/wp-content\/uploads\/sites\/201\/2025\/01\/airone_bianco_home_slide_01.jpg","type":"image\/jpeg"}],"twitter_card":"summary_large_image","twitter_misc":{"Gesch\u00e4tzte Lesezeit":"1 Minute"},"schema":{"@context":"https:\/\/schema.org","@graph":[{"@type":"WebPage","@id":"https:\/\/www.aironebiancoresidencevillage.com\/de\/bungalow-dependance\/bungalow-adriatico-prestige\/","url":"https:\/\/www.aironebiancoresidencevillage.com\/de\/bungalow-dependance\/bungalow-adriatico-prestige\/","name":"Bungalow Adriatico Prestige - Airone Bianco Residence Village -","isPartOf":{"@id":"https:\/\/www.aironebiancoresidencevillage.com\/de\/#website"},"datePublished":"2025-01-20T11:08:03+00:00","dateModified":"2025-03-17T15:18:20+00:00","description":"Bungalow Prestige ist eine Dreizimmerwohnung ideal f\u00fcr Gruppen oder gro\u00dfe Familien im Urlaub in Lido delle Nazioni, einem sch\u00f6nen Ort in der N\u00e4he von Comacchio. Die Unterkunft besteht aus einem Wohnzimmer mit Kochnische und Schlafsofa, zwei Schlafzimmern und einem Badezimmer. Der Bungalow Prestige erstreckt sich \u00fcber zwei Etagen und verf\u00fcgt \u00fcber einen Garten, einen privaten Grill und eine gro\u00dfe Terrasse mit Blick auf die Swimmingpools. &nbsp; Haustiere sind willkommen..","breadcrumb":{"@id":"https:\/\/www.aironebiancoresidencevillage.com\/de\/bungalow-dependance\/bungalow-adriatico-prestige\/#breadcrumb"},"inLanguage":"de-DE","potentialAction":[{"@type":"ReadAction","target":["https:\/\/www.aironebiancoresidencevillage.com\/de\/bungalow-dependance\/bungalow-adriatico-prestige\/"]}]},{"@type":"BreadcrumbList","@id":"https:\/\/www.aironebiancoresidencevillage.com\/de\/bungalow-dependance\/bungalow-adriatico-prestige\/#breadcrumb","itemListElement":[{"@type":"ListItem","position":1,"name":"Home","item":"https:\/\/www.aironebiancoresidencevillage.com\/de\/"},{"@type":"ListItem","position":2,"name":"Bungalow &#038; Dependance","item":"https:\/\/www.aironebiancoresidencevillage.com\/de\/bungalow-dependance\/"},{"@type":"ListItem","position":3,"name":"Bungalow Adriatico Prestige"}]},{"@type":"WebSite","@id":"https:\/\/www.aironebiancoresidencevillage.com\/de\/#website","url":"https:\/\/www.aironebiancoresidencevillage.com\/de\/","name":"Airone Bianco Residence Village","description":"","potentialAction":[{"@type":"SearchAction","target":{"@type":"EntryPoint","urlTemplate":"https:\/\/www.aironebiancoresidencevillage.com\/de\/?s={search_term_string}"},"query-input":"required name=search_term_string"}],"inLanguage":"de-DE"}]}},"acf":[],"_links":{"self":[{"href":"https:\/\/www.aironebiancoresidencevillage.com\/de\/wp-json\/wp\/v2\/pages\/639"}],"collection":[{"href":"https:\/\/www.aironebiancoresidencevillage.com\/de\/wp-json\/wp\/v2\/pages"}],"about":[{"href":"https:\/\/www.aironebiancoresidencevillage.com\/de\/wp-json\/wp\/v2\/types\/page"}],"author":[{"embeddable":true,"href":"https:\/\/www.aironebiancoresidencevillage.com\/de\/wp-json\/wp\/v2\/users\/13"}],"replies":[{"embeddable":true,"href":"https:\/\/www.aironebiancoresidencevillage.com\/de\/wp-json\/wp\/v2\/comments?post=639"}],"version-history":[{"count":0,"href":"https:\/\/www.aironebiancoresidencevillage.com\/de\/wp-json\/wp\/v2\/pages\/639\/revisions"}],"up":[{"embeddable":true,"href":"https:\/\/www.aironebiancoresidencevillage.com\/de\/wp-json\/wp\/v2\/pages\/634"}],"wp:attachment":[{"href":"https:\/\/www.aironebiancoresidencevillage.com\/de\/wp-json\/wp\/v2\/media?parent=639"}],"curies":[{"name":"wp","href":"https:\/\/api.w.org\/{rel}","templated":true}]}}